{"id":551,"date":"2014-11-13T18:18:03","date_gmt":"2014-11-13T18:18:03","guid":{"rendered":"http:\/\/beta.sanremomarathon.it\/?page_id=551"},"modified":"2023-06-05T10:37:47","modified_gmt":"2023-06-05T10:37:47","slug":"faq-2","status":"publish","type":"page","link":"https:\/\/sanremomarathon.it\/fr\/marathon\/faq-2\/","title":{"rendered":"FAQ"},"content":{"rendered":"<h2>Trouvez ici les r\u00e9ponses aux questions les plus fr\u00e9quentes qui nous ont \u00e9t\u00e9 pos\u00e9es \u00e0 propos du Marathon de San Remo | Cycling Riviera Run et des courses associ\u00e9es, la relays 4*10.<\/h2>\n<h3><\/h3>\n<h3>INSCRIPTIONS<\/h3>\n<h4>Y a-t-il des centres\u00a0d&rsquo;inscription habilit\u00e9s ?<\/h4>\n<p>L&rsquo;inscription est possible uniquement en ligne, mais vous pourrez payer par carte de cr\u00e9dit, Paypal (jusqu&rsquo;\u00e0 un jour avant) ou virement bancaire.<\/p>\n<h3>SE D\u00c9PLACER<\/h3>\n<h4>Y a-t-il des navettes pour rejoindre l&rsquo;arriv\u00e9e ?<\/h4>\n<p>Oui,\u00a0un service de navette est pr\u00e9vu de l&rsquo;ancienne gare de San Remo, place Cesare Battisti, jusqu&rsquo;au d\u00e9part de la 10 km et du semi-marathon. Le service est payant et il est possible d&rsquo;acheter votre ticket en ligne.<\/p>\n<h3>Abonnement ENDAS<\/h3>\n<h4>Est-il possible d&rsquo;obtenir l&rsquo;abonnement ENDAS lors de l&rsquo;inscription directe?<\/h4>\n<p>Oui, les athl\u00e8tes peuvent obtenir un abonnement ENDAS \u00e0 travers une inscription directe au stand de l&rsquo;organization.<\/p>\n","protected":false},"excerpt":{"rendered":"<p>Trouvez ici les r\u00e9ponses aux questions les plus fr\u00e9quentes qui nous ont \u00e9t\u00e9 pos\u00e9es \u00e0 propos du Marathon de San Remo | Cycling Riviera Run et des courses associ\u00e9es, la relays 4*10. INSCRIPTIONS Y a-t-il des centres\u00a0d&rsquo;inscription habilit\u00e9s ? L&rsquo;inscription est possible uniquement en ligne, mais vous pourrez payer par carte de cr\u00e9dit, Paypal (jusqu&rsquo;\u00e0 [&hellip;]<\/p>\n","protected":false},"author":1,"featured_media":3946,"parent":467,"menu_order":6,"comment_status":"open","ping_status":"closed","template":"","meta":{"_et_pb_use_builder":"","_et_pb_old_content":"","_et_gb_content_width":"","footnotes":""},"class_list":["post-551","page","type-page","status-publish","has-post-thumbnail","hentry"],"yoast_head":"<!-- This site is optimized with the Yoast SEO plugin v26.6 - https:\/\/yoast.com\/wordpress\/plugins\/seo\/ -->\n<title>FAQ | Sanremo Marathon 06.12.2026<\/title>\n<meta name=\"description\" content=\"FAQ: Trouvez ici les r\u00e9ponses aux questions les plus fr\u00e9quentes concernant le Marathon de San Remo et les courses associ\u00e9es.\" \/>\n<meta name=\"robots\" content=\"index, follow, max-snippet:-1, max-image-preview:large, max-video-preview:-1\" \/>\n<link rel=\"canonical\" href=\"https:\/\/sanremomarathon.it\/fr\/marathon\/faq-2\/\" \/>\n<meta property=\"og:locale\" content=\"fr_FR\" \/>\n<meta property=\"og:type\" content=\"article\" \/>\n<meta property=\"og:title\" content=\"FAQ | Sanremo Marathon 06.12.2026\" \/>\n<meta property=\"og:description\" content=\"FAQ: Trouvez ici les r\u00e9ponses aux questions les plus fr\u00e9quentes concernant le Marathon de San Remo et les courses associ\u00e9es.\" \/>\n<meta property=\"og:url\" content=\"https:\/\/sanremomarathon.it\/fr\/marathon\/faq-2\/\" \/>\n<meta property=\"og:site_name\" content=\"Sanremo Marathon 06.12.2026\" \/>\n<meta property=\"article:modified_time\" content=\"2023-06-05T10:37:47+00:00\" \/>\n<meta property=\"og:image\" content=\"https:\/\/sanremomarathon.it\/wp-content\/uploads\/2021\/06\/1006623179506417664-scaled.jpg\" \/>\n\t<meta property=\"og:image:width\" content=\"2560\" \/>\n\t<meta property=\"og:image:height\" content=\"2560\" \/>\n\t<meta property=\"og:image:type\" content=\"image\/jpeg\" \/>\n<meta name=\"twitter:label1\" content=\"Dur\u00e9e de lecture estim\u00e9e\" \/>\n\t<meta name=\"twitter:data1\" content=\"1 minute\" \/>\n<script type=\"application\/ld+json\" class=\"yoast-schema-graph\">{\"@context\":\"https:\/\/schema.org\",\"@graph\":[{\"@type\":\"WebPage\",\"@id\":\"https:\/\/sanremomarathon.it\/fr\/marathon\/faq-2\/\",\"url\":\"https:\/\/sanremomarathon.it\/fr\/marathon\/faq-2\/\",\"name\":\"FAQ | Sanremo Marathon 06.12.2026\",\"isPartOf\":{\"@id\":\"https:\/\/sanremomarathon.it\/fr\/#website\"},\"primaryImageOfPage\":{\"@id\":\"https:\/\/sanremomarathon.it\/fr\/marathon\/faq-2\/#primaryimage\"},\"image\":{\"@id\":\"https:\/\/sanremomarathon.it\/fr\/marathon\/faq-2\/#primaryimage\"},\"thumbnailUrl\":\"https:\/\/sanremomarathon.it\/wp-content\/uploads\/2021\/06\/1006623179506417664-scaled.jpg\",\"datePublished\":\"2014-11-13T18:18:03+00:00\",\"dateModified\":\"2023-06-05T10:37:47+00:00\",\"description\":\"FAQ: Trouvez ici les r\u00e9ponses aux questions les plus fr\u00e9quentes concernant le Marathon de San Remo et les courses associ\u00e9es.\",\"breadcrumb\":{\"@id\":\"https:\/\/sanremomarathon.it\/fr\/marathon\/faq-2\/#breadcrumb\"},\"inLanguage\":\"fr-FR\",\"potentialAction\":[{\"@type\":\"ReadAction\",\"target\":[\"https:\/\/sanremomarathon.it\/fr\/marathon\/faq-2\/\"]}]},{\"@type\":\"ImageObject\",\"inLanguage\":\"fr-FR\",\"@id\":\"https:\/\/sanremomarathon.it\/fr\/marathon\/faq-2\/#primaryimage\",\"url\":\"https:\/\/sanremomarathon.it\/wp-content\/uploads\/2021\/06\/1006623179506417664-scaled.jpg\",\"contentUrl\":\"https:\/\/sanremomarathon.it\/wp-content\/uploads\/2021\/06\/1006623179506417664-scaled.jpg\",\"width\":2560,\"height\":2560,\"caption\":\"SANREMO MARATHON -FAQ\"},{\"@type\":\"BreadcrumbList\",\"@id\":\"https:\/\/sanremomarathon.it\/fr\/marathon\/faq-2\/#breadcrumb\",\"itemListElement\":[{\"@type\":\"ListItem\",\"position\":1,\"name\":\"Home\",\"item\":\"https:\/\/sanremomarathon.it\/fr\/\"},{\"@type\":\"ListItem\",\"position\":2,\"name\":\"Sanremo Marathon\",\"item\":\"https:\/\/sanremomarathon.it\/fr\/marathon\/\"},{\"@type\":\"ListItem\",\"position\":3,\"name\":\"FAQ\"}]},{\"@type\":\"WebSite\",\"@id\":\"https:\/\/sanremomarathon.it\/fr\/#website\",\"url\":\"https:\/\/sanremomarathon.it\/fr\/\",\"name\":\"Sanremo Marathon 06.12.2026\",\"description\":\"42K | 21K | 10K | 5K | 2.5K | Family Run\",\"potentialAction\":[{\"@type\":\"SearchAction\",\"target\":{\"@type\":\"EntryPoint\",\"urlTemplate\":\"https:\/\/sanremomarathon.it\/fr\/?s={search_term_string}\"},\"query-input\":{\"@type\":\"PropertyValueSpecification\",\"valueRequired\":true,\"valueName\":\"search_term_string\"}}],\"inLanguage\":\"fr-FR\"}]}<\/script>\n<!-- \/ Yoast SEO plugin. -->","yoast_head_json":{"title":"FAQ | Sanremo Marathon 06.12.2026","description":"FAQ: Trouvez ici les r\u00e9ponses aux questions les plus fr\u00e9quentes concernant le Marathon de San Remo et les courses associ\u00e9es.","robots":{"index":"index","follow":"follow","max-snippet":"max-snippet:-1","max-image-preview":"max-image-preview:large","max-video-preview":"max-video-preview:-1"},"canonical":"https:\/\/sanremomarathon.it\/fr\/marathon\/faq-2\/","og_locale":"fr_FR","og_type":"article","og_title":"FAQ | Sanremo Marathon 06.12.2026","og_description":"FAQ: Trouvez ici les r\u00e9ponses aux questions les plus fr\u00e9quentes concernant le Marathon de San Remo et les courses associ\u00e9es.","og_url":"https:\/\/sanremomarathon.it\/fr\/marathon\/faq-2\/","og_site_name":"Sanremo Marathon 06.12.2026","article_modified_time":"2023-06-05T10:37:47+00:00","og_image":[{"width":2560,"height":2560,"url":"https:\/\/sanremomarathon.it\/wp-content\/uploads\/2021\/06\/1006623179506417664-scaled.jpg","type":"image\/jpeg"}],"twitter_misc":{"Dur\u00e9e de lecture estim\u00e9e":"1 minute"},"schema":{"@context":"https:\/\/schema.org","@graph":[{"@type":"WebPage","@id":"https:\/\/sanremomarathon.it\/fr\/marathon\/faq-2\/","url":"https:\/\/sanremomarathon.it\/fr\/marathon\/faq-2\/","name":"FAQ | Sanremo Marathon 06.12.2026","isPartOf":{"@id":"https:\/\/sanremomarathon.it\/fr\/#website"},"primaryImageOfPage":{"@id":"https:\/\/sanremomarathon.it\/fr\/marathon\/faq-2\/#primaryimage"},"image":{"@id":"https:\/\/sanremomarathon.it\/fr\/marathon\/faq-2\/#primaryimage"},"thumbnailUrl":"https:\/\/sanremomarathon.it\/wp-content\/uploads\/2021\/06\/1006623179506417664-scaled.jpg","datePublished":"2014-11-13T18:18:03+00:00","dateModified":"2023-06-05T10:37:47+00:00","description":"FAQ: Trouvez ici les r\u00e9ponses aux questions les plus fr\u00e9quentes concernant le Marathon de San Remo et les courses associ\u00e9es.","breadcrumb":{"@id":"https:\/\/sanremomarathon.it\/fr\/marathon\/faq-2\/#breadcrumb"},"inLanguage":"fr-FR","potentialAction":[{"@type":"ReadAction","target":["https:\/\/sanremomarathon.it\/fr\/marathon\/faq-2\/"]}]},{"@type":"ImageObject","inLanguage":"fr-FR","@id":"https:\/\/sanremomarathon.it\/fr\/marathon\/faq-2\/#primaryimage","url":"https:\/\/sanremomarathon.it\/wp-content\/uploads\/2021\/06\/1006623179506417664-scaled.jpg","contentUrl":"https:\/\/sanremomarathon.it\/wp-content\/uploads\/2021\/06\/1006623179506417664-scaled.jpg","width":2560,"height":2560,"caption":"SANREMO MARATHON -FAQ"},{"@type":"BreadcrumbList","@id":"https:\/\/sanremomarathon.it\/fr\/marathon\/faq-2\/#breadcrumb","itemListElement":[{"@type":"ListItem","position":1,"name":"Home","item":"https:\/\/sanremomarathon.it\/fr\/"},{"@type":"ListItem","position":2,"name":"Sanremo Marathon","item":"https:\/\/sanremomarathon.it\/fr\/marathon\/"},{"@type":"ListItem","position":3,"name":"FAQ"}]},{"@type":"WebSite","@id":"https:\/\/sanremomarathon.it\/fr\/#website","url":"https:\/\/sanremomarathon.it\/fr\/","name":"Sanremo Marathon 06.12.2026","description":"42K | 21K | 10K | 5K | 2.5K | Family Run","potentialAction":[{"@type":"SearchAction","target":{"@type":"EntryPoint","urlTemplate":"https:\/\/sanremomarathon.it\/fr\/?s={search_term_string}"},"query-input":{"@type":"PropertyValueSpecification","valueRequired":true,"valueName":"search_term_string"}}],"inLanguage":"fr-FR"}]}},"_links":{"self":[{"href":"https:\/\/sanremomarathon.it\/fr\/wp-json\/wp\/v2\/pages\/551","targetHints":{"allow":["GET"]}}],"collection":[{"href":"https:\/\/sanremomarathon.it\/fr\/wp-json\/wp\/v2\/pages"}],"about":[{"href":"https:\/\/sanremomarathon.it\/fr\/wp-json\/wp\/v2\/types\/page"}],"author":[{"embeddable":true,"href":"https:\/\/sanremomarathon.it\/fr\/wp-json\/wp\/v2\/users\/1"}],"replies":[{"embeddable":true,"href":"https:\/\/sanremomarathon.it\/fr\/wp-json\/wp\/v2\/comments?post=551"}],"version-history":[{"count":8,"href":"https:\/\/sanremomarathon.it\/fr\/wp-json\/wp\/v2\/pages\/551\/revisions"}],"predecessor-version":[{"id":8083,"href":"https:\/\/sanremomarathon.it\/fr\/wp-json\/wp\/v2\/pages\/551\/revisions\/8083"}],"up":[{"embeddable":true,"href":"https:\/\/sanremomarathon.it\/fr\/wp-json\/wp\/v2\/pages\/467"}],"wp:featuredmedia":[{"embeddable":true,"href":"https:\/\/sanremomarathon.it\/fr\/wp-json\/wp\/v2\/media\/3946"}],"wp:attachment":[{"href":"https:\/\/sanremomarathon.it\/fr\/wp-json\/wp\/v2\/media?parent=551"}],"curies":[{"name":"wp","href":"https:\/\/api.w.org\/{rel}","templated":true}]}}