{"id":5266,"date":"2022-07-05T10:25:03","date_gmt":"2022-07-05T10:25:03","guid":{"rendered":"https:\/\/beta.sanremomarathon.it\/?page_id=5266"},"modified":"2023-06-05T10:22:38","modified_gmt":"2023-06-05T10:22:38","slug":"inscription-des-groupes-sportifs","status":"publish","type":"page","link":"https:\/\/sanremomarathon.it\/fr\/inscription-des-groupes-sportifs\/","title":{"rendered":"Inscription des groupes sportifs"},"content":{"rendered":"<h2>Inscrivez votre groupe sportif au Marathon de Sanremo via la ligne directe du bureau d&rsquo;inscription.<\/h2>\n<p>Si vous avez plus de 10 personnes \u00e0 inscrire, veuillez nous contacter via le formulaire ci-dessous.<\/p>\n<p>Avantages pour les groupes sportifs<\/p>\n<ul>\n<li>Gratuit 1\/10 des participants inscrits<\/li>\n<li>Soumission simplifi\u00e9e des formulaires<\/li>\n<li>Assistance pour la r\u00e9servation d&rsquo;h\u00f4tels \u00e0 des tarifs sp\u00e9ciaux pour les groupes<\/li>\n<\/ul>\n\n<div class=\"wpcf7 no-js\" id=\"wpcf7-f558-o1\" lang=\"fr-FR\" dir=\"ltr\" data-wpcf7-id=\"558\">\n<div class=\"screen-reader-response\"><p role=\"status\" aria-live=\"polite\" aria-atomic=\"true\"><\/p> <ul><\/ul><\/div>\n<form action=\"\/fr\/wp-json\/wp\/v2\/pages\/5266#wpcf7-f558-o1\" method=\"post\" class=\"wpcf7-form init\" aria-label=\"Formulaire de contact\" novalidate=\"novalidate\" data-status=\"init\">\n<fieldset class=\"hidden-fields-container\"><input type=\"hidden\" name=\"_wpcf7\" value=\"558\" \/><input type=\"hidden\" name=\"_wpcf7_version\" value=\"6.1.5\" \/><input type=\"hidden\" name=\"_wpcf7_locale\" value=\"fr_FR\" \/><input type=\"hidden\" name=\"_wpcf7_unit_tag\" value=\"wpcf7-f558-o1\" \/><input type=\"hidden\" name=\"_wpcf7_container_post\" value=\"0\" \/><input type=\"hidden\" name=\"_wpcf7_posted_data_hash\" value=\"\" \/><input type=\"hidden\" name=\"_wpcf7_recaptcha_response\" value=\"\" \/>\n<\/fieldset>\n<p>Votre nom (obligatoire)\n<\/p>\n<p><span class=\"wpcf7-form-control-wrap\" data-name=\"your-name\"><input size=\"40\" maxlength=\"400\" class=\"wpcf7-form-control wpcf7-text wpcf7-validates-as-required\" aria-required=\"true\" aria-invalid=\"false\" value=\"\" type=\"text\" name=\"your-name\" \/><\/span>\n<\/p>\n<p>Votre email (obligatoire)\n<\/p>\n<p><span class=\"wpcf7-form-control-wrap\" data-name=\"your-email\"><input size=\"40\" maxlength=\"400\" class=\"wpcf7-form-control wpcf7-email wpcf7-validates-as-required wpcf7-text wpcf7-validates-as-email\" aria-required=\"true\" aria-invalid=\"false\" value=\"\" type=\"email\" name=\"your-email\" \/><\/span>\n<\/p>\n<p>Votre telephone (obligatoire)\n<\/p>\n<p><span class=\"wpcf7-form-control-wrap\" data-name=\"your-phone\"><input size=\"40\" maxlength=\"400\" class=\"wpcf7-form-control wpcf7-text wpcf7-validates-as-required\" aria-required=\"true\" aria-invalid=\"false\" value=\"\" type=\"text\" name=\"your-phone\" \/><\/span>\n<\/p>\n<p><label>Votre ville et Nation<br \/>\n<span class=\"wpcf7-form-control-wrap\" data-name=\"your-city\"><input size=\"40\" maxlength=\"400\" class=\"wpcf7-form-control wpcf7-text\" aria-invalid=\"false\" value=\"\" type=\"text\" name=\"your-city\" \/><\/span> <\/label>\n<\/p>\n<p>Sujet\n<\/p>\n<p><span class=\"wpcf7-form-control-wrap\" data-name=\"your-subject\"><input size=\"40\" maxlength=\"400\" class=\"wpcf7-form-control wpcf7-text\" aria-invalid=\"false\" value=\"\" type=\"text\" name=\"your-subject\" \/><\/span>\n<\/p>\n<p>Votre message\n<\/p>\n<p><span class=\"wpcf7-form-control-wrap\" data-name=\"your-message\"><textarea cols=\"40\" rows=\"10\" maxlength=\"2000\" class=\"wpcf7-form-control wpcf7-textarea\" aria-invalid=\"false\" name=\"your-message\"><\/textarea><\/span>\n<\/p>\n<p class=\"checkbox-position\"><span class=\"wpcf7-form-control-wrap\" data-name=\"acceptance-652\"><span class=\"wpcf7-form-control wpcf7-acceptance\"><span class=\"wpcf7-list-item\"><input type=\"checkbox\" name=\"acceptance-652\" value=\"1\" aria-invalid=\"false\" \/><\/span><\/span><\/span> Je d\u00e9clare que j'ai lu et j'accepte la <a href=\"http:\/\/www.nyalatravel.com\/fr\/respect-de-la-vie-privee\/\" target=\"_blank\">Politique de confidentialit\u00e9<\/a>.\n<\/p>\n<p><input class=\"wpcf7-form-control wpcf7-submit has-spinner\" type=\"submit\" value=\"Envoyer\" \/>\n<\/p><div class=\"wpcf7-response-output\" aria-hidden=\"true\"><\/div>\n<\/form>\n<\/div>\n\n","protected":false},"excerpt":{"rendered":"<p>Inscrivez votre groupe sportif au Marathon de Sanremo via la ligne directe du bureau d&rsquo;inscription. Si vous avez plus de 10 personnes \u00e0 inscrire, veuillez nous contacter via le formulaire ci-dessous. Avantages pour les groupes sportifs Gratuit 1\/10 des participants inscrits Soumission simplifi\u00e9e des formulaires Assistance pour la r\u00e9servation d&rsquo;h\u00f4tels \u00e0 des tarifs sp\u00e9ciaux pour [&hellip;]<\/p>\n","protected":false},"author":1,"featured_media":5269,"parent":0,"menu_order":6,"comment_status":"open","ping_status":"closed","template":"","meta":{"_et_pb_use_builder":"","_et_pb_old_content":"","_et_gb_content_width":"","footnotes":""},"class_list":["post-5266","page","type-page","status-publish","has-post-thumbnail","hentry"],"yoast_head":"<!-- This site is optimized with the Yoast SEO plugin v27.4 - https:\/\/yoast.com\/product\/yoast-seo-wordpress\/ -->\n<title>Inscription des groupes sportifs | Sanremo Marathon 07.12.2025<\/title>\n<meta name=\"description\" content=\"Demande d&#039;informations pour l&#039;inscription de groupes sportifs \u00e0 la Marathon de Sanremo,, semi-marathon, 10 km et course familiale \u00e0 Sanremo.\" \/>\n<meta name=\"robots\" content=\"index, follow, max-snippet:-1, max-image-preview:large, max-video-preview:-1\" \/>\n<link rel=\"canonical\" href=\"https:\/\/sanremomarathon.it\/fr\/inscription-des-groupes-sportifs\/\" \/>\n<meta property=\"og:locale\" content=\"fr_FR\" \/>\n<meta property=\"og:type\" content=\"article\" \/>\n<meta property=\"og:title\" content=\"Inscription des groupes sportifs | Sanremo Marathon 07.12.2025\" \/>\n<meta property=\"og:description\" content=\"Demande d&#039;informations pour l&#039;inscription de groupes sportifs \u00e0 la Marathon de Sanremo,, semi-marathon, 10 km et course familiale \u00e0 Sanremo.\" \/>\n<meta property=\"og:url\" content=\"https:\/\/sanremomarathon.it\/fr\/inscription-des-groupes-sportifs\/\" \/>\n<meta property=\"og:site_name\" content=\"Sanremo Marathon 07.12.2025\" \/>\n<meta property=\"article:modified_time\" content=\"2023-06-05T10:22:38+00:00\" \/>\n<meta property=\"og:image\" content=\"https:\/\/sanremomarathon.it\/wp-content\/uploads\/2014\/10\/maratona-del-mare-2009-sanremo41_240374.jpg\" \/>\n\t<meta property=\"og:image:width\" content=\"510\" \/>\n\t<meta property=\"og:image:height\" content=\"340\" \/>\n\t<meta property=\"og:image:type\" content=\"image\/jpeg\" \/>\n<meta name=\"twitter:label1\" content=\"Dur\u00e9e de lecture estim\u00e9e\" \/>\n\t<meta name=\"twitter:data1\" content=\"1 minute\" \/>\n<script type=\"application\/ld+json\" class=\"yoast-schema-graph\">{\"@context\":\"https:\\\/\\\/schema.org\",\"@graph\":[{\"@type\":\"WebPage\",\"@id\":\"https:\\\/\\\/sanremomarathon.it\\\/fr\\\/inscription-des-groupes-sportifs\\\/\",\"url\":\"https:\\\/\\\/sanremomarathon.it\\\/fr\\\/inscription-des-groupes-sportifs\\\/\",\"name\":\"Inscription des groupes sportifs | Sanremo Marathon 07.12.2025\",\"isPartOf\":{\"@id\":\"https:\\\/\\\/sanremomarathon.it\\\/fr\\\/#website\"},\"primaryImageOfPage\":{\"@id\":\"https:\\\/\\\/sanremomarathon.it\\\/fr\\\/inscription-des-groupes-sportifs\\\/#primaryimage\"},\"image\":{\"@id\":\"https:\\\/\\\/sanremomarathon.it\\\/fr\\\/inscription-des-groupes-sportifs\\\/#primaryimage\"},\"thumbnailUrl\":\"https:\\\/\\\/sanremomarathon.it\\\/wp-content\\\/uploads\\\/2014\\\/10\\\/maratona-del-mare-2009-sanremo41_240374.jpg\",\"datePublished\":\"2022-07-05T10:25:03+00:00\",\"dateModified\":\"2023-06-05T10:22:38+00:00\",\"description\":\"Demande d'informations pour l'inscription de groupes sportifs \u00e0 la Marathon de Sanremo,, semi-marathon, 10 km et course familiale \u00e0 Sanremo.\",\"breadcrumb\":{\"@id\":\"https:\\\/\\\/sanremomarathon.it\\\/fr\\\/inscription-des-groupes-sportifs\\\/#breadcrumb\"},\"inLanguage\":\"fr-FR\",\"potentialAction\":[{\"@type\":\"ReadAction\",\"target\":[\"https:\\\/\\\/sanremomarathon.it\\\/fr\\\/inscription-des-groupes-sportifs\\\/\"]}]},{\"@type\":\"ImageObject\",\"inLanguage\":\"fr-FR\",\"@id\":\"https:\\\/\\\/sanremomarathon.it\\\/fr\\\/inscription-des-groupes-sportifs\\\/#primaryimage\",\"url\":\"https:\\\/\\\/sanremomarathon.it\\\/wp-content\\\/uploads\\\/2014\\\/10\\\/maratona-del-mare-2009-sanremo41_240374.jpg\",\"contentUrl\":\"https:\\\/\\\/sanremomarathon.it\\\/wp-content\\\/uploads\\\/2014\\\/10\\\/maratona-del-mare-2009-sanremo41_240374.jpg\",\"width\":510,\"height\":340,\"caption\":\"Inscription groupes sportifs\"},{\"@type\":\"BreadcrumbList\",\"@id\":\"https:\\\/\\\/sanremomarathon.it\\\/fr\\\/inscription-des-groupes-sportifs\\\/#breadcrumb\",\"itemListElement\":[{\"@type\":\"ListItem\",\"position\":1,\"name\":\"Home\",\"item\":\"https:\\\/\\\/sanremomarathon.it\\\/fr\\\/\"},{\"@type\":\"ListItem\",\"position\":2,\"name\":\"Inscription des groupes sportifs\"}]},{\"@type\":\"WebSite\",\"@id\":\"https:\\\/\\\/sanremomarathon.it\\\/fr\\\/#website\",\"url\":\"https:\\\/\\\/sanremomarathon.it\\\/fr\\\/\",\"name\":\"Sanremo Marathon 07.12.2025\",\"description\":\"42K | 21K | 10K | 5K | 2.5K | Family Run\",\"potentialAction\":[{\"@type\":\"SearchAction\",\"target\":{\"@type\":\"EntryPoint\",\"urlTemplate\":\"https:\\\/\\\/sanremomarathon.it\\\/fr\\\/?s={search_term_string}\"},\"query-input\":{\"@type\":\"PropertyValueSpecification\",\"valueRequired\":true,\"valueName\":\"search_term_string\"}}],\"inLanguage\":\"fr-FR\"}]}<\/script>\n<!-- \/ Yoast SEO plugin. -->","yoast_head_json":{"title":"Inscription des groupes sportifs | Sanremo Marathon 07.12.2025","description":"Demande d'informations pour l'inscription de groupes sportifs \u00e0 la Marathon de Sanremo,, semi-marathon, 10 km et course familiale \u00e0 Sanremo.","robots":{"index":"index","follow":"follow","max-snippet":"max-snippet:-1","max-image-preview":"max-image-preview:large","max-video-preview":"max-video-preview:-1"},"canonical":"https:\/\/sanremomarathon.it\/fr\/inscription-des-groupes-sportifs\/","og_locale":"fr_FR","og_type":"article","og_title":"Inscription des groupes sportifs | Sanremo Marathon 07.12.2025","og_description":"Demande d'informations pour l'inscription de groupes sportifs \u00e0 la Marathon de Sanremo,, semi-marathon, 10 km et course familiale \u00e0 Sanremo.","og_url":"https:\/\/sanremomarathon.it\/fr\/inscription-des-groupes-sportifs\/","og_site_name":"Sanremo Marathon 07.12.2025","article_modified_time":"2023-06-05T10:22:38+00:00","og_image":[{"width":510,"height":340,"url":"https:\/\/sanremomarathon.it\/wp-content\/uploads\/2014\/10\/maratona-del-mare-2009-sanremo41_240374.jpg","type":"image\/jpeg"}],"twitter_misc":{"Dur\u00e9e de lecture estim\u00e9e":"1 minute"},"schema":{"@context":"https:\/\/schema.org","@graph":[{"@type":"WebPage","@id":"https:\/\/sanremomarathon.it\/fr\/inscription-des-groupes-sportifs\/","url":"https:\/\/sanremomarathon.it\/fr\/inscription-des-groupes-sportifs\/","name":"Inscription des groupes sportifs | Sanremo Marathon 07.12.2025","isPartOf":{"@id":"https:\/\/sanremomarathon.it\/fr\/#website"},"primaryImageOfPage":{"@id":"https:\/\/sanremomarathon.it\/fr\/inscription-des-groupes-sportifs\/#primaryimage"},"image":{"@id":"https:\/\/sanremomarathon.it\/fr\/inscription-des-groupes-sportifs\/#primaryimage"},"thumbnailUrl":"https:\/\/sanremomarathon.it\/wp-content\/uploads\/2014\/10\/maratona-del-mare-2009-sanremo41_240374.jpg","datePublished":"2022-07-05T10:25:03+00:00","dateModified":"2023-06-05T10:22:38+00:00","description":"Demande d'informations pour l'inscription de groupes sportifs \u00e0 la Marathon de Sanremo,, semi-marathon, 10 km et course familiale \u00e0 Sanremo.","breadcrumb":{"@id":"https:\/\/sanremomarathon.it\/fr\/inscription-des-groupes-sportifs\/#breadcrumb"},"inLanguage":"fr-FR","potentialAction":[{"@type":"ReadAction","target":["https:\/\/sanremomarathon.it\/fr\/inscription-des-groupes-sportifs\/"]}]},{"@type":"ImageObject","inLanguage":"fr-FR","@id":"https:\/\/sanremomarathon.it\/fr\/inscription-des-groupes-sportifs\/#primaryimage","url":"https:\/\/sanremomarathon.it\/wp-content\/uploads\/2014\/10\/maratona-del-mare-2009-sanremo41_240374.jpg","contentUrl":"https:\/\/sanremomarathon.it\/wp-content\/uploads\/2014\/10\/maratona-del-mare-2009-sanremo41_240374.jpg","width":510,"height":340,"caption":"Inscription groupes sportifs"},{"@type":"BreadcrumbList","@id":"https:\/\/sanremomarathon.it\/fr\/inscription-des-groupes-sportifs\/#breadcrumb","itemListElement":[{"@type":"ListItem","position":1,"name":"Home","item":"https:\/\/sanremomarathon.it\/fr\/"},{"@type":"ListItem","position":2,"name":"Inscription des groupes sportifs"}]},{"@type":"WebSite","@id":"https:\/\/sanremomarathon.it\/fr\/#website","url":"https:\/\/sanremomarathon.it\/fr\/","name":"Sanremo Marathon 07.12.2025","description":"42K | 21K | 10K | 5K | 2.5K | Family Run","potentialAction":[{"@type":"SearchAction","target":{"@type":"EntryPoint","urlTemplate":"https:\/\/sanremomarathon.it\/fr\/?s={search_term_string}"},"query-input":{"@type":"PropertyValueSpecification","valueRequired":true,"valueName":"search_term_string"}}],"inLanguage":"fr-FR"}]}},"_links":{"self":[{"href":"https:\/\/sanremomarathon.it\/fr\/wp-json\/wp\/v2\/pages\/5266","targetHints":{"allow":["GET"]}}],"collection":[{"href":"https:\/\/sanremomarathon.it\/fr\/wp-json\/wp\/v2\/pages"}],"about":[{"href":"https:\/\/sanremomarathon.it\/fr\/wp-json\/wp\/v2\/types\/page"}],"author":[{"embeddable":true,"href":"https:\/\/sanremomarathon.it\/fr\/wp-json\/wp\/v2\/users\/1"}],"replies":[{"embeddable":true,"href":"https:\/\/sanremomarathon.it\/fr\/wp-json\/wp\/v2\/comments?post=5266"}],"version-history":[{"count":3,"href":"https:\/\/sanremomarathon.it\/fr\/wp-json\/wp\/v2\/pages\/5266\/revisions"}],"predecessor-version":[{"id":5291,"href":"https:\/\/sanremomarathon.it\/fr\/wp-json\/wp\/v2\/pages\/5266\/revisions\/5291"}],"wp:featuredmedia":[{"embeddable":true,"href":"https:\/\/sanremomarathon.it\/fr\/wp-json\/wp\/v2\/media\/5269"}],"wp:attachment":[{"href":"https:\/\/sanremomarathon.it\/fr\/wp-json\/wp\/v2\/media?parent=5266"}],"curies":[{"name":"wp","href":"https:\/\/api.w.org\/{rel}","templated":true}]}}