{"id":458,"date":"2014-11-09T12:13:58","date_gmt":"2014-11-09T12:13:58","guid":{"rendered":"http:\/\/beta.sanremomarathon.it\/?page_id=458"},"modified":"2025-11-14T10:14:51","modified_gmt":"2025-11-14T10:14:51","slug":"parcours-du-marathon","status":"publish","type":"page","link":"https:\/\/sanremomarathon.it\/fr\/marathon\/parcours-du-marathon\/","title":{"rendered":"Parcours du Sanremo marathon"},"content":{"rendered":"<p>[et_pb_section fb_built=\u00a0\u00bb1&Prime; admin_label=\u00a0\u00bbsection\u00a0\u00bb _builder_version=\u00a0\u00bb4.16&Prime; global_colors_info=\u00a0\u00bb{}\u00a0\u00bb][et_pb_row admin_label=\u00a0\u00bbrow\u00a0\u00bb _builder_version=\u00a0\u00bb4.19.4&Prime; background_size=\u00a0\u00bbinitial\u00a0\u00bb background_position=\u00a0\u00bbtop_left\u00a0\u00bb background_repeat=\u00a0\u00bbrepeat\u00a0\u00bb custom_padding=\u00a0\u00bb40px||||false|false\u00a0\u00bb global_colors_info=\u00a0\u00bb{}\u00a0\u00bb][et_pb_column type=\u00a0\u00bb4_4&Prime; _builder_version=\u00a0\u00bb4.16&Prime; custom_padding=\u00a0\u00bb|||\u00a0\u00bb global_colors_info=\u00a0\u00bb{}\u00a0\u00bb custom_padding__hover=\u00a0\u00bb|||\u00a0\u00bb][et_pb_text admin_label=\u00a0\u00bbText\u00a0\u00bb _builder_version=\u00a0\u00bb4.27.4&Prime; background_size=\u00a0\u00bbinitial\u00a0\u00bb background_position=\u00a0\u00bbtop_left\u00a0\u00bb background_repeat=\u00a0\u00bbrepeat\u00a0\u00bb global_colors_info=\u00a0\u00bb{}\u00a0\u00bb]<\/p>\n<h1>Parcours Sanremo Marathon (42K)<\/h1>\n<h2>Le parcours du Sanremo &amp; Cycling Riviera Marathon se d\u00e9ploie le long de la piste cyclable du Parc C\u00f4tier du Ponant ligure, de Sanremo avec passage pour Taggia (Arma), Riva Ligure, Santo Stefano al Mare.<\/h2>\n<p>[\/et_pb_text][et_pb_text _builder_version=\u00a0\u00bb4.27.4&Prime; _module_preset=\u00a0\u00bbdefault\u00a0\u00bb text_text_color=\u00a0\u00bb#f2de5e\u00a0\u00bb text_font_size=\u00a0\u00bb16px\u00a0\u00bb text_line_height=\u00a0\u00bb1em\u00a0\u00bb header_2_text_color=\u00a0\u00bb#f2de5e\u00a0\u00bb header_2_font_size=\u00a0\u00bb18px\u00a0\u00bb header_3_text_color=\u00a0\u00bb#f2de5e\u00a0\u00bb background_color=\u00a0\u00bb#E02B20&Prime; custom_margin=\u00a0\u00bb||||false|false\u00a0\u00bb custom_padding=\u00a0\u00bb40px|40px|40px|40px|false|false\u00a0\u00bb global_colors_info=\u00a0\u00bb{}\u00a0\u00bb]<\/p>\n<h3 style=\"text-align: center;\" data-start=\"1127\" data-end=\"1152\"><strong data-start=\"1135\" data-end=\"1150\">ATTENTION !<\/strong><\/h3>\n<h3 style=\"text-align: center;\" data-start=\"1153\" data-end=\"1217\"><strong data-start=\"1157\" data-end=\"1217\">MODIFICATION DU PARCOURS DU MARATHON ET DU SEMI-MARATHON<\/strong><\/h3>\n<p style=\"text-align: center;\" data-start=\"1219\" data-end=\"1317\">Veuillez noter que le parcours du <strong data-start=\"1253\" data-end=\"1296\">Marathon et du Semi-Marathon de Sanremo<\/strong> a \u00e9t\u00e9 <strong data-start=\"1303\" data-end=\"1314\">modifi\u00e9<\/strong>.<\/p>\n<p style=\"text-align: center;\" data-start=\"1319\" data-end=\"1549\">Les courses <strong data-start=\"1331\" data-end=\"1382\">partiront du Stade d\u2019Athl\u00e9tisme de Pian di Poma<\/strong> et rejoindront la <strong data-start=\"1401\" data-end=\"1419\">piste cyclable<\/strong>, en direction de <strong data-start=\"1437\" data-end=\"1448\">l\u2019ouest<\/strong>, jusqu\u2019au <strong data-start=\"1459\" data-end=\"1546\">point de retournement situ\u00e9 \u00e0 hauteur de l\u2019ancien passage \u00e0 niveau d\u2019Arma di Taggia<\/strong>.<\/p>\n<p style=\"text-align: center;\" data-start=\"1551\" data-end=\"1727\">De retour \u00e0 Sanremo, les coureurs poursuivront sur la piste cyclable <strong data-start=\"1620\" data-end=\"1671\">jusqu\u2019au tunnel \u00e0 la fronti\u00e8re avec Ospedaletti<\/strong>, o\u00f9 sera plac\u00e9 le <strong data-start=\"1690\" data-end=\"1724\">deuxi\u00e8me point de retournement<\/strong>.<\/p>\n<p style=\"text-align: center;\" data-start=\"1729\" data-end=\"1846\">Ensuite, les participants reviendront au <strong data-start=\"1770\" data-end=\"1792\">Stade d\u2019Athl\u00e9tisme<\/strong>, o\u00f9 ils effectueront <strong data-start=\"1814\" data-end=\"1842\">le dernier tour de piste<\/strong> :<\/p>\n<p style=\"text-align: center;\" data-start=\"1849\" data-end=\"1905\">le <strong data-start=\"1852\" data-end=\"1875\">Semi-Marathon (21K)<\/strong> se terminera sur la piste ;<\/p>\n<p style=\"text-align: center;\" data-start=\"1908\" data-end=\"1981\">le <strong data-start=\"1911\" data-end=\"1929\">Marathon (42K)<\/strong> effectuera un <strong data-start=\"1944\" data-end=\"1978\">deuxi\u00e8me tour du m\u00eame parcours<\/strong>.<\/p>\n<p style=\"text-align: center;\" data-start=\"1983\" data-end=\"2162\"><strong data-start=\"1983\" data-end=\"2162\">Nous invitons tous les participants et le public \u00e0 prendre connaissance des modifications et \u00e0 planifier leurs d\u00e9placements et leur soutien le long du parcours en cons\u00e9quence.<\/strong><\/p>\n<p>[\/et_pb_text][et_pb_text admin_label=\u00a0\u00bbText\u00a0\u00bb _builder_version=\u00a0\u00bb4.27.4&Prime; background_size=\u00a0\u00bbinitial\u00a0\u00bb background_position=\u00a0\u00bbtop_left\u00a0\u00bb background_repeat=\u00a0\u00bbrepeat\u00a0\u00bb hover_enabled=\u00a0\u00bb0&Prime; global_colors_info=\u00a0\u00bb{}\u00a0\u00bb sticky_enabled=\u00a0\u00bb0&Prime;]<\/p>\n<p>&nbsp;<\/p>\n<p><a href=\"https:\/\/sanremomarathon.it\/wp-content\/uploads\/2025\/11\/42K-21K.jpg\"><img loading=\"lazy\" decoding=\"async\" src=\"https:\/\/sanremomarathon.it\/wp-content\/uploads\/2025\/11\/42K-21K-1024x576.jpg\" width=\"1024\" height=\"576\" alt=\"percorso\" class=\"wp-image-12697 aligncenter size-large\" srcset=\"https:\/\/sanremomarathon.it\/wp-content\/uploads\/2025\/11\/42K-21K-980x551.jpg 980w, https:\/\/sanremomarathon.it\/wp-content\/uploads\/2025\/11\/42K-21K-480x270.jpg 480w\" sizes=\"(min-width: 0px) and (max-width: 480px) 480px, (min-width: 481px) and (max-width: 980px) 980px, (min-width: 981px) 1024px, 100vw\" \/><\/a><\/p>\n<p><strong>Le parcours du Sanremo marathon est particuli\u00e8rement enchanteur puisqu\u2019il suit l\u2019ancien trac\u00e9 du chemin de fer et le bord de mer du d\u00e9but \u00e0 la fin. Il s\u2019agit \u00e9galement d\u2019un parcours tr\u00e8s rapide \u00e9tant donn\u00e9 qu\u2019il se court en ligne droite, presque sans aucun d\u00e9nivellement. Le seul vrai pi\u00e8ge pourrait \u00eatre le vent marin.<\/strong><\/p>\n<ul>\n<li>D\u00e9part du marathon: Sanremo \u2013 Piste d\u2019athletisme , Pian di Poma, Sanremo<\/li>\n<li>Parcours: Piste cyclable du Parc c\u00f4tier de la Riviera des Fleurs<\/li>\n<li>Arriv\u00e9e: San Remo Piste d\u2019athletisme<\/li>\n<li>Longueur: 42,195 Km, inclus dans le calendrier de la FIDAL<\/li>\n<\/ul>\n<p><strong>Le parcours du Marathon 42 km de Sanremo comprend<\/strong><\/p>\n<ul>\n<li>D\u00e9part \u00e0 l&rsquo;int\u00e9rieur de la piste d&rsquo;athl\u00e9tisme de Pian di Poma \u00e0 Sanremo<\/li>\n<li>Sortie de la piste d&rsquo;athl\u00e9tisme et insertion sur la piste cyclable en direction d&rsquo;Ospedaletti<\/li>\n<li>Point de retournement sur le front de mer d&rsquo;Ospedaletti<\/li>\n<li>Retour sur la piste cyclable en direction de Sanremo<\/li>\n<li>Sortie de la piste cyclable au corso Mombello<\/li>\n<li>Passage devant le fort de Santa Tecla<\/li>\n<li>Passage le long du Porto Vecchio<\/li>\n<li>Entr\u00e9e sur le corso Trento e Trieste<\/li>\n<li>Continuation sur le Lungomare Nazario Sauro<\/li>\n<li>Retour sur la piste cyclable \u00e0 Via Nobel (sud-est)<\/li>\n<li>Poursuite en direction d&rsquo;Arma di Taggia sur la piste cyclable<\/li>\n<li>Une fois \u00e0 Riva Ligure, prendre un tron\u00e7on urbain continuer sur la piste cyclable en passant par l&rsquo;ancien passage \u00e0 niveau jusqu&rsquo;\u00e0 l&rsquo;intersection avec la via Giardino, c\u00f4t\u00e9 mer passer sous l&rsquo;archivolte de la mairie, tourner \u00e0 gauche sur la via Nino Bixio jusqu&rsquo;\u00e0 l&rsquo;intersection avec la via Marina \u00e0 la fronti\u00e8re avec Santo Stefano al Mare, tourner \u00e0 droite sur la via San Francesco pour emprunter la nouvelle promenade en direction de Santo Stefano al Mare.<\/li>\n<li>En arrivant de la nouvelle promenade \u00e0 la limite avec Riva Ligure, longez toute la promenade du front de mer C. Colombo sur le trottoir pour continuer ensuite le long du front de mer Gerolamo da Santo Stefano, tournez sur le trottoir de la place de l&rsquo;amphith\u00e9\u00e2tre pour continuer ensuite le long du front de mer Cap. d&rsquo;Albertis.<\/li>\n<li>Au cimeti\u00e8re de Santo Stefano, reprendre la piste cyclable en direction d&rsquo;Imperia.<\/li>\n<li>Tour de bou\u00e9e \u00e0 l&rsquo;int\u00e9rieur du tunnel de San Lorenzo<\/li>\n<li>Retour vers Sanremo enti\u00e8rement sur la piste cyclable.<\/li>\n<li>Arriv\u00e9e \u00e0 la piste d&rsquo;athl\u00e9tisme Pian di Poma \u00e0 Sanremo<\/li>\n<\/ul>\n<p>[\/et_pb_text][\/et_pb_column][\/et_pb_row][\/et_pb_section]<\/p>\n","protected":false},"excerpt":{"rendered":"<p>Parcours Sanremo Marathon (42K) Le parcours du Sanremo &amp; Cycling Riviera Marathon se d\u00e9ploie le long de la piste cyclable du Parc C\u00f4tier du Ponant ligure, de Sanremo avec passage pour Taggia (Arma), Riva Ligure, Santo Stefano al Mare.ATTENTION ! MODIFICATION DU PARCOURS DU MARATHON ET DU SEMI-MARATHON Veuillez noter que le parcours du Marathon [&hellip;]<\/p>\n","protected":false},"author":1,"featured_media":7546,"parent":467,"menu_order":2,"comment_status":"open","ping_status":"closed","template":"","meta":{"_et_pb_use_builder":"on","_et_pb_old_content":"","_et_gb_content_width":"","footnotes":""},"class_list":["post-458","page","type-page","status-publish","has-post-thumbnail","hentry"],"yoast_head":"<!-- This site is optimized with the Yoast SEO plugin v26.6 - https:\/\/yoast.com\/wordpress\/plugins\/seo\/ -->\n<title>Parcours du Sanremo marathon | Sanremo Marathon 06.12.2026<\/title>\n<meta name=\"description\" content=\"Le parcours du Sanremo Marathon se d\u00e9ploie le long de la piste cyclable de la Riviera des fleurs. Les athl\u00e8tes devront parcourir 42,195 km.\" \/>\n<meta name=\"robots\" content=\"index, follow, max-snippet:-1, max-image-preview:large, max-video-preview:-1\" \/>\n<link rel=\"canonical\" href=\"https:\/\/sanremomarathon.it\/fr\/marathon\/parcours-du-marathon\/\" \/>\n<meta property=\"og:locale\" content=\"fr_FR\" \/>\n<meta property=\"og:type\" content=\"article\" \/>\n<meta property=\"og:title\" content=\"Parcours du Sanremo marathon | Sanremo Marathon 06.12.2026\" \/>\n<meta property=\"og:description\" content=\"Le parcours du Sanremo Marathon se d\u00e9ploie le long de la piste cyclable de la Riviera des fleurs. Les athl\u00e8tes devront parcourir 42,195 km.\" \/>\n<meta property=\"og:url\" content=\"https:\/\/sanremomarathon.it\/fr\/marathon\/parcours-du-marathon\/\" \/>\n<meta property=\"og:site_name\" content=\"Sanremo Marathon 06.12.2026\" \/>\n<meta property=\"article:modified_time\" content=\"2025-11-14T10:14:51+00:00\" \/>\n<meta property=\"og:image\" content=\"https:\/\/sanremomarathon.it\/wp-content\/uploads\/2023\/05\/sanremo-marathon-42-km.jpg\" \/>\n\t<meta property=\"og:image:width\" content=\"1200\" \/>\n\t<meta property=\"og:image:height\" content=\"800\" \/>\n\t<meta property=\"og:image:type\" content=\"image\/jpeg\" \/>\n<meta name=\"twitter:label1\" content=\"Dur\u00e9e de lecture estim\u00e9e\" \/>\n\t<meta name=\"twitter:data1\" content=\"4 minutes\" \/>\n<script type=\"application\/ld+json\" class=\"yoast-schema-graph\">{\"@context\":\"https:\/\/schema.org\",\"@graph\":[{\"@type\":\"WebPage\",\"@id\":\"https:\/\/sanremomarathon.it\/fr\/marathon\/parcours-du-marathon\/\",\"url\":\"https:\/\/sanremomarathon.it\/fr\/marathon\/parcours-du-marathon\/\",\"name\":\"Parcours du Sanremo marathon | Sanremo Marathon 06.12.2026\",\"isPartOf\":{\"@id\":\"https:\/\/sanremomarathon.it\/fr\/#website\"},\"primaryImageOfPage\":{\"@id\":\"https:\/\/sanremomarathon.it\/fr\/marathon\/parcours-du-marathon\/#primaryimage\"},\"image\":{\"@id\":\"https:\/\/sanremomarathon.it\/fr\/marathon\/parcours-du-marathon\/#primaryimage\"},\"thumbnailUrl\":\"https:\/\/sanremomarathon.it\/wp-content\/uploads\/2023\/05\/sanremo-marathon-42-km.jpg\",\"datePublished\":\"2014-11-09T12:13:58+00:00\",\"dateModified\":\"2025-11-14T10:14:51+00:00\",\"description\":\"Le parcours du Sanremo Marathon se d\u00e9ploie le long de la piste cyclable de la Riviera des fleurs. Les athl\u00e8tes devront parcourir 42,195 km.\",\"breadcrumb\":{\"@id\":\"https:\/\/sanremomarathon.it\/fr\/marathon\/parcours-du-marathon\/#breadcrumb\"},\"inLanguage\":\"fr-FR\",\"potentialAction\":[{\"@type\":\"ReadAction\",\"target\":[\"https:\/\/sanremomarathon.it\/fr\/marathon\/parcours-du-marathon\/\"]}]},{\"@type\":\"ImageObject\",\"inLanguage\":\"fr-FR\",\"@id\":\"https:\/\/sanremomarathon.it\/fr\/marathon\/parcours-du-marathon\/#primaryimage\",\"url\":\"https:\/\/sanremomarathon.it\/wp-content\/uploads\/2023\/05\/sanremo-marathon-42-km.jpg\",\"contentUrl\":\"https:\/\/sanremomarathon.it\/wp-content\/uploads\/2023\/05\/sanremo-marathon-42-km.jpg\",\"width\":1200,\"height\":800,\"caption\":\"Sanremo Marathon - 42K\"},{\"@type\":\"BreadcrumbList\",\"@id\":\"https:\/\/sanremomarathon.it\/fr\/marathon\/parcours-du-marathon\/#breadcrumb\",\"itemListElement\":[{\"@type\":\"ListItem\",\"position\":1,\"name\":\"Home\",\"item\":\"https:\/\/sanremomarathon.it\/fr\/\"},{\"@type\":\"ListItem\",\"position\":2,\"name\":\"Sanremo Marathon\",\"item\":\"https:\/\/sanremomarathon.it\/fr\/marathon\/\"},{\"@type\":\"ListItem\",\"position\":3,\"name\":\"Parcours du Sanremo marathon\"}]},{\"@type\":\"WebSite\",\"@id\":\"https:\/\/sanremomarathon.it\/fr\/#website\",\"url\":\"https:\/\/sanremomarathon.it\/fr\/\",\"name\":\"Sanremo Marathon 06.12.2026\",\"description\":\"42K | 21K | 10K | 5K | 2.5K | Family Run\",\"potentialAction\":[{\"@type\":\"SearchAction\",\"target\":{\"@type\":\"EntryPoint\",\"urlTemplate\":\"https:\/\/sanremomarathon.it\/fr\/?s={search_term_string}\"},\"query-input\":{\"@type\":\"PropertyValueSpecification\",\"valueRequired\":true,\"valueName\":\"search_term_string\"}}],\"inLanguage\":\"fr-FR\"}]}<\/script>\n<!-- \/ Yoast SEO plugin. -->","yoast_head_json":{"title":"Parcours du Sanremo marathon | Sanremo Marathon 06.12.2026","description":"Le parcours du Sanremo Marathon se d\u00e9ploie le long de la piste cyclable de la Riviera des fleurs. Les athl\u00e8tes devront parcourir 42,195 km.","robots":{"index":"index","follow":"follow","max-snippet":"max-snippet:-1","max-image-preview":"max-image-preview:large","max-video-preview":"max-video-preview:-1"},"canonical":"https:\/\/sanremomarathon.it\/fr\/marathon\/parcours-du-marathon\/","og_locale":"fr_FR","og_type":"article","og_title":"Parcours du Sanremo marathon | Sanremo Marathon 06.12.2026","og_description":"Le parcours du Sanremo Marathon se d\u00e9ploie le long de la piste cyclable de la Riviera des fleurs. Les athl\u00e8tes devront parcourir 42,195 km.","og_url":"https:\/\/sanremomarathon.it\/fr\/marathon\/parcours-du-marathon\/","og_site_name":"Sanremo Marathon 06.12.2026","article_modified_time":"2025-11-14T10:14:51+00:00","og_image":[{"width":1200,"height":800,"url":"https:\/\/sanremomarathon.it\/wp-content\/uploads\/2023\/05\/sanremo-marathon-42-km.jpg","type":"image\/jpeg"}],"twitter_misc":{"Dur\u00e9e de lecture estim\u00e9e":"4 minutes"},"schema":{"@context":"https:\/\/schema.org","@graph":[{"@type":"WebPage","@id":"https:\/\/sanremomarathon.it\/fr\/marathon\/parcours-du-marathon\/","url":"https:\/\/sanremomarathon.it\/fr\/marathon\/parcours-du-marathon\/","name":"Parcours du Sanremo marathon | Sanremo Marathon 06.12.2026","isPartOf":{"@id":"https:\/\/sanremomarathon.it\/fr\/#website"},"primaryImageOfPage":{"@id":"https:\/\/sanremomarathon.it\/fr\/marathon\/parcours-du-marathon\/#primaryimage"},"image":{"@id":"https:\/\/sanremomarathon.it\/fr\/marathon\/parcours-du-marathon\/#primaryimage"},"thumbnailUrl":"https:\/\/sanremomarathon.it\/wp-content\/uploads\/2023\/05\/sanremo-marathon-42-km.jpg","datePublished":"2014-11-09T12:13:58+00:00","dateModified":"2025-11-14T10:14:51+00:00","description":"Le parcours du Sanremo Marathon se d\u00e9ploie le long de la piste cyclable de la Riviera des fleurs. Les athl\u00e8tes devront parcourir 42,195 km.","breadcrumb":{"@id":"https:\/\/sanremomarathon.it\/fr\/marathon\/parcours-du-marathon\/#breadcrumb"},"inLanguage":"fr-FR","potentialAction":[{"@type":"ReadAction","target":["https:\/\/sanremomarathon.it\/fr\/marathon\/parcours-du-marathon\/"]}]},{"@type":"ImageObject","inLanguage":"fr-FR","@id":"https:\/\/sanremomarathon.it\/fr\/marathon\/parcours-du-marathon\/#primaryimage","url":"https:\/\/sanremomarathon.it\/wp-content\/uploads\/2023\/05\/sanremo-marathon-42-km.jpg","contentUrl":"https:\/\/sanremomarathon.it\/wp-content\/uploads\/2023\/05\/sanremo-marathon-42-km.jpg","width":1200,"height":800,"caption":"Sanremo Marathon - 42K"},{"@type":"BreadcrumbList","@id":"https:\/\/sanremomarathon.it\/fr\/marathon\/parcours-du-marathon\/#breadcrumb","itemListElement":[{"@type":"ListItem","position":1,"name":"Home","item":"https:\/\/sanremomarathon.it\/fr\/"},{"@type":"ListItem","position":2,"name":"Sanremo Marathon","item":"https:\/\/sanremomarathon.it\/fr\/marathon\/"},{"@type":"ListItem","position":3,"name":"Parcours du Sanremo marathon"}]},{"@type":"WebSite","@id":"https:\/\/sanremomarathon.it\/fr\/#website","url":"https:\/\/sanremomarathon.it\/fr\/","name":"Sanremo Marathon 06.12.2026","description":"42K | 21K | 10K | 5K | 2.5K | Family Run","potentialAction":[{"@type":"SearchAction","target":{"@type":"EntryPoint","urlTemplate":"https:\/\/sanremomarathon.it\/fr\/?s={search_term_string}"},"query-input":{"@type":"PropertyValueSpecification","valueRequired":true,"valueName":"search_term_string"}}],"inLanguage":"fr-FR"}]}},"_links":{"self":[{"href":"https:\/\/sanremomarathon.it\/fr\/wp-json\/wp\/v2\/pages\/458","targetHints":{"allow":["GET"]}}],"collection":[{"href":"https:\/\/sanremomarathon.it\/fr\/wp-json\/wp\/v2\/pages"}],"about":[{"href":"https:\/\/sanremomarathon.it\/fr\/wp-json\/wp\/v2\/types\/page"}],"author":[{"embeddable":true,"href":"https:\/\/sanremomarathon.it\/fr\/wp-json\/wp\/v2\/users\/1"}],"replies":[{"embeddable":true,"href":"https:\/\/sanremomarathon.it\/fr\/wp-json\/wp\/v2\/comments?post=458"}],"version-history":[{"count":23,"href":"https:\/\/sanremomarathon.it\/fr\/wp-json\/wp\/v2\/pages\/458\/revisions"}],"predecessor-version":[{"id":12702,"href":"https:\/\/sanremomarathon.it\/fr\/wp-json\/wp\/v2\/pages\/458\/revisions\/12702"}],"up":[{"embeddable":true,"href":"https:\/\/sanremomarathon.it\/fr\/wp-json\/wp\/v2\/pages\/467"}],"wp:featuredmedia":[{"embeddable":true,"href":"https:\/\/sanremomarathon.it\/fr\/wp-json\/wp\/v2\/media\/7546"}],"wp:attachment":[{"href":"https:\/\/sanremomarathon.it\/fr\/wp-json\/wp\/v2\/media?parent=458"}],"curies":[{"name":"wp","href":"https:\/\/api.w.org\/{rel}","templated":true}]}}