{"id":3806,"date":"2020-03-25T08:53:47","date_gmt":"2020-03-25T08:53:47","guid":{"rendered":"http:\/\/beta.sanremomarathon.it\/inscriptions\/"},"modified":"2023-06-05T08:35:32","modified_gmt":"2023-06-05T08:35:32","slug":"inscriptions","status":"publish","type":"page","link":"https:\/\/sanremomarathon.it\/fr\/inscriptions\/","title":{"rendered":"INSCRIPTIONS"},"content":{"rendered":"<p>[et_pb_section fb_built=\u00a0\u00bb1&Prime; admin_label=\u00a0\u00bbsection\u00a0\u00bb _builder_version=\u00a0\u00bb4.16&Prime; global_colors_info=\u00a0\u00bb{}\u00a0\u00bb][et_pb_row _builder_version=\u00a0\u00bb4.16&Prime; background_size=\u00a0\u00bbinitial\u00a0\u00bb background_position=\u00a0\u00bbtop_left\u00a0\u00bb background_repeat=\u00a0\u00bbrepeat\u00a0\u00bb locked=\u00a0\u00bboff\u00a0\u00bb global_colors_info=\u00a0\u00bb{}\u00a0\u00bb][et_pb_column type=\u00a0\u00bb4_4&Prime; _builder_version=\u00a0\u00bb4.16&Prime; custom_padding=\u00a0\u00bb|||\u00a0\u00bb global_colors_info=\u00a0\u00bb{}\u00a0\u00bb custom_padding__hover=\u00a0\u00bb|||\u00a0\u00bb][et_pb_text _builder_version=\u00a0\u00bb4.16&Prime; text_font_size=\u00a0\u00bb20px\u00a0\u00bb header_text_align=\u00a0\u00bbcenter\u00a0\u00bb vertical_offset_tablet=\u00a0\u00bb0&Prime; horizontal_offset_tablet=\u00a0\u00bb0&Prime; text_orientation=\u00a0\u00bbcenter\u00a0\u00bb z_index_tablet=\u00a0\u00bb0&Prime; text_text_shadow_horizontal_length_tablet=\u00a0\u00bb0px\u00a0\u00bb text_text_shadow_vertical_length_tablet=\u00a0\u00bb0px\u00a0\u00bb text_text_shadow_blur_strength_tablet=\u00a0\u00bb1px\u00a0\u00bb link_text_shadow_horizontal_length_tablet=\u00a0\u00bb0px\u00a0\u00bb link_text_shadow_vertical_length_tablet=\u00a0\u00bb0px\u00a0\u00bb link_text_shadow_blur_strength_tablet=\u00a0\u00bb1px\u00a0\u00bb ul_text_shadow_horizontal_length_tablet=\u00a0\u00bb0px\u00a0\u00bb ul_text_shadow_vertical_length_tablet=\u00a0\u00bb0px\u00a0\u00bb ul_text_shadow_blur_strength_tablet=\u00a0\u00bb1px\u00a0\u00bb ol_text_shadow_horizontal_length_tablet=\u00a0\u00bb0px\u00a0\u00bb ol_text_shadow_vertical_length_tablet=\u00a0\u00bb0px\u00a0\u00bb ol_text_shadow_blur_strength_tablet=\u00a0\u00bb1px\u00a0\u00bb quote_text_shadow_horizontal_length_tablet=\u00a0\u00bb0px\u00a0\u00bb quote_text_shadow_vertical_length_tablet=\u00a0\u00bb0px\u00a0\u00bb quote_text_shadow_blur_strength_tablet=\u00a0\u00bb1px\u00a0\u00bb header_text_shadow_horizontal_length_tablet=\u00a0\u00bb0px\u00a0\u00bb header_text_shadow_vertical_length_tablet=\u00a0\u00bb0px\u00a0\u00bb header_text_shadow_blur_strength_tablet=\u00a0\u00bb1px\u00a0\u00bb header_2_text_shadow_horizontal_length_tablet=\u00a0\u00bb0px\u00a0\u00bb header_2_text_shadow_vertical_length_tablet=\u00a0\u00bb0px\u00a0\u00bb header_2_text_shadow_blur_strength_tablet=\u00a0\u00bb1px\u00a0\u00bb header_3_text_shadow_horizontal_length_tablet=\u00a0\u00bb0px\u00a0\u00bb header_3_text_shadow_vertical_length_tablet=\u00a0\u00bb0px\u00a0\u00bb header_3_text_shadow_blur_strength_tablet=\u00a0\u00bb1px\u00a0\u00bb header_4_text_shadow_horizontal_length_tablet=\u00a0\u00bb0px\u00a0\u00bb header_4_text_shadow_vertical_length_tablet=\u00a0\u00bb0px\u00a0\u00bb header_4_text_shadow_blur_strength_tablet=\u00a0\u00bb1px\u00a0\u00bb header_5_text_shadow_horizontal_length_tablet=\u00a0\u00bb0px\u00a0\u00bb header_5_text_shadow_vertical_length_tablet=\u00a0\u00bb0px\u00a0\u00bb header_5_text_shadow_blur_strength_tablet=\u00a0\u00bb1px\u00a0\u00bb header_6_text_shadow_horizontal_length_tablet=\u00a0\u00bb0px\u00a0\u00bb header_6_text_shadow_vertical_length_tablet=\u00a0\u00bb0px\u00a0\u00bb header_6_text_shadow_blur_strength_tablet=\u00a0\u00bb1px\u00a0\u00bb box_shadow_horizontal_tablet=\u00a0\u00bb0px\u00a0\u00bb box_shadow_vertical_tablet=\u00a0\u00bb0px\u00a0\u00bb box_shadow_blur_tablet=\u00a0\u00bb40px\u00a0\u00bb box_shadow_spread_tablet=\u00a0\u00bb0px\u00a0\u00bb global_colors_info=\u00a0\u00bb{}\u00a0\u00bb]<\/p>\n<h1>INSCRIPTIONS SANREMO MARATHON 2022<\/h1>\n<p><strong>Marathon | Semi marathon | environ 10 km | Family Run<\/strong>[\/et_pb_text][et_pb_button button_url=\u00a0\u00bbhttp:\/\/www.runtosanremo.it\/fr\u00a0\u00bb url_new_window=\u00a0\u00bbon\u00a0\u00bb button_text=\u00a0\u00bbINSCRIPTIONS EN LIGNE\u00a0\u00bb button_alignment=\u00a0\u00bbcenter\u00a0\u00bb _builder_version=\u00a0\u00bb4.16&Prime; _module_preset=\u00a0\u00bbdefault\u00a0\u00bb global_colors_info=\u00a0\u00bb{}\u00a0\u00bb][\/et_pb_button][et_pb_text _builder_version=\u00a0\u00bb4.16&Prime; _module_preset=\u00a0\u00bbdefault\u00a0\u00bb global_colors_info=\u00a0\u00bb{}\u00a0\u00bb]<\/p>\n<h4>INSCRIPTION DIRECTE<\/h4>\n<p><strong>Vendredi, 2 d\u00e9cembre<\/strong><br \/>De 14h30 \u00e0 18h<br \/>Nouvelles inscriptions<br \/>Collection de bavettes<br \/>Livraison des paquets de course<br \/>Piste d&rsquo;athl\u00e9tisme &#8211; Pian di Poma &#8211; Sanremo<\/p>\n<p><strong>Samedi 3 d\u00e9cembre<\/strong><br \/>de 10h00 \u00e0 13h00 et de 14h30 \u00e0 18h00<br \/>Nouvelles inscriptions<br \/>Collection de bavettes<br \/>Livraison des paquets de course<br \/>Piste d&rsquo;athl\u00e9tisme &#8211; Pian di Poma &#8211; Sanremo<\/p>\n<p><strong>Dimanche 4 d\u00e9cembre<\/strong><br \/>07h00 &#8211; 08h30<br \/>Nouvelles inscriptions &#8211; 10k et Family Run uniquement<br \/>Collection de bavettes<br \/>Piste d&rsquo;athl\u00e9tisme &#8211; Pian di Poma &#8211; Sanremo<\/p>\n<p>&nbsp;<\/p>\n<p>[\/et_pb_text][\/et_pb_column][\/et_pb_row][\/et_pb_section]<\/p>\n","protected":false},"excerpt":{"rendered":"<p>INSCRIPTIONS SANREMO MARATHON 2022 Marathon | Semi marathon | environ 10 km | Family RunINSCRIPTION DIRECTE Vendredi, 2 d\u00e9cembreDe 14h30 \u00e0 18hNouvelles inscriptionsCollection de bavettesLivraison des paquets de coursePiste d&rsquo;athl\u00e9tisme &#8211; Pian di Poma &#8211; Sanremo Samedi 3 d\u00e9cembrede 10h00 \u00e0 13h00 et de 14h30 \u00e0 18h00Nouvelles inscriptionsCollection de bavettesLivraison des paquets de coursePiste d&rsquo;athl\u00e9tisme [&hellip;]<\/p>\n","protected":false},"author":1,"featured_media":5971,"parent":0,"menu_order":0,"comment_status":"closed","ping_status":"closed","template":"","meta":{"_et_pb_use_builder":"on","_et_pb_old_content":"","_et_gb_content_width":"","footnotes":""},"class_list":["post-3806","page","type-page","status-publish","has-post-thumbnail","hentry"],"yoast_head":"<!-- This site is optimized with the Yoast SEO plugin v27.4 - https:\/\/yoast.com\/product\/yoast-seo-wordpress\/ -->\n<title>INSCRIPTIONS | Sanremo Marathon 07.12.2025<\/title>\n<meta name=\"description\" content=\"Les inscriptions en ligne pour le marathon de Sanremo sont ouvertes. Qu&#039;est-ce que tu attends? Inscris-toi!\" \/>\n<meta name=\"robots\" content=\"index, follow, max-snippet:-1, max-image-preview:large, max-video-preview:-1\" \/>\n<link rel=\"canonical\" href=\"https:\/\/sanremomarathon.it\/fr\/inscriptions\/\" \/>\n<meta property=\"og:locale\" content=\"fr_FR\" \/>\n<meta property=\"og:type\" content=\"article\" \/>\n<meta property=\"og:title\" content=\"INSCRIPTIONS | Sanremo Marathon 07.12.2025\" \/>\n<meta property=\"og:description\" content=\"Les inscriptions en ligne pour le marathon de Sanremo sont ouvertes. Qu&#039;est-ce que tu attends? Inscris-toi!\" \/>\n<meta property=\"og:url\" content=\"https:\/\/sanremomarathon.it\/fr\/inscriptions\/\" \/>\n<meta property=\"og:site_name\" content=\"Sanremo Marathon 07.12.2025\" \/>\n<meta property=\"article:modified_time\" content=\"2023-06-05T08:35:32+00:00\" \/>\n<meta property=\"og:image\" content=\"https:\/\/sanremomarathon.it\/wp-content\/uploads\/2023\/02\/317830247_824563095502313_571024359258184785_n.webplow.jpg\" \/>\n\t<meta property=\"og:image:width\" content=\"320\" \/>\n\t<meta property=\"og:image:height\" content=\"400\" \/>\n\t<meta property=\"og:image:type\" content=\"image\/jpeg\" \/>\n<meta name=\"twitter:label1\" content=\"Dur\u00e9e de lecture estim\u00e9e\" \/>\n\t<meta name=\"twitter:data1\" content=\"1 minute\" \/>\n<script type=\"application\/ld+json\" class=\"yoast-schema-graph\">{\"@context\":\"https:\\\/\\\/schema.org\",\"@graph\":[{\"@type\":\"WebPage\",\"@id\":\"https:\\\/\\\/sanremomarathon.it\\\/fr\\\/inscriptions\\\/\",\"url\":\"https:\\\/\\\/sanremomarathon.it\\\/fr\\\/inscriptions\\\/\",\"name\":\"INSCRIPTIONS | Sanremo Marathon 07.12.2025\",\"isPartOf\":{\"@id\":\"https:\\\/\\\/sanremomarathon.it\\\/fr\\\/#website\"},\"primaryImageOfPage\":{\"@id\":\"https:\\\/\\\/sanremomarathon.it\\\/fr\\\/inscriptions\\\/#primaryimage\"},\"image\":{\"@id\":\"https:\\\/\\\/sanremomarathon.it\\\/fr\\\/inscriptions\\\/#primaryimage\"},\"thumbnailUrl\":\"https:\\\/\\\/sanremomarathon.it\\\/wp-content\\\/uploads\\\/2023\\\/02\\\/317830247_824563095502313_571024359258184785_n.webplow.jpg\",\"datePublished\":\"2020-03-25T08:53:47+00:00\",\"dateModified\":\"2023-06-05T08:35:32+00:00\",\"description\":\"Les inscriptions en ligne pour le marathon de Sanremo sont ouvertes. Qu'est-ce que tu attends? Inscris-toi!\",\"breadcrumb\":{\"@id\":\"https:\\\/\\\/sanremomarathon.it\\\/fr\\\/inscriptions\\\/#breadcrumb\"},\"inLanguage\":\"fr-FR\",\"potentialAction\":[{\"@type\":\"ReadAction\",\"target\":[\"https:\\\/\\\/sanremomarathon.it\\\/fr\\\/inscriptions\\\/\"]}]},{\"@type\":\"ImageObject\",\"inLanguage\":\"fr-FR\",\"@id\":\"https:\\\/\\\/sanremomarathon.it\\\/fr\\\/inscriptions\\\/#primaryimage\",\"url\":\"https:\\\/\\\/sanremomarathon.it\\\/wp-content\\\/uploads\\\/2023\\\/02\\\/317830247_824563095502313_571024359258184785_n.webplow.jpg\",\"contentUrl\":\"https:\\\/\\\/sanremomarathon.it\\\/wp-content\\\/uploads\\\/2023\\\/02\\\/317830247_824563095502313_571024359258184785_n.webplow.jpg\",\"width\":320,\"height\":400,\"caption\":\"inscriptions\"},{\"@type\":\"BreadcrumbList\",\"@id\":\"https:\\\/\\\/sanremomarathon.it\\\/fr\\\/inscriptions\\\/#breadcrumb\",\"itemListElement\":[{\"@type\":\"ListItem\",\"position\":1,\"name\":\"Home\",\"item\":\"https:\\\/\\\/sanremomarathon.it\\\/fr\\\/\"},{\"@type\":\"ListItem\",\"position\":2,\"name\":\"INSCRIPTIONS\"}]},{\"@type\":\"WebSite\",\"@id\":\"https:\\\/\\\/sanremomarathon.it\\\/fr\\\/#website\",\"url\":\"https:\\\/\\\/sanremomarathon.it\\\/fr\\\/\",\"name\":\"Sanremo Marathon 07.12.2025\",\"description\":\"42K | 21K | 10K | 5K | 2.5K | Family Run\",\"potentialAction\":[{\"@type\":\"SearchAction\",\"target\":{\"@type\":\"EntryPoint\",\"urlTemplate\":\"https:\\\/\\\/sanremomarathon.it\\\/fr\\\/?s={search_term_string}\"},\"query-input\":{\"@type\":\"PropertyValueSpecification\",\"valueRequired\":true,\"valueName\":\"search_term_string\"}}],\"inLanguage\":\"fr-FR\"}]}<\/script>\n<!-- \/ Yoast SEO plugin. -->","yoast_head_json":{"title":"INSCRIPTIONS | Sanremo Marathon 07.12.2025","description":"Les inscriptions en ligne pour le marathon de Sanremo sont ouvertes. Qu'est-ce que tu attends? Inscris-toi!","robots":{"index":"index","follow":"follow","max-snippet":"max-snippet:-1","max-image-preview":"max-image-preview:large","max-video-preview":"max-video-preview:-1"},"canonical":"https:\/\/sanremomarathon.it\/fr\/inscriptions\/","og_locale":"fr_FR","og_type":"article","og_title":"INSCRIPTIONS | Sanremo Marathon 07.12.2025","og_description":"Les inscriptions en ligne pour le marathon de Sanremo sont ouvertes. Qu'est-ce que tu attends? Inscris-toi!","og_url":"https:\/\/sanremomarathon.it\/fr\/inscriptions\/","og_site_name":"Sanremo Marathon 07.12.2025","article_modified_time":"2023-06-05T08:35:32+00:00","og_image":[{"width":320,"height":400,"url":"https:\/\/sanremomarathon.it\/wp-content\/uploads\/2023\/02\/317830247_824563095502313_571024359258184785_n.webplow.jpg","type":"image\/jpeg"}],"twitter_misc":{"Dur\u00e9e de lecture estim\u00e9e":"1 minute"},"schema":{"@context":"https:\/\/schema.org","@graph":[{"@type":"WebPage","@id":"https:\/\/sanremomarathon.it\/fr\/inscriptions\/","url":"https:\/\/sanremomarathon.it\/fr\/inscriptions\/","name":"INSCRIPTIONS | Sanremo Marathon 07.12.2025","isPartOf":{"@id":"https:\/\/sanremomarathon.it\/fr\/#website"},"primaryImageOfPage":{"@id":"https:\/\/sanremomarathon.it\/fr\/inscriptions\/#primaryimage"},"image":{"@id":"https:\/\/sanremomarathon.it\/fr\/inscriptions\/#primaryimage"},"thumbnailUrl":"https:\/\/sanremomarathon.it\/wp-content\/uploads\/2023\/02\/317830247_824563095502313_571024359258184785_n.webplow.jpg","datePublished":"2020-03-25T08:53:47+00:00","dateModified":"2023-06-05T08:35:32+00:00","description":"Les inscriptions en ligne pour le marathon de Sanremo sont ouvertes. Qu'est-ce que tu attends? Inscris-toi!","breadcrumb":{"@id":"https:\/\/sanremomarathon.it\/fr\/inscriptions\/#breadcrumb"},"inLanguage":"fr-FR","potentialAction":[{"@type":"ReadAction","target":["https:\/\/sanremomarathon.it\/fr\/inscriptions\/"]}]},{"@type":"ImageObject","inLanguage":"fr-FR","@id":"https:\/\/sanremomarathon.it\/fr\/inscriptions\/#primaryimage","url":"https:\/\/sanremomarathon.it\/wp-content\/uploads\/2023\/02\/317830247_824563095502313_571024359258184785_n.webplow.jpg","contentUrl":"https:\/\/sanremomarathon.it\/wp-content\/uploads\/2023\/02\/317830247_824563095502313_571024359258184785_n.webplow.jpg","width":320,"height":400,"caption":"inscriptions"},{"@type":"BreadcrumbList","@id":"https:\/\/sanremomarathon.it\/fr\/inscriptions\/#breadcrumb","itemListElement":[{"@type":"ListItem","position":1,"name":"Home","item":"https:\/\/sanremomarathon.it\/fr\/"},{"@type":"ListItem","position":2,"name":"INSCRIPTIONS"}]},{"@type":"WebSite","@id":"https:\/\/sanremomarathon.it\/fr\/#website","url":"https:\/\/sanremomarathon.it\/fr\/","name":"Sanremo Marathon 07.12.2025","description":"42K | 21K | 10K | 5K | 2.5K | Family Run","potentialAction":[{"@type":"SearchAction","target":{"@type":"EntryPoint","urlTemplate":"https:\/\/sanremomarathon.it\/fr\/?s={search_term_string}"},"query-input":{"@type":"PropertyValueSpecification","valueRequired":true,"valueName":"search_term_string"}}],"inLanguage":"fr-FR"}]}},"_links":{"self":[{"href":"https:\/\/sanremomarathon.it\/fr\/wp-json\/wp\/v2\/pages\/3806","targetHints":{"allow":["GET"]}}],"collection":[{"href":"https:\/\/sanremomarathon.it\/fr\/wp-json\/wp\/v2\/pages"}],"about":[{"href":"https:\/\/sanremomarathon.it\/fr\/wp-json\/wp\/v2\/types\/page"}],"author":[{"embeddable":true,"href":"https:\/\/sanremomarathon.it\/fr\/wp-json\/wp\/v2\/users\/1"}],"replies":[{"embeddable":true,"href":"https:\/\/sanremomarathon.it\/fr\/wp-json\/wp\/v2\/comments?post=3806"}],"version-history":[{"count":7,"href":"https:\/\/sanremomarathon.it\/fr\/wp-json\/wp\/v2\/pages\/3806\/revisions"}],"predecessor-version":[{"id":8031,"href":"https:\/\/sanremomarathon.it\/fr\/wp-json\/wp\/v2\/pages\/3806\/revisions\/8031"}],"wp:featuredmedia":[{"embeddable":true,"href":"https:\/\/sanremomarathon.it\/fr\/wp-json\/wp\/v2\/media\/5971"}],"wp:attachment":[{"href":"https:\/\/sanremomarathon.it\/fr\/wp-json\/wp\/v2\/media?parent=3806"}],"curies":[{"name":"wp","href":"https:\/\/api.w.org\/{rel}","templated":true}]}}