{"id":3258,"date":"2019-01-24T11:02:32","date_gmt":"2019-01-24T11:02:32","guid":{"rendered":"http:\/\/beta.sanremomarathon.it\/?page_id=3258"},"modified":"2025-08-27T10:50:38","modified_gmt":"2025-08-27T10:50:38","slug":"video-series","status":"publish","type":"page","link":"https:\/\/sanremomarathon.it\/fr\/video-series\/","title":{"rendered":"Video Series"},"content":{"rendered":"<h3>Sky Sport Icarus Sanremo Marathon 2018<\/h3>\n<p><iframe loading=\"lazy\" src=\"https:\/\/player.vimeo.com\/video\/313124737\" width=\"640\" height=\"360\" frameborder=\"0\" allowfullscreen=\"allowfullscreen\"><\/iframe><\/p>\n<h3>ICARUS SKY SPORT SANREMO MARATHON 2018 PROMO<\/h3>\n<p><iframe loading=\"lazy\" src=\"https:\/\/player.vimeo.com\/video\/312084494\" width=\"640\" height=\"360\" frameborder=\"0\" allowfullscreen=\"allowfullscreen\"><\/iframe><\/p>\n","protected":false},"excerpt":{"rendered":"<p>Sky Sport Icarus Sanremo Marathon 2018 ICARUS SKY SPORT SANREMO MARATHON 2018 PROMO<\/p>\n","protected":false},"author":1,"featured_media":0,"parent":0,"menu_order":0,"comment_status":"closed","ping_status":"closed","template":"","meta":{"_et_pb_use_builder":"","_et_pb_old_content":"","_et_gb_content_width":"","footnotes":""},"class_list":["post-3258","page","type-page","status-publish","hentry"],"yoast_head":"<!-- This site is optimized with the Yoast SEO plugin v26.6 - https:\/\/yoast.com\/wordpress\/plugins\/seo\/ -->\n<title>Video Series | Sanremo Marathon 06.12.2026<\/title>\n<meta name=\"description\" content=\"Regardez nos vid\u00e9os mettant en vedette les courses et les protagonistes des diff\u00e9rentes \u00e9ditions du Marathon de San Remo.\" \/>\n<meta name=\"robots\" content=\"index, follow, max-snippet:-1, max-image-preview:large, max-video-preview:-1\" \/>\n<link rel=\"canonical\" href=\"https:\/\/sanremomarathon.it\/fr\/video-series\/\" \/>\n<meta property=\"og:locale\" content=\"fr_FR\" \/>\n<meta property=\"og:type\" content=\"article\" \/>\n<meta property=\"og:title\" content=\"Video Series | Sanremo Marathon 06.12.2026\" \/>\n<meta property=\"og:description\" content=\"Regardez nos vid\u00e9os mettant en vedette les courses et les protagonistes des diff\u00e9rentes \u00e9ditions du Marathon de San Remo.\" \/>\n<meta property=\"og:url\" content=\"https:\/\/sanremomarathon.it\/fr\/video-series\/\" \/>\n<meta property=\"og:site_name\" content=\"Sanremo Marathon 06.12.2026\" \/>\n<meta property=\"article:modified_time\" content=\"2025-08-27T10:50:38+00:00\" \/>\n<meta name=\"twitter:label1\" content=\"Dur\u00e9e de lecture estim\u00e9e\" \/>\n\t<meta name=\"twitter:data1\" content=\"1 minute\" \/>\n<script type=\"application\/ld+json\" class=\"yoast-schema-graph\">{\"@context\":\"https:\/\/schema.org\",\"@graph\":[{\"@type\":\"WebPage\",\"@id\":\"https:\/\/sanremomarathon.it\/fr\/video-series\/\",\"url\":\"https:\/\/sanremomarathon.it\/fr\/video-series\/\",\"name\":\"Video Series | Sanremo Marathon 06.12.2026\",\"isPartOf\":{\"@id\":\"https:\/\/sanremomarathon.it\/fr\/#website\"},\"datePublished\":\"2019-01-24T11:02:32+00:00\",\"dateModified\":\"2025-08-27T10:50:38+00:00\",\"description\":\"Regardez nos vid\u00e9os mettant en vedette les courses et les protagonistes des diff\u00e9rentes \u00e9ditions du Marathon de San Remo.\",\"breadcrumb\":{\"@id\":\"https:\/\/sanremomarathon.it\/fr\/video-series\/#breadcrumb\"},\"inLanguage\":\"fr-FR\",\"potentialAction\":[{\"@type\":\"ReadAction\",\"target\":[\"https:\/\/sanremomarathon.it\/fr\/video-series\/\"]}]},{\"@type\":\"BreadcrumbList\",\"@id\":\"https:\/\/sanremomarathon.it\/fr\/video-series\/#breadcrumb\",\"itemListElement\":[{\"@type\":\"ListItem\",\"position\":1,\"name\":\"Home\",\"item\":\"https:\/\/sanremomarathon.it\/fr\/\"},{\"@type\":\"ListItem\",\"position\":2,\"name\":\"Video Series\"}]},{\"@type\":\"WebSite\",\"@id\":\"https:\/\/sanremomarathon.it\/fr\/#website\",\"url\":\"https:\/\/sanremomarathon.it\/fr\/\",\"name\":\"Sanremo Marathon 06.12.2026\",\"description\":\"42K | 21K | 10K | 5K | 2.5K | Family Run\",\"potentialAction\":[{\"@type\":\"SearchAction\",\"target\":{\"@type\":\"EntryPoint\",\"urlTemplate\":\"https:\/\/sanremomarathon.it\/fr\/?s={search_term_string}\"},\"query-input\":{\"@type\":\"PropertyValueSpecification\",\"valueRequired\":true,\"valueName\":\"search_term_string\"}}],\"inLanguage\":\"fr-FR\"}]}<\/script>\n<!-- \/ Yoast SEO plugin. -->","yoast_head_json":{"title":"Video Series | Sanremo Marathon 06.12.2026","description":"Regardez nos vid\u00e9os mettant en vedette les courses et les protagonistes des diff\u00e9rentes \u00e9ditions du Marathon de San Remo.","robots":{"index":"index","follow":"follow","max-snippet":"max-snippet:-1","max-image-preview":"max-image-preview:large","max-video-preview":"max-video-preview:-1"},"canonical":"https:\/\/sanremomarathon.it\/fr\/video-series\/","og_locale":"fr_FR","og_type":"article","og_title":"Video Series | Sanremo Marathon 06.12.2026","og_description":"Regardez nos vid\u00e9os mettant en vedette les courses et les protagonistes des diff\u00e9rentes \u00e9ditions du Marathon de San Remo.","og_url":"https:\/\/sanremomarathon.it\/fr\/video-series\/","og_site_name":"Sanremo Marathon 06.12.2026","article_modified_time":"2025-08-27T10:50:38+00:00","twitter_misc":{"Dur\u00e9e de lecture estim\u00e9e":"1 minute"},"schema":{"@context":"https:\/\/schema.org","@graph":[{"@type":"WebPage","@id":"https:\/\/sanremomarathon.it\/fr\/video-series\/","url":"https:\/\/sanremomarathon.it\/fr\/video-series\/","name":"Video Series | Sanremo Marathon 06.12.2026","isPartOf":{"@id":"https:\/\/sanremomarathon.it\/fr\/#website"},"datePublished":"2019-01-24T11:02:32+00:00","dateModified":"2025-08-27T10:50:38+00:00","description":"Regardez nos vid\u00e9os mettant en vedette les courses et les protagonistes des diff\u00e9rentes \u00e9ditions du Marathon de San Remo.","breadcrumb":{"@id":"https:\/\/sanremomarathon.it\/fr\/video-series\/#breadcrumb"},"inLanguage":"fr-FR","potentialAction":[{"@type":"ReadAction","target":["https:\/\/sanremomarathon.it\/fr\/video-series\/"]}]},{"@type":"BreadcrumbList","@id":"https:\/\/sanremomarathon.it\/fr\/video-series\/#breadcrumb","itemListElement":[{"@type":"ListItem","position":1,"name":"Home","item":"https:\/\/sanremomarathon.it\/fr\/"},{"@type":"ListItem","position":2,"name":"Video Series"}]},{"@type":"WebSite","@id":"https:\/\/sanremomarathon.it\/fr\/#website","url":"https:\/\/sanremomarathon.it\/fr\/","name":"Sanremo Marathon 06.12.2026","description":"42K | 21K | 10K | 5K | 2.5K | Family Run","potentialAction":[{"@type":"SearchAction","target":{"@type":"EntryPoint","urlTemplate":"https:\/\/sanremomarathon.it\/fr\/?s={search_term_string}"},"query-input":{"@type":"PropertyValueSpecification","valueRequired":true,"valueName":"search_term_string"}}],"inLanguage":"fr-FR"}]}},"_links":{"self":[{"href":"https:\/\/sanremomarathon.it\/fr\/wp-json\/wp\/v2\/pages\/3258","targetHints":{"allow":["GET"]}}],"collection":[{"href":"https:\/\/sanremomarathon.it\/fr\/wp-json\/wp\/v2\/pages"}],"about":[{"href":"https:\/\/sanremomarathon.it\/fr\/wp-json\/wp\/v2\/types\/page"}],"author":[{"embeddable":true,"href":"https:\/\/sanremomarathon.it\/fr\/wp-json\/wp\/v2\/users\/1"}],"replies":[{"embeddable":true,"href":"https:\/\/sanremomarathon.it\/fr\/wp-json\/wp\/v2\/comments?post=3258"}],"version-history":[{"count":1,"href":"https:\/\/sanremomarathon.it\/fr\/wp-json\/wp\/v2\/pages\/3258\/revisions"}],"predecessor-version":[{"id":3259,"href":"https:\/\/sanremomarathon.it\/fr\/wp-json\/wp\/v2\/pages\/3258\/revisions\/3259"}],"wp:attachment":[{"href":"https:\/\/sanremomarathon.it\/fr\/wp-json\/wp\/v2\/media?parent=3258"}],"curies":[{"name":"wp","href":"https:\/\/api.w.org\/{rel}","templated":true}]}}