{"id":323,"date":"2015-06-09T13:57:22","date_gmt":"2015-06-09T13:57:22","guid":{"rendered":"http:\/\/beta.sanremomarathon.it\/?page_id=323"},"modified":"2021-12-03T19:27:01","modified_gmt":"2021-12-03T19:27:01","slug":"marathon-de-san-remo","status":"publish","type":"page","link":"https:\/\/sanremomarathon.it\/fr\/marathon-de-san-remo\/","title":{"rendered":"PAGE D&rsquo;ACCUEIL"},"content":{"rendered":"<p>[et_pb_section background_image=\u00a0\u00bbhttps:\/\/sanremomarathon.it\/wp-content\/uploads\/2014\/08\/IMG_1203.jpg\u00a0\u00bb transparent_background=\u00a0\u00bboff\u00a0\u00bb background_color=\u00a0\u00bb#ffffff\u00a0\u00bb inner_shadow=\u00a0\u00bboff\u00a0\u00bb parallax=\u00a0\u00bboff\u00a0\u00bb parallax_method=\u00a0\u00bboff\u00a0\u00bb][et_pb_row][et_pb_column type=\u00a0\u00bb1_3&Prime;][et_pb_text admin_label=\u00a0\u00bbText\u00a0\u00bb background_layout=\u00a0\u00bbdark\u00a0\u00bb text_orientation=\u00a0\u00bbleft\u00a0\u00bb]<\/p>\n<h1><span style=\"color: #ffffff;\"><b>SANREMO MARATHON<\/b><\/span><\/h1>\n<h1><span style=\"color: #ffffff;\"><i>Cycling Riviera Run<\/i><\/span><\/h1>\n<h3><span style=\"color: #ffffff;\">10 K et Family Run<\/span><\/h3>\n<h4><strong><span style=\"color: #ffffff;\"><a href=\"https:\/\/www.cronoimperia.it\/joomla\/images\/Classifiche_2017\/Atletica\/Maratona_sanremo\/assoluta_maratona.pdf\" target=\"_blank\" rel=\"noopener noreferrer\"><u> &gt; Classement Absolu Marathon <\/u><\/a><\/span><\/strong><\/h4>\n<h4><strong><span style=\"color: #ffffff;\"><a href=\"https:\/\/www.cronoimperia.it\/joomla\/images\/Classifiche_2017\/Atletica\/Maratona_sanremo\/maratona_categorie.pdf\" target=\"_blank\" rel=\"noopener noreferrer\"><u> &gt; Classement Cat\u00e9gorie Marathon<\/u><\/a><\/span><\/strong><\/h4>\n<p><\/p>\n<h4><strong><span style=\"color: #ffffff;\"><a href=\"https:\/\/www.cronoimperia.it\/joomla\/images\/Classifiche_2017\/Atletica\/Maratona_sanremo\/10_km_assoluta.pdf\" target=\"_blank\" rel=\"noopener noreferrer\"><u> &gt; Classement 10 km<\/u><\/a><\/span><\/strong><\/h4>\n<p>[\/et_pb_text][\/et_pb_column][et_pb_column type=\u00a0\u00bb1_3&Prime;][\/et_pb_column][et_pb_column type=\u00a0\u00bb1_3&Prime;][\/et_pb_column][\/et_pb_row][\/et_pb_section][et_pb_section fullwidth=\u00a0\u00bboff\u00a0\u00bb specialty=\u00a0\u00bboff\u00a0\u00bb][et_pb_row][et_pb_column type=\u00a0\u00bb1_3&Prime;][et_pb_blurb admin_label=\u00a0\u00bbBlurb\u00a0\u00bb title=\u00a0\u00bbMarathon\u00a0\u00bb url_new_window=\u00a0\u00bboff\u00a0\u00bb use_icon=\u00a0\u00bbon\u00a0\u00bb icon_color=\u00a0\u00bb#7EBEC5&Prime; use_circle=\u00a0\u00bboff\u00a0\u00bb circle_color=\u00a0\u00bb#dbd98c\u00a0\u00bb use_circle_border=\u00a0\u00bboff\u00a0\u00bb circle_border_color=\u00a0\u00bb#7EBEC5&Prime; icon_placement=\u00a0\u00bbleft\u00a0\u00bb animation=\u00a0\u00bbtop\u00a0\u00bb background_layout=\u00a0\u00bblight\u00a0\u00bb text_orientation=\u00a0\u00bbcenter\u00a0\u00bb font_icon=\u00a0\u00bb\ue033\u00a0\u00bb]<\/p>\n<p>Le Marathon de San Remo &#8211; Cycling Riviera Run suivra la piste cyclable du Parc c\u00f4tier de la Riviera des Fleurs sur 42,195 km (San Remo).<\/p>\n<p><span style=\"color: #ff0000;\"><strong>Les dossards son \u00e9puis\u00e9es<\/strong><\/span><\/p>\n<p>[\/et_pb_blurb][\/et_pb_column][et_pb_column type=\u00a0\u00bb1_3&Prime;][et_pb_blurb admin_label=\u00a0\u00bbBlurb\u00a0\u00bb title=\u00a0\u00bb10 K\u00a0\u00bb url_new_window=\u00a0\u00bboff\u00a0\u00bb use_icon=\u00a0\u00bbon\u00a0\u00bb icon_color=\u00a0\u00bb#7EBEC5&Prime; use_circle=\u00a0\u00bboff\u00a0\u00bb circle_color=\u00a0\u00bb#7EBEC5&Prime; use_circle_border=\u00a0\u00bboff\u00a0\u00bb circle_border_color=\u00a0\u00bb#7EBEC5&Prime; icon_placement=\u00a0\u00bbleft\u00a0\u00bb animation=\u00a0\u00bbtop\u00a0\u00bb background_layout=\u00a0\u00bblight\u00a0\u00bb text_orientation=\u00a0\u00bbcenter\u00a0\u00bb font_icon=\u00a0\u00bb\ue033\u00a0\u00bb]<\/p>\n<p>Le 10 K de San Remo &#8211; Cycling Riviera Run suivra la piste cyclable du Parc c\u00f4tier de la Riviera des Fleurs sur 10 km, entre San Remo.<\/p>\n<p><span style=\"color: #ff0000;\"><strong>Inscriptions ouvertes sur place<\/strong><\/span><\/p>\n<p><span style=\"color: #ff0000;\"><strong>Trusses \u00e9puis\u00e9es<\/strong><\/span><br \/>\n<span style=\"color: #ff0000;\"><strong>Tarif r\u00e9duite: 15 \u20ac<\/strong><\/span><\/p>\n<p>[\/et_pb_blurb][\/et_pb_column][et_pb_column type=\u00a0\u00bb1_3&Prime;][et_pb_blurb admin_label=\u00a0\u00bbBlurb\u00a0\u00bb url_new_window=\u00a0\u00bboff\u00a0\u00bb use_icon=\u00a0\u00bbon\u00a0\u00bb icon_color=\u00a0\u00bb#7EBEC5&Prime; use_circle=\u00a0\u00bboff\u00a0\u00bb circle_color=\u00a0\u00bb#7EBEC5&Prime; use_circle_border=\u00a0\u00bboff\u00a0\u00bb circle_border_color=\u00a0\u00bb#7EBEC5&Prime; icon_placement=\u00a0\u00bbleft\u00a0\u00bb animation=\u00a0\u00bbtop\u00a0\u00bb background_layout=\u00a0\u00bblight\u00a0\u00bb text_orientation=\u00a0\u00bbcenter\u00a0\u00bb font_icon=\u00a0\u00bb\ue033\u00a0\u00bb title=\u00a0\u00bbFamily Run\u00a0\u00bb]<\/p>\n<p>La Family Run&nbsp;aura lieu \u00e0 Sanremo sur une parcours en&nbsp;ville de 3 km<\/p>\n<p><strong><span style=\"color: #ff0000;\">INSCRIPTIONS OUVERTES SUR&nbsp;PLACE<\/span><\/strong><br \/>\n<span style=\"color: #ff0000;\">Corso degli Inglesi, 14 &#8211; Sanremo<\/span><br \/>\n<span style=\"color: #ff0000;\">(\u00e0 droite des escaliers&nbsp;du casino)<\/span><\/p>\n<p><span style=\"color: #ff0000;\">Tarif over 15: 8,00 \u20ac<br \/>\nTarif under 14: gratuit<\/span><\/p>\n<p>[\/et_pb_blurb][\/et_pb_column][\/et_pb_row][et_pb_row][et_pb_column type=\u00a0\u00bb1_3&Prime;][et_pb_blurb admin_label=\u00a0\u00bbBlurb\u00a0\u00bb title=\u00a0\u00bbVendredi 8 d\u00e9cembre\u00a0\u00bb url_new_window=\u00a0\u00bboff\u00a0\u00bb use_icon=\u00a0\u00bboff\u00a0\u00bb icon_color=\u00a0\u00bb#7EBEC5&Prime; use_circle=\u00a0\u00bboff\u00a0\u00bb circle_color=\u00a0\u00bb#7EBEC5&Prime; use_circle_border=\u00a0\u00bboff\u00a0\u00bb circle_border_color=\u00a0\u00bb#7EBEC5&Prime; icon_placement=\u00a0\u00bbtop\u00a0\u00bb animation=\u00a0\u00bbtop\u00a0\u00bb background_layout=\u00a0\u00bblight\u00a0\u00bb text_orientation=\u00a0\u00bbcenter\u00a0\u00bb]<\/p>\n<p><span style=\"color: #ff0000;\"><strong>10H00 &#8211; 19H00<\/strong><\/span><\/p>\n<p><span style=\"color: #ff0000;\"><strong>Collecte Trousse de Course<br \/>\n<\/strong>Corso degli Inglesi, 14 &#8211; Sanremo<\/span><br \/>\n<span style=\"color: #ff0000;\">(au pied des escaliers&nbsp;du casino)<\/span><strong><br \/>\n<\/strong><\/p>\n<p>&nbsp;<\/p>\n<p>&nbsp;<\/p>\n<p>[\/et_pb_blurb][\/et_pb_column][et_pb_column type=\u00a0\u00bb1_3&Prime;][et_pb_blurb admin_label=\u00a0\u00bbBlurb\u00a0\u00bb title=\u00a0\u00bbSamedi 9 d\u00e9cembre\u00a0\u00bb url_new_window=\u00a0\u00bboff\u00a0\u00bb use_icon=\u00a0\u00bboff\u00a0\u00bb icon_color=\u00a0\u00bb#7EBEC5&Prime; use_circle=\u00a0\u00bboff\u00a0\u00bb circle_color=\u00a0\u00bb#7EBEC5&Prime; use_circle_border=\u00a0\u00bboff\u00a0\u00bb circle_border_color=\u00a0\u00bb#7EBEC5&Prime; icon_placement=\u00a0\u00bbtop\u00a0\u00bb animation=\u00a0\u00bbtop\u00a0\u00bb background_layout=\u00a0\u00bblight\u00a0\u00bb text_orientation=\u00a0\u00bbcenter\u00a0\u00bb]<\/p>\n<p><span style=\"color: #ff0000;\"><strong>10H00 &#8211; 19H00<\/strong><\/span><\/p>\n<p><span style=\"color: #ff0000;\"><strong>Collecte Trousse de Course<br \/>\n<\/strong>Corso degli Inglesi, 14 &#8211; Sanremo<\/span><br \/>\n<span style=\"color: #ff0000;\">(au pied des escaliers&nbsp;du casino)<\/span><\/p>\n<p>&nbsp;<\/p>\n<p>&nbsp;<\/p>\n<p>[\/et_pb_blurb][\/et_pb_column][et_pb_column type=\u00a0\u00bb1_3&Prime;][et_pb_blurb admin_label=\u00a0\u00bbBlurb\u00a0\u00bb title=\u00a0\u00bbDimanche 10 d\u00e9cembre\u00a0\u00bb url_new_window=\u00a0\u00bboff\u00a0\u00bb use_icon=\u00a0\u00bboff\u00a0\u00bb icon_color=\u00a0\u00bb#7EBEC5&Prime; use_circle=\u00a0\u00bboff\u00a0\u00bb circle_color=\u00a0\u00bb#7EBEC5&Prime; use_circle_border=\u00a0\u00bboff\u00a0\u00bb circle_border_color=\u00a0\u00bb#7EBEC5&Prime; icon_placement=\u00a0\u00bbtop\u00a0\u00bb animation=\u00a0\u00bbtop\u00a0\u00bb background_layout=\u00a0\u00bblight\u00a0\u00bb text_orientation=\u00a0\u00bbcenter\u00a0\u00bb]<\/p>\n<p><span style=\"color: #ff0000;\"><strong>10H00 &#8211; 19H00<\/strong><\/span><\/p>\n<p><span style=\"color: #ff0000;\"><strong>Collecte&nbsp;Dossard<br \/>\n<\/strong>Corso degli Inglesi, 14 &#8211; Sanremo<\/span><br \/>\n<span style=\"color: #ff0000;\">(au pied des escaliers&nbsp;du casino)<\/span><\/p>\n<p>&nbsp;<\/p>\n<p><strong><span style=\"color: #ff0000;\">9H00 <\/span><\/strong><br \/>\n<span style=\"color: #ff0000;\"><strong>Rendez-vous pour le D\u00e9part&nbsp;<br \/>\n<\/strong>Corso degli Inglesi, 14 &#8211; Sanremo<\/span><br \/>\n<span style=\"color: #ff0000;\">(en face au casino)<\/span><\/p>\n<p><span style=\"color: #ff0000;\"><strong>13H00<\/strong><\/span><br \/>\n<span style=\"color: #ff0000;\"><strong>Prix&nbsp;<br \/>\n<\/strong>Corso Trento e Trieste, 73 &#8211; Sanremo<br \/>\n(pr\u00e8s de la plage Morgana)<br \/>\n<strong><br \/>\n<\/strong><\/span><\/p>\n<p>&nbsp;<\/p>\n<p>[\/et_pb_blurb][\/et_pb_column][\/et_pb_row][\/et_pb_section][et_pb_section fullwidth=\u00a0\u00bboff\u00a0\u00bb specialty=\u00a0\u00bboff\u00a0\u00bb transparent_background=\u00a0\u00bboff\u00a0\u00bb background_color=\u00a0\u00bb#ffffff\u00a0\u00bb inner_shadow=\u00a0\u00bboff\u00a0\u00bb parallax=\u00a0\u00bboff\u00a0\u00bb parallax_method=\u00a0\u00bboff\u00a0\u00bb background_image=\u00a0\u00bbhttps:\/\/sanremomarathon.it\/wp-content\/uploads\/2017\/12\/PIANTA-DEL-CENTRO-CITTADINO.jpeg\u00a0\u00bb allow_player_pause=\u00a0\u00bboff\u00a0\u00bb][et_pb_row][et_pb_column type=\u00a0\u00bb1_3&Prime;][\/et_pb_column][et_pb_column type=\u00a0\u00bb2_3&Prime;][\/et_pb_column][\/et_pb_row][\/et_pb_section][et_pb_section fullwidth=\u00a0\u00bboff\u00a0\u00bb specialty=\u00a0\u00bboff\u00a0\u00bb transparent_background=\u00a0\u00bboff\u00a0\u00bb background_color=\u00a0\u00bb#ffffff\u00a0\u00bb inner_shadow=\u00a0\u00bboff\u00a0\u00bb parallax=\u00a0\u00bboff\u00a0\u00bb parallax_method=\u00a0\u00bboff\u00a0\u00bb][et_pb_row][et_pb_column type=\u00a0\u00bb1_3&Prime;][et_pb_text admin_label=\u00a0\u00bbfb\u00a0\u00bb background_layout=\u00a0\u00bblight\u00a0\u00bb text_orientation=\u00a0\u00bbleft\u00a0\u00bb]<\/p>\n<div id=\"fb-root\">&nbsp;<\/div>\n<p><script type=\"text\/javascript\">\/\/ <![CDATA[ (function(d, s, id) { var js, fjs = d.getElementsByTagName(s)[0]; if (d.getElementById(id)) return; js = d.createElement(s); js.id = id; js.src = \"\/\/connect.facebook.net\/en_US\/all.js#xfbml=1&#038;appId=496682590345992\"; fjs.parentNode.insertBefore(js, fjs); }(document, 'script', 'facebook-jssdk')); \/\/ ]]><\/script><iframe loading=\"lazy\" style=\"border: none; overflow: hidden; width: 500px; height: 600px;\" src=\"\/\/www.facebook.com\/plugins\/likebox.php?href=http%3A%2F%2Fwww.facebook.com%2FSanremoMarathon%3Fref%3Dts%26fref%3Dts&amp;width=500&amp;height=600&amp;show_faces=true&amp;colorscheme=light&amp;stream=true&amp;show_border=true&amp;header=true&amp;appId=496682590345992\" width=\"450\" height=\"550\" frameborder=\"0\" scrolling=\"no\"><\/iframe>[\/et_pb_text][\/et_pb_column][et_pb_column type=\u00a0\u00bb2_3&Prime;][et_pb_text admin_label=\u00a0\u00bbSPONSOR\u00a0\u00bb background_layout=\u00a0\u00bblight\u00a0\u00bb text_orientation=\u00a0\u00bbleft\u00a0\u00bb]<\/p>\n<h2 style=\"text-align: center;\">SPONSORS ET PARTENAIRES<\/h2>\n<p>&nbsp;<\/p>\n<table>\n<tbody>\n<tr>\n<td><img loading=\"lazy\" decoding=\"async\" class=\"size-medium wp-image-2191 aligncenter\" src=\"https:\/\/sanremomarathon.it\/wp-content\/uploads\/2014\/08\/comune-di-sanremo-300x216.jpg\" alt=\"\" width=\"300\" height=\"216\"><\/td>\n<td><img loading=\"lazy\" decoding=\"async\" class=\"size-full wp-image-2192 aligncenter\" src=\"https:\/\/sanremomarathon.it\/wp-content\/uploads\/2014\/08\/area-24.jpg\" alt=\"\" width=\"150\" height=\"150\"><\/td>\n<\/tr>\n<tr>\n<td><img loading=\"lazy\" decoding=\"async\" class=\"aligncenter wp-image-2193 size-medium\" src=\"https:\/\/sanremomarathon.it\/wp-content\/uploads\/2014\/08\/casino-di-sanremo-300x68.png\" alt=\"\" width=\"300\" height=\"68\"><\/td>\n<td><img loading=\"lazy\" decoding=\"async\" class=\"aligncenter wp-image-2195 size-full\" src=\"https:\/\/sanremomarathon.it\/wp-content\/uploads\/2014\/08\/bcc-caraglio.png\" alt=\"\" width=\"264\" height=\"44\"><\/td>\n<td><img loading=\"lazy\" decoding=\"async\" class=\"alignnone size-thumbnail wp-image-2225\" src=\"https:\/\/sanremomarathon.it\/wp-content\/uploads\/2014\/08\/costa-ligure-150x150.jpg\" alt=\"\" width=\"150\" height=\"150\" srcset=\"https:\/\/sanremomarathon.it\/wp-content\/uploads\/2014\/08\/costa-ligure-150x150.jpg 150w, https:\/\/sanremomarathon.it\/wp-content\/uploads\/2014\/08\/costa-ligure-300x300.jpg 300w, https:\/\/sanremomarathon.it\/wp-content\/uploads\/2014\/08\/costa-ligure.jpg 745w\" sizes=\"(max-width: 150px) 100vw, 150px\" \/><\/td>\n<\/tr>\n<tr>\n<td><img loading=\"lazy\" decoding=\"async\" class=\"aligncenter wp-image-2227 size-full\" src=\"https:\/\/sanremomarathon.it\/wp-content\/uploads\/2014\/08\/Logo-Sanremo-On-e1511779055983.png\" alt=\"\" width=\"152\" height=\"22\"><\/td>\n<td><img loading=\"lazy\" decoding=\"async\" class=\"aligncenter wp-image-2228 size-full\" src=\"https:\/\/sanremomarathon.it\/wp-content\/uploads\/2014\/08\/Logo-Ariston2-e1511779232415.png\" alt=\"\" width=\"151\" height=\"45\"><\/td>\n<td><img loading=\"lazy\" decoding=\"async\" class=\"aligncenter wp-image-2270 size-full\" src=\"https:\/\/sanremomarathon.it\/wp-content\/uploads\/2014\/08\/watt-e1512556033194.png\" alt=\"\" width=\"149\" height=\"30\"><\/td>\n<\/tr>\n<tr>\n<td><img loading=\"lazy\" decoding=\"async\" class=\"aligncenter wp-image-2271 size-full\" src=\"https:\/\/sanremomarathon.it\/wp-content\/uploads\/2014\/08\/laborest-e1512556143650.png\" alt=\"\" width=\"151\" height=\"48\"><\/td>\n<td><img loading=\"lazy\" decoding=\"async\" class=\"aligncenter wp-image-2272 size-full\" src=\"https:\/\/sanremomarathon.it\/wp-content\/uploads\/2014\/08\/farmacia-colombo-e1512556465551.png\" alt=\"\" width=\"149\" height=\"60\"><\/td>\n<\/tr>\n<\/tbody>\n<\/table>\n<p>[\/et_pb_text][\/et_pb_column][\/et_pb_row][\/et_pb_section][et_pb_section fullwidth=\u00a0\u00bboff\u00a0\u00bb specialty=\u00a0\u00bboff\u00a0\u00bb transparent_background=\u00a0\u00bboff\u00a0\u00bb background_color=\u00a0\u00bb#cccccc\u00a0\u00bb inner_shadow=\u00a0\u00bboff\u00a0\u00bb parallax=\u00a0\u00bboff\u00a0\u00bb parallax_method=\u00a0\u00bboff\u00a0\u00bb][et_pb_row][et_pb_column type=\u00a0\u00bb1_3&Prime;][et_pb_text admin_label=\u00a0\u00bbcycling\u00a0\u00bb background_layout=\u00a0\u00bblight\u00a0\u00bb text_orientation=\u00a0\u00bbleft\u00a0\u00bb]<\/p>\n<h2>CYCLING RIVIERA<br \/>\nPARC C\u00d4TIER DE LA RIVIERA DES FLEURS<\/h2>\n<p>En l&rsquo;an&nbsp;2000, la Riviera des Fleurs a vu l&rsquo;av\u00e8nement d&rsquo;un chantier consid\u00e9rable, attendu depuis&nbsp;un si\u00e8cle: le d\u00e9placement en amont et le doublement des rails de chemins de fer. Gr\u00e2ce au d\u00e9placement des trains vers l&rsquo;int\u00e9rieur, un pr\u00e9cieux espace directement en contact avec la mer a \u00e9t\u00e9 d\u00e9gag\u00e9, \u00e0 l&rsquo;endroit o\u00f9&nbsp;en 1870 fut r\u00e9alis\u00e9 le chemin de fer qui reliait l&rsquo;Italie \u00e0 la France. Les autorit\u00e9s d\u00e9cid\u00e8rent de saisir cette incroyable&nbsp;opportunit\u00e9 en cr\u00e9ant une&nbsp;soci\u00e9t\u00e9, Area 24 SpA, dont la mission \u00e9tait&nbsp;de transformer l&rsquo;ancien parcours ferroviaire en un v\u00e9ritable parc naturel c\u00f4tier, travers\u00e9 par une piste cyclable de 24 km de long. Voil\u00e0 ce qu&rsquo;est&nbsp;la Cycling Riviera, o\u00f9 se d\u00e9rouleront toutes les \u00e9preuves faisant partie du Marathon de San Remo &#8211; Cycling Riviera Run.[\/et_pb_text][\/et_pb_column][et_pb_column type=\u00a0\u00bb2_3&Prime;][et_pb_text admin_label=\u00a0\u00bbvideo\u00a0\u00bb background_layout=\u00a0\u00bblight\u00a0\u00bb text_orientation=\u00a0\u00bbleft\u00a0\u00bb]<\/p>\n<h3 style=\"text-align: center;\">10 d\u00e9cembre 2017 &#8211; la&nbsp;mer et le ciel de la Riviera t&rsquo;attendent!<\/h3>\n<p style=\"text-align: center;\">Parcours en avant-premi\u00e8re les 42,195 km du&nbsp;Semi-Marathon de San Remo qui se d\u00e9roule&nbsp;enti\u00e8rement au bord de la Mer de Ligurie.<\/p>\n<p>[\/et_pb_text][\/et_pb_column][\/et_pb_row][\/et_pb_section]<\/p>\n","protected":false},"excerpt":{"rendered":"<p><div class=\"et_pb_row et_pb_row_0 et_pb_row_empty\">\n\t\t\t\t\n\t\t\t\t\n\t\t\t\t\n\t\t\t\t\n\t\t\t\t\n\t\t\t<\/div>SANREMO MARATHON Cycling Riviera Run 10 K et Family Run &gt; Classement Absolu Marathon &gt; Classement Cat\u00e9gorie Marathon &gt; Classement 10 km<div class=\"et_pb_row et_pb_row_1 et_pb_row_empty\">\n\t\t\t\t\n\t\t\t\t\n\t\t\t\t\n\t\t\t\t\n\t\t\t\t\n\t\t\t<\/div> Le Marathon de San Remo &#8211; Cycling Riviera Run suivra la piste cyclable du Parc c\u00f4tier de la Riviera des Fleurs sur 42,195 km (San Remo). Les dossards son \u00e9puis\u00e9es Le 10 K [&hellip;]<\/p>\n","protected":false},"author":1,"featured_media":0,"parent":0,"menu_order":0,"comment_status":"open","ping_status":"closed","template":"","meta":{"_et_pb_use_builder":"on","_et_pb_old_content":"","_et_gb_content_width":"","footnotes":""},"class_list":["post-323","page","type-page","status-publish","hentry"],"yoast_head":"<!-- This site is optimized with the Yoast SEO plugin v27.4 - https:\/\/yoast.com\/product\/yoast-seo-wordpress\/ -->\n<title>PAGE D&#039;ACCUEIL | Sanremo Marathon 07.12.2025<\/title>\n<meta name=\"description\" content=\"Le Marathon de San Remo 2017 se d\u00e9roule le long de la piste cyclable de la Riviera des Fleurs, avec la 10K et la Family Run\" \/>\n<meta name=\"robots\" content=\"index, follow, max-snippet:-1, max-image-preview:large, max-video-preview:-1\" \/>\n<link rel=\"canonical\" href=\"https:\/\/sanremomarathon.it\/fr\/marathon-de-san-remo\/\" \/>\n<meta property=\"og:locale\" content=\"fr_FR\" \/>\n<meta property=\"og:type\" content=\"article\" \/>\n<meta property=\"og:title\" content=\"PAGE D&#039;ACCUEIL | Sanremo Marathon 07.12.2025\" \/>\n<meta property=\"og:description\" content=\"Le Marathon de San Remo 2017 se d\u00e9roule le long de la piste cyclable de la Riviera des Fleurs, avec la 10K et la Family Run\" \/>\n<meta property=\"og:url\" content=\"https:\/\/sanremomarathon.it\/fr\/marathon-de-san-remo\/\" \/>\n<meta property=\"og:site_name\" content=\"Sanremo Marathon 07.12.2025\" \/>\n<meta property=\"article:modified_time\" content=\"2021-12-03T19:27:01+00:00\" \/>\n<meta property=\"og:image\" content=\"https:\/\/sanremomarathon.it\/wp-content\/uploads\/2014\/08\/comune-di-sanremo-300x216.jpg\" \/>\n<meta name=\"twitter:label1\" content=\"Dur\u00e9e de lecture estim\u00e9e\" \/>\n\t<meta name=\"twitter:data1\" content=\"5 minutes\" \/>\n<script type=\"application\/ld+json\" class=\"yoast-schema-graph\">{\"@context\":\"https:\\\/\\\/schema.org\",\"@graph\":[{\"@type\":\"WebPage\",\"@id\":\"https:\\\/\\\/sanremomarathon.it\\\/fr\\\/marathon-de-san-remo\\\/\",\"url\":\"https:\\\/\\\/sanremomarathon.it\\\/fr\\\/marathon-de-san-remo\\\/\",\"name\":\"PAGE D'ACCUEIL | Sanremo Marathon 07.12.2025\",\"isPartOf\":{\"@id\":\"https:\\\/\\\/sanremomarathon.it\\\/fr\\\/#website\"},\"primaryImageOfPage\":{\"@id\":\"https:\\\/\\\/sanremomarathon.it\\\/fr\\\/marathon-de-san-remo\\\/#primaryimage\"},\"image\":{\"@id\":\"https:\\\/\\\/sanremomarathon.it\\\/fr\\\/marathon-de-san-remo\\\/#primaryimage\"},\"thumbnailUrl\":\"https:\\\/\\\/sanremomarathon.it\\\/wp-content\\\/uploads\\\/2014\\\/08\\\/comune-di-sanremo-300x216.jpg\",\"datePublished\":\"2015-06-09T13:57:22+00:00\",\"dateModified\":\"2021-12-03T19:27:01+00:00\",\"description\":\"Le Marathon de San Remo 2017 se d\u00e9roule le long de la piste cyclable de la Riviera des Fleurs, avec la 10K et la Family Run\",\"breadcrumb\":{\"@id\":\"https:\\\/\\\/sanremomarathon.it\\\/fr\\\/marathon-de-san-remo\\\/#breadcrumb\"},\"inLanguage\":\"fr-FR\",\"potentialAction\":[{\"@type\":\"ReadAction\",\"target\":[\"https:\\\/\\\/sanremomarathon.it\\\/fr\\\/marathon-de-san-remo\\\/\"]}]},{\"@type\":\"ImageObject\",\"inLanguage\":\"fr-FR\",\"@id\":\"https:\\\/\\\/sanremomarathon.it\\\/fr\\\/marathon-de-san-remo\\\/#primaryimage\",\"url\":\"https:\\\/\\\/sanremomarathon.it\\\/wp-content\\\/uploads\\\/2014\\\/08\\\/comune-di-sanremo-300x216.jpg\",\"contentUrl\":\"https:\\\/\\\/sanremomarathon.it\\\/wp-content\\\/uploads\\\/2014\\\/08\\\/comune-di-sanremo-300x216.jpg\"},{\"@type\":\"BreadcrumbList\",\"@id\":\"https:\\\/\\\/sanremomarathon.it\\\/fr\\\/marathon-de-san-remo\\\/#breadcrumb\",\"itemListElement\":[{\"@type\":\"ListItem\",\"position\":1,\"name\":\"Home\",\"item\":\"https:\\\/\\\/sanremomarathon.it\\\/fr\\\/\"},{\"@type\":\"ListItem\",\"position\":2,\"name\":\"PAGE D&#8217;ACCUEIL\"}]},{\"@type\":\"WebSite\",\"@id\":\"https:\\\/\\\/sanremomarathon.it\\\/fr\\\/#website\",\"url\":\"https:\\\/\\\/sanremomarathon.it\\\/fr\\\/\",\"name\":\"Sanremo Marathon 07.12.2025\",\"description\":\"42K | 21K | 10K | 5K | 2.5K | Family Run\",\"potentialAction\":[{\"@type\":\"SearchAction\",\"target\":{\"@type\":\"EntryPoint\",\"urlTemplate\":\"https:\\\/\\\/sanremomarathon.it\\\/fr\\\/?s={search_term_string}\"},\"query-input\":{\"@type\":\"PropertyValueSpecification\",\"valueRequired\":true,\"valueName\":\"search_term_string\"}}],\"inLanguage\":\"fr-FR\"}]}<\/script>\n<!-- \/ Yoast SEO plugin. -->","yoast_head_json":{"title":"PAGE D'ACCUEIL | Sanremo Marathon 07.12.2025","description":"Le Marathon de San Remo 2017 se d\u00e9roule le long de la piste cyclable de la Riviera des Fleurs, avec la 10K et la Family Run","robots":{"index":"index","follow":"follow","max-snippet":"max-snippet:-1","max-image-preview":"max-image-preview:large","max-video-preview":"max-video-preview:-1"},"canonical":"https:\/\/sanremomarathon.it\/fr\/marathon-de-san-remo\/","og_locale":"fr_FR","og_type":"article","og_title":"PAGE D'ACCUEIL | Sanremo Marathon 07.12.2025","og_description":"Le Marathon de San Remo 2017 se d\u00e9roule le long de la piste cyclable de la Riviera des Fleurs, avec la 10K et la Family Run","og_url":"https:\/\/sanremomarathon.it\/fr\/marathon-de-san-remo\/","og_site_name":"Sanremo Marathon 07.12.2025","article_modified_time":"2021-12-03T19:27:01+00:00","og_image":[{"url":"https:\/\/sanremomarathon.it\/wp-content\/uploads\/2014\/08\/comune-di-sanremo-300x216.jpg","type":"","width":"","height":""}],"twitter_misc":{"Dur\u00e9e de lecture estim\u00e9e":"5 minutes"},"schema":{"@context":"https:\/\/schema.org","@graph":[{"@type":"WebPage","@id":"https:\/\/sanremomarathon.it\/fr\/marathon-de-san-remo\/","url":"https:\/\/sanremomarathon.it\/fr\/marathon-de-san-remo\/","name":"PAGE D'ACCUEIL | Sanremo Marathon 07.12.2025","isPartOf":{"@id":"https:\/\/sanremomarathon.it\/fr\/#website"},"primaryImageOfPage":{"@id":"https:\/\/sanremomarathon.it\/fr\/marathon-de-san-remo\/#primaryimage"},"image":{"@id":"https:\/\/sanremomarathon.it\/fr\/marathon-de-san-remo\/#primaryimage"},"thumbnailUrl":"https:\/\/sanremomarathon.it\/wp-content\/uploads\/2014\/08\/comune-di-sanremo-300x216.jpg","datePublished":"2015-06-09T13:57:22+00:00","dateModified":"2021-12-03T19:27:01+00:00","description":"Le Marathon de San Remo 2017 se d\u00e9roule le long de la piste cyclable de la Riviera des Fleurs, avec la 10K et la Family Run","breadcrumb":{"@id":"https:\/\/sanremomarathon.it\/fr\/marathon-de-san-remo\/#breadcrumb"},"inLanguage":"fr-FR","potentialAction":[{"@type":"ReadAction","target":["https:\/\/sanremomarathon.it\/fr\/marathon-de-san-remo\/"]}]},{"@type":"ImageObject","inLanguage":"fr-FR","@id":"https:\/\/sanremomarathon.it\/fr\/marathon-de-san-remo\/#primaryimage","url":"https:\/\/sanremomarathon.it\/wp-content\/uploads\/2014\/08\/comune-di-sanremo-300x216.jpg","contentUrl":"https:\/\/sanremomarathon.it\/wp-content\/uploads\/2014\/08\/comune-di-sanremo-300x216.jpg"},{"@type":"BreadcrumbList","@id":"https:\/\/sanremomarathon.it\/fr\/marathon-de-san-remo\/#breadcrumb","itemListElement":[{"@type":"ListItem","position":1,"name":"Home","item":"https:\/\/sanremomarathon.it\/fr\/"},{"@type":"ListItem","position":2,"name":"PAGE D&#8217;ACCUEIL"}]},{"@type":"WebSite","@id":"https:\/\/sanremomarathon.it\/fr\/#website","url":"https:\/\/sanremomarathon.it\/fr\/","name":"Sanremo Marathon 07.12.2025","description":"42K | 21K | 10K | 5K | 2.5K | Family Run","potentialAction":[{"@type":"SearchAction","target":{"@type":"EntryPoint","urlTemplate":"https:\/\/sanremomarathon.it\/fr\/?s={search_term_string}"},"query-input":{"@type":"PropertyValueSpecification","valueRequired":true,"valueName":"search_term_string"}}],"inLanguage":"fr-FR"}]}},"_links":{"self":[{"href":"https:\/\/sanremomarathon.it\/fr\/wp-json\/wp\/v2\/pages\/323","targetHints":{"allow":["GET"]}}],"collection":[{"href":"https:\/\/sanremomarathon.it\/fr\/wp-json\/wp\/v2\/pages"}],"about":[{"href":"https:\/\/sanremomarathon.it\/fr\/wp-json\/wp\/v2\/types\/page"}],"author":[{"embeddable":true,"href":"https:\/\/sanremomarathon.it\/fr\/wp-json\/wp\/v2\/users\/1"}],"replies":[{"embeddable":true,"href":"https:\/\/sanremomarathon.it\/fr\/wp-json\/wp\/v2\/comments?post=323"}],"version-history":[{"count":45,"href":"https:\/\/sanremomarathon.it\/fr\/wp-json\/wp\/v2\/pages\/323\/revisions"}],"predecessor-version":[{"id":4727,"href":"https:\/\/sanremomarathon.it\/fr\/wp-json\/wp\/v2\/pages\/323\/revisions\/4727"}],"wp:attachment":[{"href":"https:\/\/sanremomarathon.it\/fr\/wp-json\/wp\/v2\/media?parent=323"}],"curies":[{"name":"wp","href":"https:\/\/api.w.org\/{rel}","templated":true}]}}