{"id":1850,"date":"2017-05-20T10:11:26","date_gmt":"2017-05-20T10:11:26","guid":{"rendered":"http:\/\/beta.sanremomarathon.it\/?page_id=1850\/"},"modified":"2025-12-03T17:36:50","modified_gmt":"2025-12-03T17:36:50","slug":"programme","status":"publish","type":"page","link":"https:\/\/sanremomarathon.it\/fr\/marathon\/programme\/","title":{"rendered":"Programme"},"content":{"rendered":"<p>[et_pb_section fb_built=\u00a0\u00bb1&Prime; _builder_version=\u00a0\u00bb4.16&Prime; locked=\u00a0\u00bboff\u00a0\u00bb global_colors_info=\u00a0\u00bb{}\u00a0\u00bb][et_pb_row _builder_version=\u00a0\u00bb4.27.4&Prime; _module_preset=\u00a0\u00bbdefault\u00a0\u00bb locked=\u00a0\u00bboff\u00a0\u00bb global_colors_info=\u00a0\u00bb{}\u00a0\u00bb][et_pb_column type=\u00a0\u00bb4_4&Prime; _builder_version=\u00a0\u00bb4.27.4&Prime; _module_preset=\u00a0\u00bbdefault\u00a0\u00bb global_colors_info=\u00a0\u00bb{}\u00a0\u00bb][et_pb_text _builder_version=\u00a0\u00bb4.27.4&Prime; _module_preset=\u00a0\u00bbdefault\u00a0\u00bb text_text_color=\u00a0\u00bb#f2de5e\u00a0\u00bb text_font_size=\u00a0\u00bb16px\u00a0\u00bb text_line_height=\u00a0\u00bb1em\u00a0\u00bb header_2_text_color=\u00a0\u00bb#f2de5e\u00a0\u00bb header_2_font_size=\u00a0\u00bb18px\u00a0\u00bb header_3_text_color=\u00a0\u00bb#f2de5e\u00a0\u00bb background_color=\u00a0\u00bb#FFFFFF\u00a0\u00bb custom_margin=\u00a0\u00bb||||false|false\u00a0\u00bb custom_padding=\u00a0\u00bb40px|40px|40px|40px|false|false\u00a0\u00bb hover_enabled=\u00a0\u00bb0&Prime; global_colors_info=\u00a0\u00bb{}\u00a0\u00bb sticky_enabled=\u00a0\u00bb0&Prime;]<\/p>\n<h1 style=\"text-align: center;\">\n  Programme et logistique des courses<\/p>\n<p>  SANREMO MARATHON<br \/>\n  42K | 21K | 10K<br \/>\n  &#038;<br \/>\n  Ospedaletti Run 5K &#038; Family Run<br \/>\n<\/h1>\n<p>[\/et_pb_text][\/et_pb_column][\/et_pb_row][et_pb_row _builder_version=\u00a0\u00bb4.19.4&Prime; background_size=\u00a0\u00bbinitial\u00a0\u00bb background_position=\u00a0\u00bbtop_left\u00a0\u00bb background_repeat=\u00a0\u00bbrepeat\u00a0\u00bb custom_padding=\u00a0\u00bb40px||||false|false\u00a0\u00bb global_colors_info=\u00a0\u00bb{}\u00a0\u00bb][et_pb_column type=\u00a0\u00bb4_4&Prime; _builder_version=\u00a0\u00bb4.16&Prime; custom_padding=\u00a0\u00bb|||\u00a0\u00bb global_colors_info=\u00a0\u00bb{}\u00a0\u00bb custom_padding__hover=\u00a0\u00bb|||\u00a0\u00bb][et_pb_text _builder_version=\u00a0\u00bb4.27.4&Prime; _module_preset=\u00a0\u00bbdefault\u00a0\u00bb hover_enabled=\u00a0\u00bb0&Prime; sticky_enabled=\u00a0\u00bb0&Prime;]<\/p>\n<h4>OSPEDALETTI<\/h4>\n<p>[\/et_pb_text][et_pb_text admin_label=\u00a0\u00bbOpenStreetMap\u00a0\u00bb _builder_version=\u00a0\u00bb4.27.4&Prime; _module_preset=\u00a0\u00bbdefault\u00a0\u00bb global_colors_info=\u00a0\u00bb{}\u00a0\u00bb]<iframe loading=\"lazy\" width=\"100%\" height=\"400px\" frameborder=\"0\" allowfullscreen allow=\"geolocation\" src=\"\/\/umap.openstreetmap.fr\/it\/map\/ospedaletti-run-map_1284048?scaleControl=false&#038;miniMap=false&#038;scrollWheelZoom=false&#038;zoomControl=true&#038;editMode=disabled&#038;moreControl=true&#038;searchControl=null&#038;tilelayersControl=null&#038;embedControl=null&#038;datalayersControl=true&#038;onLoadPanel=none&#038;captionBar=false&#038;captionMenus=true\"><\/iframe><\/p>\n<p><a href=\"\/\/umap.openstreetmap.fr\/it\/map\/ospedaletti-run-map_1284048?scaleControl=false&#038;miniMap=false&#038;scrollWheelZoom=true&#038;zoomControl=true&#038;editMode=disabled&#038;moreControl=true&#038;searchControl=null&#038;tilelayersControl=null&#038;embedControl=null&#038;datalayersControl=true&#038;onLoadPanel=none&#038;captionBar=false&#038;captionMenus=true\">Visualizza a schermo intero<\/a><\/p>\n<p>[\/et_pb_text][et_pb_text _builder_version=\u00a0\u00bb4.27.4&Prime; background_size=\u00a0\u00bbinitial\u00a0\u00bb background_position=\u00a0\u00bbtop_left\u00a0\u00bb background_repeat=\u00a0\u00bbrepeat\u00a0\u00bb hover_enabled=\u00a0\u00bb0&Prime; global_colors_info=\u00a0\u00bb{}\u00a0\u00bb sticky_enabled=\u00a0\u00bb0&Prime;]<\/p>\n<h4>Vendredi 5 d\u00e9cembre<\/h4>\n<p><strong>Lieu : La Piccola \u2013 ancien d\u00e9p\u00f4t de marchandises, Via Cavalieri di Malta, Ospedaletti<\/strong><br \/><strong>14:30 \u2013 18:30<\/strong><\/p>\n<ul>\n<li>\n  <span style=\"font-size: 17px; background-color: yellow;\"><br \/>\n    Retrait des dossards pour 42K, 21K, 10K, 5K, 2.5K et Family Run<br \/>\n  <\/span><\/p>\n<p>&nbsp;<\/p>\n<\/li>\n<\/ul>\n<h4>Samedi 6 d\u00e9cembre<\/h4>\n<p><strong>Lieu : La Piccola \u2013 ancien d\u00e9p\u00f4t de marchandises, Via Cavalieri di Malta, Ospedaletti<\/strong><br \/><strong>10:00 \u2013 13:00 | 14:30 \u2013 18:30<\/strong><\/p>\n<ul>\n<li>\n  <span style=\"font-size: 17px; background-color: yellow;\"><br \/>\n    Retrait des dossards pour 42K, 21K, 10K, 5K, 2.5K et Family Run<br \/>\n  <\/span><\/p>\n<p>&nbsp;<\/p>\n<\/li>\n<\/ul>\n<h4><\/h4>\n<p><strong>D\u00e9parts des courses \u2013 OSPEDALETTI RUN<\/strong><br \/>\n<strong>Lieu : Piste cyclable en face de La Piccola \u2013 ancien d\u00e9p\u00f4t de marchandises, Via XX Settembre, Ospedaletti<\/strong><\/p>\n<p><strong>13:00<\/strong> \u2192 Ospedaletti Run 5K<\/p>\n<p><strong>14:00<\/strong> \u2192 Family Run &#038; Ospedaletti Run 2.5K<\/p>\n<p><strong>15:00<\/strong> \u2192 Remise des prix pour les vainqueurs au classement g\u00e9n\u00e9ral des 5K, 2.5K et Family Run<br \/>\n\u00e0 suivre d\u00e8s que les classements d\u00e9finitifs seront disponibles<\/p>\n<p>[\/et_pb_text][\/et_pb_column][\/et_pb_row][et_pb_row _builder_version=\u00a0\u00bb4.27.4&Prime; _module_preset=\u00a0\u00bbdefault\u00a0\u00bb global_colors_info=\u00a0\u00bb{}\u00a0\u00bb][et_pb_column type=\u00a0\u00bb4_4&Prime; _builder_version=\u00a0\u00bb4.27.4&Prime; _module_preset=\u00a0\u00bbdefault\u00a0\u00bb global_colors_info=\u00a0\u00bb{}\u00a0\u00bb][et_pb_text _builder_version=\u00a0\u00bb4.27.4&Prime; _module_preset=\u00a0\u00bbdefault\u00a0\u00bb hover_enabled=\u00a0\u00bb0&Prime; sticky_enabled=\u00a0\u00bb0&Prime;]<\/p>\n<h4>SANREMO<\/h4>\n<p>[\/et_pb_text][et_pb_text admin_label=\u00a0\u00bbOpenStreetMap\u00a0\u00bb _builder_version=\u00a0\u00bb4.27.4&Prime; _module_preset=\u00a0\u00bbdefault\u00a0\u00bb global_colors_info=\u00a0\u00bb{}\u00a0\u00bb]<\/p>\n<p><iframe loading=\"lazy\" src=\"\/\/umap.openstreetmap.fr\/it\/map\/sanremo-marathon-map_1284053?scaleControl=false&amp;miniMap=false&amp;scrollWheelZoom=false&amp;zoomControl=true&amp;editMode=disabled&amp;moreControl=true&amp;searchControl=null&amp;tilelayersControl=null&amp;embedControl=null&amp;datalayersControl=true&amp;onLoadPanel=none&amp;captionBar=false&amp;captionMenus=true\" width=\"100%\" height=\"400px\" frameborder=\"0\" allowfullscreen=\"allowfullscreen\"><\/iframe><a href=\"\/\/umap.openstreetmap.fr\/it\/map\/sanremo-marathon-map_1284053?scaleControl=false&amp;miniMap=false&amp;scrollWheelZoom=true&amp;zoomControl=true&amp;editMode=disabled&amp;moreControl=true&amp;searchControl=null&amp;tilelayersControl=null&amp;embedControl=null&amp;datalayersControl=true&amp;onLoadPanel=none&amp;captionBar=false&amp;captionMenus=true\">Visualizza a schermo intero<\/a><\/p>\n<p>[\/et_pb_text][et_pb_text _builder_version=\u00a0\u00bb4.27.4&Prime; background_size=\u00a0\u00bbinitial\u00a0\u00bb background_position=\u00a0\u00bbtop_left\u00a0\u00bb background_repeat=\u00a0\u00bbrepeat\u00a0\u00bb hover_enabled=\u00a0\u00bb0&Prime; global_colors_info=\u00a0\u00bb{}\u00a0\u00bb sticky_enabled=\u00a0\u00bb0&Prime;]<\/p>\n<h4>Dimanche 7 d\u00e9cembre<\/h4>\n<p><strong>Lieu : Stade d&rsquo;athl\u00e9tisme de Sanremo, zone Pian di Poma, Via Grande Torino snc, Sanremo<\/strong><br \/><strong>7:00 \u2013 8:30<\/strong><\/p>\n<ul>\n<li>\n  <span style=\"font-size: 17px; background-color: yellow;\"><br \/>\n    Retrait des dossards<br \/>\n    Il est conseill\u00e9 de retirer les dossards vendredi et samedi \u00e0 Ospedaletti<br \/>\n  <\/span>\n<\/li>\n<\/ul>\n<p>&nbsp;<\/p>\n<p><strong>D\u00e9parts des courses :<\/strong><\/p>\n<p><strong>8:50<\/strong> \u2192 10K<\/p>\n<p><strong>9:00<\/strong> \u2192 42K et 21K<\/p>\n<p><strong>12:00<\/strong> \u2192 Remise des prix pour les vainqueurs au classement g\u00e9n\u00e9ral des 42K, 21K, 10K<br \/>\n\u00e0 suivre d\u00e8s que les classements d\u00e9finitifs seront disponibles<\/p>\n<p>[\/et_pb_text][et_pb_image src=\u00a0\u00bbhttps:\/\/sanremomarathon.it\/wp-content\/uploads\/2023\/09\/come-arrivare-a-sanremo-how-to-get-to-sanremo-comment-se-rendre-a-sanremo.jpg\u00a0\u00bb alt=\u00a0\u00bbSanremo Marathon | Villaggio\u00a0\u00bb title_text=\u00a0\u00bbSanremo Marathon | Villaggio\u00a0\u00bb _builder_version=\u00a0\u00bb4.27.4&Prime; _module_preset=\u00a0\u00bbdefault\u00a0\u00bb global_colors_info=\u00a0\u00bb{}\u00a0\u00bb][\/et_pb_image][\/et_pb_column][\/et_pb_row][\/et_pb_section]<\/p>\n","protected":false},"excerpt":{"rendered":"<p>Programme et logistique des courses SANREMO MARATHON 42K | 21K | 10K &#038; Ospedaletti Run 5K &#038; Family Run OSPEDALETTIVisualizza a schermo interoVendredi 5 d\u00e9cembre Lieu : La Piccola \u2013 ancien d\u00e9p\u00f4t de marchandises, Via Cavalieri di Malta, Ospedaletti14:30 \u2013 18:30 Retrait des dossards pour 42K, 21K, 10K, 5K, 2.5K et Family Run &nbsp; Samedi [&hellip;]<\/p>\n","protected":false},"author":1,"featured_media":5473,"parent":467,"menu_order":0,"comment_status":"closed","ping_status":"closed","template":"","meta":{"_et_pb_use_builder":"on","_et_pb_old_content":"","_et_gb_content_width":"","footnotes":""},"class_list":["post-1850","page","type-page","status-publish","has-post-thumbnail","hentry"],"yoast_head":"<!-- This site is optimized with the Yoast SEO plugin v26.6 - https:\/\/yoast.com\/wordpress\/plugins\/seo\/ -->\n<title>Programme | Sanremo Marathon 06.12.2026<\/title>\n<meta name=\"description\" content=\"Voici le programme des courses pr\u00e9vues pour le marathon de Sanremo : Marathon, 21 km, 10 km, 5km, Dog Run et Family Run.\" \/>\n<meta name=\"robots\" content=\"index, follow, max-snippet:-1, max-image-preview:large, max-video-preview:-1\" \/>\n<link rel=\"canonical\" href=\"https:\/\/sanremomarathon.it\/fr\/marathon\/programme\/\" \/>\n<meta property=\"og:locale\" content=\"fr_FR\" \/>\n<meta property=\"og:type\" content=\"article\" \/>\n<meta property=\"og:title\" content=\"Programme | Sanremo Marathon 06.12.2026\" \/>\n<meta property=\"og:description\" content=\"Voici le programme des courses pr\u00e9vues pour le marathon de Sanremo : Marathon, 21 km, 10 km, 5km, Dog Run et Family Run.\" \/>\n<meta property=\"og:url\" content=\"https:\/\/sanremomarathon.it\/fr\/marathon\/programme\/\" \/>\n<meta property=\"og:site_name\" content=\"Sanremo Marathon 06.12.2026\" \/>\n<meta property=\"article:modified_time\" content=\"2025-12-03T17:36:50+00:00\" \/>\n<meta property=\"og:image\" content=\"https:\/\/sanremomarathon.it\/wp-content\/uploads\/2022\/11\/sanremo-marathon-2022-programma-partenza-traguardo-pista-di-atletica-pian-di-poma-sanremo.jpg\" \/>\n\t<meta property=\"og:image:width\" content=\"800\" \/>\n\t<meta property=\"og:image:height\" content=\"600\" \/>\n\t<meta property=\"og:image:type\" content=\"image\/jpeg\" \/>\n<meta name=\"twitter:label1\" content=\"Dur\u00e9e de lecture estim\u00e9e\" \/>\n\t<meta name=\"twitter:data1\" content=\"2 minutes\" \/>\n<script type=\"application\/ld+json\" class=\"yoast-schema-graph\">{\"@context\":\"https:\/\/schema.org\",\"@graph\":[{\"@type\":\"WebPage\",\"@id\":\"https:\/\/sanremomarathon.it\/fr\/marathon\/programme\/\",\"url\":\"https:\/\/sanremomarathon.it\/fr\/marathon\/programme\/\",\"name\":\"Programme | Sanremo Marathon 06.12.2026\",\"isPartOf\":{\"@id\":\"https:\/\/sanremomarathon.it\/fr\/#website\"},\"primaryImageOfPage\":{\"@id\":\"https:\/\/sanremomarathon.it\/fr\/marathon\/programme\/#primaryimage\"},\"image\":{\"@id\":\"https:\/\/sanremomarathon.it\/fr\/marathon\/programme\/#primaryimage\"},\"thumbnailUrl\":\"https:\/\/sanremomarathon.it\/wp-content\/uploads\/2022\/11\/sanremo-marathon-2022-programma-partenza-traguardo-pista-di-atletica-pian-di-poma-sanremo.jpg\",\"datePublished\":\"2017-05-20T10:11:26+00:00\",\"dateModified\":\"2025-12-03T17:36:50+00:00\",\"description\":\"Voici le programme des courses pr\u00e9vues pour le marathon de Sanremo : Marathon, 21 km, 10 km, 5km, Dog Run et Family Run.\",\"breadcrumb\":{\"@id\":\"https:\/\/sanremomarathon.it\/fr\/marathon\/programme\/#breadcrumb\"},\"inLanguage\":\"fr-FR\",\"potentialAction\":[{\"@type\":\"ReadAction\",\"target\":[\"https:\/\/sanremomarathon.it\/fr\/marathon\/programme\/\"]}]},{\"@type\":\"ImageObject\",\"inLanguage\":\"fr-FR\",\"@id\":\"https:\/\/sanremomarathon.it\/fr\/marathon\/programme\/#primaryimage\",\"url\":\"https:\/\/sanremomarathon.it\/wp-content\/uploads\/2022\/11\/sanremo-marathon-2022-programma-partenza-traguardo-pista-di-atletica-pian-di-poma-sanremo.jpg\",\"contentUrl\":\"https:\/\/sanremomarathon.it\/wp-content\/uploads\/2022\/11\/sanremo-marathon-2022-programma-partenza-traguardo-pista-di-atletica-pian-di-poma-sanremo.jpg\",\"width\":800,\"height\":600,\"caption\":\"DCIM100MEDIADJI_0024.JPG\"},{\"@type\":\"BreadcrumbList\",\"@id\":\"https:\/\/sanremomarathon.it\/fr\/marathon\/programme\/#breadcrumb\",\"itemListElement\":[{\"@type\":\"ListItem\",\"position\":1,\"name\":\"Home\",\"item\":\"https:\/\/sanremomarathon.it\/fr\/\"},{\"@type\":\"ListItem\",\"position\":2,\"name\":\"Sanremo Marathon\",\"item\":\"https:\/\/sanremomarathon.it\/fr\/marathon\/\"},{\"@type\":\"ListItem\",\"position\":3,\"name\":\"Programme\"}]},{\"@type\":\"WebSite\",\"@id\":\"https:\/\/sanremomarathon.it\/fr\/#website\",\"url\":\"https:\/\/sanremomarathon.it\/fr\/\",\"name\":\"Sanremo Marathon 06.12.2026\",\"description\":\"42K | 21K | 10K | 5K | 2.5K | Family Run\",\"potentialAction\":[{\"@type\":\"SearchAction\",\"target\":{\"@type\":\"EntryPoint\",\"urlTemplate\":\"https:\/\/sanremomarathon.it\/fr\/?s={search_term_string}\"},\"query-input\":{\"@type\":\"PropertyValueSpecification\",\"valueRequired\":true,\"valueName\":\"search_term_string\"}}],\"inLanguage\":\"fr-FR\"}]}<\/script>\n<!-- \/ Yoast SEO plugin. -->","yoast_head_json":{"title":"Programme | Sanremo Marathon 06.12.2026","description":"Voici le programme des courses pr\u00e9vues pour le marathon de Sanremo : Marathon, 21 km, 10 km, 5km, Dog Run et Family Run.","robots":{"index":"index","follow":"follow","max-snippet":"max-snippet:-1","max-image-preview":"max-image-preview:large","max-video-preview":"max-video-preview:-1"},"canonical":"https:\/\/sanremomarathon.it\/fr\/marathon\/programme\/","og_locale":"fr_FR","og_type":"article","og_title":"Programme | Sanremo Marathon 06.12.2026","og_description":"Voici le programme des courses pr\u00e9vues pour le marathon de Sanremo : Marathon, 21 km, 10 km, 5km, Dog Run et Family Run.","og_url":"https:\/\/sanremomarathon.it\/fr\/marathon\/programme\/","og_site_name":"Sanremo Marathon 06.12.2026","article_modified_time":"2025-12-03T17:36:50+00:00","og_image":[{"width":800,"height":600,"url":"https:\/\/sanremomarathon.it\/wp-content\/uploads\/2022\/11\/sanremo-marathon-2022-programma-partenza-traguardo-pista-di-atletica-pian-di-poma-sanremo.jpg","type":"image\/jpeg"}],"twitter_misc":{"Dur\u00e9e de lecture estim\u00e9e":"2 minutes"},"schema":{"@context":"https:\/\/schema.org","@graph":[{"@type":"WebPage","@id":"https:\/\/sanremomarathon.it\/fr\/marathon\/programme\/","url":"https:\/\/sanremomarathon.it\/fr\/marathon\/programme\/","name":"Programme | Sanremo Marathon 06.12.2026","isPartOf":{"@id":"https:\/\/sanremomarathon.it\/fr\/#website"},"primaryImageOfPage":{"@id":"https:\/\/sanremomarathon.it\/fr\/marathon\/programme\/#primaryimage"},"image":{"@id":"https:\/\/sanremomarathon.it\/fr\/marathon\/programme\/#primaryimage"},"thumbnailUrl":"https:\/\/sanremomarathon.it\/wp-content\/uploads\/2022\/11\/sanremo-marathon-2022-programma-partenza-traguardo-pista-di-atletica-pian-di-poma-sanremo.jpg","datePublished":"2017-05-20T10:11:26+00:00","dateModified":"2025-12-03T17:36:50+00:00","description":"Voici le programme des courses pr\u00e9vues pour le marathon de Sanremo : Marathon, 21 km, 10 km, 5km, Dog Run et Family Run.","breadcrumb":{"@id":"https:\/\/sanremomarathon.it\/fr\/marathon\/programme\/#breadcrumb"},"inLanguage":"fr-FR","potentialAction":[{"@type":"ReadAction","target":["https:\/\/sanremomarathon.it\/fr\/marathon\/programme\/"]}]},{"@type":"ImageObject","inLanguage":"fr-FR","@id":"https:\/\/sanremomarathon.it\/fr\/marathon\/programme\/#primaryimage","url":"https:\/\/sanremomarathon.it\/wp-content\/uploads\/2022\/11\/sanremo-marathon-2022-programma-partenza-traguardo-pista-di-atletica-pian-di-poma-sanremo.jpg","contentUrl":"https:\/\/sanremomarathon.it\/wp-content\/uploads\/2022\/11\/sanremo-marathon-2022-programma-partenza-traguardo-pista-di-atletica-pian-di-poma-sanremo.jpg","width":800,"height":600,"caption":"DCIM100MEDIADJI_0024.JPG"},{"@type":"BreadcrumbList","@id":"https:\/\/sanremomarathon.it\/fr\/marathon\/programme\/#breadcrumb","itemListElement":[{"@type":"ListItem","position":1,"name":"Home","item":"https:\/\/sanremomarathon.it\/fr\/"},{"@type":"ListItem","position":2,"name":"Sanremo Marathon","item":"https:\/\/sanremomarathon.it\/fr\/marathon\/"},{"@type":"ListItem","position":3,"name":"Programme"}]},{"@type":"WebSite","@id":"https:\/\/sanremomarathon.it\/fr\/#website","url":"https:\/\/sanremomarathon.it\/fr\/","name":"Sanremo Marathon 06.12.2026","description":"42K | 21K | 10K | 5K | 2.5K | Family Run","potentialAction":[{"@type":"SearchAction","target":{"@type":"EntryPoint","urlTemplate":"https:\/\/sanremomarathon.it\/fr\/?s={search_term_string}"},"query-input":{"@type":"PropertyValueSpecification","valueRequired":true,"valueName":"search_term_string"}}],"inLanguage":"fr-FR"}]}},"_links":{"self":[{"href":"https:\/\/sanremomarathon.it\/fr\/wp-json\/wp\/v2\/pages\/1850","targetHints":{"allow":["GET"]}}],"collection":[{"href":"https:\/\/sanremomarathon.it\/fr\/wp-json\/wp\/v2\/pages"}],"about":[{"href":"https:\/\/sanremomarathon.it\/fr\/wp-json\/wp\/v2\/types\/page"}],"author":[{"embeddable":true,"href":"https:\/\/sanremomarathon.it\/fr\/wp-json\/wp\/v2\/users\/1"}],"replies":[{"embeddable":true,"href":"https:\/\/sanremomarathon.it\/fr\/wp-json\/wp\/v2\/comments?post=1850"}],"version-history":[{"count":41,"href":"https:\/\/sanremomarathon.it\/fr\/wp-json\/wp\/v2\/pages\/1850\/revisions"}],"predecessor-version":[{"id":13096,"href":"https:\/\/sanremomarathon.it\/fr\/wp-json\/wp\/v2\/pages\/1850\/revisions\/13096"}],"up":[{"embeddable":true,"href":"https:\/\/sanremomarathon.it\/fr\/wp-json\/wp\/v2\/pages\/467"}],"wp:featuredmedia":[{"embeddable":true,"href":"https:\/\/sanremomarathon.it\/fr\/wp-json\/wp\/v2\/media\/5473"}],"wp:attachment":[{"href":"https:\/\/sanremomarathon.it\/fr\/wp-json\/wp\/v2\/media?parent=1850"}],"curies":[{"name":"wp","href":"https:\/\/api.w.org\/{rel}","templated":true}]}}