{"id":12284,"date":"2025-09-29T07:53:31","date_gmt":"2025-09-29T07:53:31","guid":{"rendered":"https:\/\/sanremomarathon.it\/?page_id=12284"},"modified":"2026-03-26T09:18:18","modified_gmt":"2026-03-26T09:18:18","slug":"reglement-2-5k","status":"publish","type":"page","link":"https:\/\/sanremomarathon.it\/de\/ospedaletti-run-2-5k\/reglement-2-5k\/","title":{"rendered":"Reglement 2.5K"},"content":{"rendered":"<p>[et_pb_section fb_built=&#8220;1&#8243; admin_label=&#8220;section&#8220; _builder_version=&#8220;4.16&#8243; global_colors_info=&#8220;{}&#8220;][et_pb_row admin_label=&#8220;row&#8220; _builder_version=&#8220;4.16&#8243; background_size=&#8220;initial&#8220; background_position=&#8220;top_left&#8220; background_repeat=&#8220;repeat&#8220; global_colors_info=&#8220;{}&#8220;][et_pb_column type=&#8220;4_4&#8243; _builder_version=&#8220;4.16&#8243; custom_padding=&#8220;|||&#8220; global_colors_info=&#8220;{}&#8220; custom_padding__hover=&#8220;|||&#8220;][et_pb_text admin_label=&#8220;Text&#8220; _builder_version=&#8220;4.27.4&#8243; background_size=&#8220;initial&#8220; background_position=&#8220;top_left&#8220; background_repeat=&#8220;repeat&#8220; global_colors_info=&#8220;{}&#8220;]<\/p>\n<h1>Reglement Ospedaletti Run 2.5K<\/h1>\n<p>&nbsp;<\/p>\n<p>Das <strong>Organisationskomitee Sanremo Marathon<\/strong>, mit technischer Unterst\u00fctzung des Sportvereins Pro San Pietro, organisiert am Samstag, den 5. Dezember 2026, die 2. Ausgabe des nicht-wettbewerbsorientierten <strong>Ospedaletti Run 2,5 km<\/strong> in Ospedaletti.<\/p>\n<ul>\n<li>Event: <strong>Ospedaletti RUN<\/strong><\/li>\n<li>Sportorganisation: <strong>Asd Pro San Pietro Sanremo<\/strong><\/li>\n<li>Datum: <strong>5. Dezember 2026 \u2013 14:00 Uhr<\/strong><\/li>\n<li>Start: <strong>Ospedaletti, ehemaliger Bahnhof<\/strong><\/li>\n<li>Strecke: <strong>Rad- und Fu\u00dfweg des K\u00fcstenparks Riviera dei Fiori innerhalb der Gemeinde Ospedaletti<\/strong><\/li>\n<li>Ziel: <strong>Ospedaletti, ehemaliger Bahnhof<\/strong><\/li>\n<li>L\u00e4nge: <strong>ca. 2,5 km, vermessene, aber nicht zertifizierte Strecke<\/strong><\/li>\n<li>Typ: <strong>Nicht wettbewerbsorientiert<\/strong><\/li>\n<li>Logistikbasis: <strong>Ospedaletti, ehemaliges G\u00fcterbahnhofsgel\u00e4nde<\/strong><\/li>\n<\/ul>\n<h3><\/h3>\n<h3 align=\"LEFT\">TEILNAHMEBEDINGUNGEN<\/h3>\n<p>Im Geiste unserer Family Runs ist die Teilnahme an der 2,5 km f\u00fcr alle offen \u2013 Erwachsene und Kinder.<\/p>\n<h3><\/h3>\n<h3 align=\"LEFT\">ANMELDUNGSMODALIT\u00c4TEN<\/h3>\n<p data-start=\"1039\" data-end=\"1185\">a)\u00a0<strong data-start=\"1042\" data-end=\"1069\">Online bis 30. November \u00fcber die offizielle Website der Veranstaltung<\/strong>, Zahlungen per Bank\u00fcberweisung, Visa, Mastercard, Amex oder Paypal.<\/p>\n<p data-start=\"1187\" data-end=\"1297\">b)\u00a0<strong data-start=\"1190\" data-end=\"1216\">Online bis 5. Dezember \u00fcber die offizielle Website<\/strong>, Zahlungen per Visa, Mastercard, Amex oder Paypal.<\/p>\n<p data-start=\"1299\" data-end=\"1418\">c)\u00a0<strong data-start=\"1302\" data-end=\"1320\">Direkt vor Ort<\/strong>\u00a0an den Tagen, die auf der Seite\u00a0<a href=\"https:\/\/sanremomarathon.it\/de\/marathon\/rennprogramm\/\">Programm Wettk\u00e4mpfe<\/a>\u00a0angegeben sind, am Organisationsschalter.<\/p>\n<h3><\/h3>\n<h3>ANMELDEGEB\u00dcHREN<\/h3>\n<table style=\"width: 832px;\" width=\"519\">\n<tbody>\n<tr>\n<td style=\"width: 314px;\"><\/td>\n<td style=\"width: 158px;\"><strong>Unter 14 Jahre<\/strong><\/td>\n<td style=\"width: 360px;\" width=\"177\"><strong>\u00dcber 15 Jahre<\/strong><\/td>\n<\/tr>\n<tr>\n<td style=\"width: 314px;\"><strong>Online-Anmeldungen bis 4. Dezember (12:00 Uhr)<\/strong><\/td>\n<td style=\"width: 158px;\"><strong>\u20ac 5,00<\/strong><\/td>\n<td style=\"width: 360px;\"><strong>\u20ac 10,00<\/strong><\/td>\n<\/tr>\n<tr>\n<td style=\"width: 314px;\"><strong>Vor-Ort-Anmeldungen (4.\u20135. Dezember)<\/strong><\/td>\n<td style=\"width: 158px;\"><strong>\u20ac 5,00<\/strong><\/td>\n<td style=\"width: 360px;\"><strong>\u20ac 10,00<\/strong><\/td>\n<\/tr>\n<\/tbody>\n<\/table>\n<p>Verwaltungsgeb\u00fchren: 6 %<\/p>\n<h3><\/h3>\n<h3 align=\"LEFT\">DIE ANMELDEGEB\u00dcHR BEINHALTET FOLGENDE LEISTUNGEN:<\/h3>\n<ul>\n<li data-start=\"1758\" data-end=\"1784\">\n<p data-start=\"1760\" data-end=\"1784\">Medizinische Betreuung<\/p>\n<\/li>\n<li data-start=\"1785\" data-end=\"1812\">\n<p data-start=\"1787\" data-end=\"1812\">Haftpflichtversicherung<\/p>\n<\/li>\n<li data-start=\"1813\" data-end=\"1828\">\n<p data-start=\"1815\" data-end=\"1828\">Startnummer<\/p>\n<\/li>\n<li data-start=\"1829\" data-end=\"1889\">\n<p data-start=\"1831\" data-end=\"1889\"><strong>Technisches T-Shirt (nur f\u00fcr Teilnehmer unter 14 Jahren)<\/strong><\/p>\n<\/li>\n<li data-start=\"1890\" data-end=\"1913\">\n<p data-start=\"1892\" data-end=\"1913\">Erinnerungsmedaille<\/p>\n<\/li>\n<\/ul>\n<h3 align=\"LEFT\"><\/h3>\n<h3 align=\"LEFT\">FOTOS DER TEILNEHMER<\/h3>\n<p align=\"LEFT\">Es wird ein Fotodienst vor Ort sein, der das Rennen begleitet.<\/p>\n<h3><\/h3>\n<h3>SCHLUSSBESTIMMUNGEN<\/h3>\n<p data-start=\"2048\" data-end=\"2170\">Die Organisation beh\u00e4lt sich das Recht vor, das vorliegende Reglement jederzeit aus organisatorischen Gr\u00fcnden zu \u00e4ndern.<\/p>\n<p data-start=\"2172\" data-end=\"2486\">Eventuelle \u00c4nderungen zu Leistungen, Orten und Zeiten werden den angemeldeten Athleten rechtzeitig mitgeteilt oder auf der Website\u00a0<a class=\"decorated-link\" href=\"http:\/\/www.sanremomarathon.it\/\" target=\"_new\" rel=\"noopener\" data-start=\"2303\" data-end=\"2358\">www.sanremomarathon.it<\/a>\u00a0ver\u00f6ffentlicht.<br data-start=\"2374\" data-end=\"2377\" \/>Zus\u00e4tzlich werden die wesentlichen Informationen f\u00fcr die Teilnahme zusammen mit der Startnummer ausgegeben.<\/p>\n<p><strong>Privacy<\/strong><\/p>\n<p>Mit der Anmeldung zur Ospedaletti Run 2,5 km autorisiert der Teilnehmer die Organisation, pers\u00f6nliche Daten f\u00fcr die Verwaltung der Anmeldung und damit verbundene Dienstleistungen (z. B. offizieller Fotoservice) zu verarbeiten, einschlie\u00dflich Zeitmessung, Rankings und regelm\u00e4\u00dfiger Informationen \u00fcber die Veranstaltung, deren Umgebung und \u00e4hnliche Events.<\/p>\n<p><strong>Recht am eigenbild<\/strong><\/p>\n<p>Mit der Anmeldung zur Ospedaletti Run 2,5 km autorisiert der Teilnehmer die Organisation sowie Sponsoren und Medienpartner ausdr\u00fccklich, Bilder, auf denen er erscheint, weltweit und f\u00fcr die gesetzlich maximal zul\u00e4ssige Dauer zu nutzen, einschlie\u00dflich Werbe- und Promotionsmaterialien.<\/p>\n<p><strong>Organisation<\/strong><\/p>\n<p><strong><em>Comitato Organizzatore Sanremo Marathon<\/em><\/strong><br \/>Corso Garibaldi 132 c\/o Studio Corrent Forghieri<br \/>18038 Sanremo IM<\/p>\n<p>mit der Teilnahme der Sportvereine Asd Pro San Pietro und Asd Sanremo Rugby<br \/>in Zusammenarbeit mit NYALA WONDER TRAVEL d.m.c. Sanremo<\/p>\n<p>[\/et_pb_text][\/et_pb_column][\/et_pb_row][\/et_pb_section]<\/p>\n","protected":false},"excerpt":{"rendered":"<p>Reglement Ospedaletti Run 2.5K &nbsp; Das Organisationskomitee Sanremo Marathon, mit technischer Unterst\u00fctzung des Sportvereins Pro San Pietro, organisiert am Samstag, den 5. Dezember 2026, die 2. Ausgabe des nicht-wettbewerbsorientierten Ospedaletti Run 2,5 km in Ospedaletti. Event: Ospedaletti RUN Sportorganisation: Asd Pro San Pietro Sanremo Datum: 5. Dezember 2026 \u2013 14:00 Uhr Start: Ospedaletti, ehemaliger Bahnhof [&hellip;]<\/p>\n","protected":false},"author":21,"featured_media":0,"parent":12289,"menu_order":0,"comment_status":"closed","ping_status":"closed","template":"","meta":{"_et_pb_use_builder":"on","_et_pb_old_content":"","_et_gb_content_width":"","footnotes":""},"class_list":["post-12284","page","type-page","status-publish","hentry"],"yoast_head":"<!-- This site is optimized with the Yoast SEO plugin v26.6 - https:\/\/yoast.com\/wordpress\/plugins\/seo\/ -->\n<title>Reglement 2.5K | Sanremo Marathon 06.12.2026<\/title>\n<meta name=\"description\" content=\"Reglement Ospedaletti Run 2.5K: Im Geiste unserer Family Runs ist die Teilnahme an der 2,5 km f\u00fcr alle offen \u2013 Erwachsene und Kinder.\" \/>\n<meta name=\"robots\" content=\"index, follow, max-snippet:-1, max-image-preview:large, max-video-preview:-1\" \/>\n<link rel=\"canonical\" href=\"https:\/\/sanremomarathon.it\/de\/ospedaletti-run-2-5k\/reglement-2-5k\/\" \/>\n<meta property=\"og:locale\" content=\"de_DE\" \/>\n<meta property=\"og:type\" content=\"article\" \/>\n<meta property=\"og:title\" content=\"Reglement 2.5K | Sanremo Marathon 06.12.2026\" \/>\n<meta property=\"og:description\" content=\"Reglement Ospedaletti Run 2.5K: Im Geiste unserer Family Runs ist die Teilnahme an der 2,5 km f\u00fcr alle offen \u2013 Erwachsene und Kinder.\" \/>\n<meta property=\"og:url\" content=\"https:\/\/sanremomarathon.it\/de\/ospedaletti-run-2-5k\/reglement-2-5k\/\" \/>\n<meta property=\"og:site_name\" content=\"Sanremo Marathon 06.12.2026\" \/>\n<meta property=\"article:modified_time\" content=\"2026-03-26T09:18:18+00:00\" \/>\n<meta name=\"twitter:label1\" content=\"Gesch\u00e4tzte Lesezeit\" \/>\n\t<meta name=\"twitter:data1\" content=\"3\u00a0Minuten\" \/>\n<script type=\"application\/ld+json\" class=\"yoast-schema-graph\">{\"@context\":\"https:\/\/schema.org\",\"@graph\":[{\"@type\":\"WebPage\",\"@id\":\"https:\/\/sanremomarathon.it\/de\/ospedaletti-run-2-5k\/reglement-2-5k\/\",\"url\":\"https:\/\/sanremomarathon.it\/de\/ospedaletti-run-2-5k\/reglement-2-5k\/\",\"name\":\"Reglement 2.5K | Sanremo Marathon 06.12.2026\",\"isPartOf\":{\"@id\":\"https:\/\/sanremomarathon.it\/de\/#website\"},\"datePublished\":\"2025-09-29T07:53:31+00:00\",\"dateModified\":\"2026-03-26T09:18:18+00:00\",\"description\":\"Reglement Ospedaletti Run 2.5K: Im Geiste unserer Family Runs ist die Teilnahme an der 2,5 km f\u00fcr alle offen \u2013 Erwachsene und Kinder.\",\"breadcrumb\":{\"@id\":\"https:\/\/sanremomarathon.it\/de\/ospedaletti-run-2-5k\/reglement-2-5k\/#breadcrumb\"},\"inLanguage\":\"de\",\"potentialAction\":[{\"@type\":\"ReadAction\",\"target\":[\"https:\/\/sanremomarathon.it\/de\/ospedaletti-run-2-5k\/reglement-2-5k\/\"]}]},{\"@type\":\"BreadcrumbList\",\"@id\":\"https:\/\/sanremomarathon.it\/de\/ospedaletti-run-2-5k\/reglement-2-5k\/#breadcrumb\",\"itemListElement\":[{\"@type\":\"ListItem\",\"position\":1,\"name\":\"Home\",\"item\":\"https:\/\/sanremomarathon.it\/de\/\"},{\"@type\":\"ListItem\",\"position\":2,\"name\":\"Ospedaletti Run 2.5K\",\"item\":\"https:\/\/sanremomarathon.it\/de\/ospedaletti-run-2-5k\/\"},{\"@type\":\"ListItem\",\"position\":3,\"name\":\"Reglement 2.5K\"}]},{\"@type\":\"WebSite\",\"@id\":\"https:\/\/sanremomarathon.it\/de\/#website\",\"url\":\"https:\/\/sanremomarathon.it\/de\/\",\"name\":\"Sanremo Marathon 06.12.2026\",\"description\":\"42K | 21K | 10K | 5K | 2.5K | Family Run\",\"potentialAction\":[{\"@type\":\"SearchAction\",\"target\":{\"@type\":\"EntryPoint\",\"urlTemplate\":\"https:\/\/sanremomarathon.it\/de\/?s={search_term_string}\"},\"query-input\":{\"@type\":\"PropertyValueSpecification\",\"valueRequired\":true,\"valueName\":\"search_term_string\"}}],\"inLanguage\":\"de\"}]}<\/script>\n<!-- \/ Yoast SEO plugin. -->","yoast_head_json":{"title":"Reglement 2.5K | Sanremo Marathon 06.12.2026","description":"Reglement Ospedaletti Run 2.5K: Im Geiste unserer Family Runs ist die Teilnahme an der 2,5 km f\u00fcr alle offen \u2013 Erwachsene und Kinder.","robots":{"index":"index","follow":"follow","max-snippet":"max-snippet:-1","max-image-preview":"max-image-preview:large","max-video-preview":"max-video-preview:-1"},"canonical":"https:\/\/sanremomarathon.it\/de\/ospedaletti-run-2-5k\/reglement-2-5k\/","og_locale":"de_DE","og_type":"article","og_title":"Reglement 2.5K | Sanremo Marathon 06.12.2026","og_description":"Reglement Ospedaletti Run 2.5K: Im Geiste unserer Family Runs ist die Teilnahme an der 2,5 km f\u00fcr alle offen \u2013 Erwachsene und Kinder.","og_url":"https:\/\/sanremomarathon.it\/de\/ospedaletti-run-2-5k\/reglement-2-5k\/","og_site_name":"Sanremo Marathon 06.12.2026","article_modified_time":"2026-03-26T09:18:18+00:00","twitter_misc":{"Gesch\u00e4tzte Lesezeit":"3\u00a0Minuten"},"schema":{"@context":"https:\/\/schema.org","@graph":[{"@type":"WebPage","@id":"https:\/\/sanremomarathon.it\/de\/ospedaletti-run-2-5k\/reglement-2-5k\/","url":"https:\/\/sanremomarathon.it\/de\/ospedaletti-run-2-5k\/reglement-2-5k\/","name":"Reglement 2.5K | Sanremo Marathon 06.12.2026","isPartOf":{"@id":"https:\/\/sanremomarathon.it\/de\/#website"},"datePublished":"2025-09-29T07:53:31+00:00","dateModified":"2026-03-26T09:18:18+00:00","description":"Reglement Ospedaletti Run 2.5K: Im Geiste unserer Family Runs ist die Teilnahme an der 2,5 km f\u00fcr alle offen \u2013 Erwachsene und Kinder.","breadcrumb":{"@id":"https:\/\/sanremomarathon.it\/de\/ospedaletti-run-2-5k\/reglement-2-5k\/#breadcrumb"},"inLanguage":"de","potentialAction":[{"@type":"ReadAction","target":["https:\/\/sanremomarathon.it\/de\/ospedaletti-run-2-5k\/reglement-2-5k\/"]}]},{"@type":"BreadcrumbList","@id":"https:\/\/sanremomarathon.it\/de\/ospedaletti-run-2-5k\/reglement-2-5k\/#breadcrumb","itemListElement":[{"@type":"ListItem","position":1,"name":"Home","item":"https:\/\/sanremomarathon.it\/de\/"},{"@type":"ListItem","position":2,"name":"Ospedaletti Run 2.5K","item":"https:\/\/sanremomarathon.it\/de\/ospedaletti-run-2-5k\/"},{"@type":"ListItem","position":3,"name":"Reglement 2.5K"}]},{"@type":"WebSite","@id":"https:\/\/sanremomarathon.it\/de\/#website","url":"https:\/\/sanremomarathon.it\/de\/","name":"Sanremo Marathon 06.12.2026","description":"42K | 21K | 10K | 5K | 2.5K | Family Run","potentialAction":[{"@type":"SearchAction","target":{"@type":"EntryPoint","urlTemplate":"https:\/\/sanremomarathon.it\/de\/?s={search_term_string}"},"query-input":{"@type":"PropertyValueSpecification","valueRequired":true,"valueName":"search_term_string"}}],"inLanguage":"de"}]}},"_links":{"self":[{"href":"https:\/\/sanremomarathon.it\/de\/wp-json\/wp\/v2\/pages\/12284","targetHints":{"allow":["GET"]}}],"collection":[{"href":"https:\/\/sanremomarathon.it\/de\/wp-json\/wp\/v2\/pages"}],"about":[{"href":"https:\/\/sanremomarathon.it\/de\/wp-json\/wp\/v2\/types\/page"}],"author":[{"embeddable":true,"href":"https:\/\/sanremomarathon.it\/de\/wp-json\/wp\/v2\/users\/21"}],"replies":[{"embeddable":true,"href":"https:\/\/sanremomarathon.it\/de\/wp-json\/wp\/v2\/comments?post=12284"}],"version-history":[{"count":2,"href":"https:\/\/sanremomarathon.it\/de\/wp-json\/wp\/v2\/pages\/12284\/revisions"}],"predecessor-version":[{"id":13375,"href":"https:\/\/sanremomarathon.it\/de\/wp-json\/wp\/v2\/pages\/12284\/revisions\/13375"}],"up":[{"embeddable":true,"href":"https:\/\/sanremomarathon.it\/de\/wp-json\/wp\/v2\/pages\/12289"}],"wp:attachment":[{"href":"https:\/\/sanremomarathon.it\/de\/wp-json\/wp\/v2\/media?parent=12284"}],"curies":[{"name":"wp","href":"https:\/\/api.w.org\/{rel}","templated":true}]}}