{"id":12263,"date":"2025-09-26T13:22:48","date_gmt":"2025-09-26T13:22:48","guid":{"rendered":"https:\/\/sanremomarathon.it\/?page_id=12263"},"modified":"2025-09-26T13:23:13","modified_gmt":"2025-09-26T13:23:13","slug":"strecke-2-5k","status":"publish","type":"page","link":"https:\/\/sanremomarathon.it\/de\/ospedaletti-run-2-5k\/strecke-2-5k\/","title":{"rendered":"Strecke 2.5K"},"content":{"rendered":"<p>[et_pb_section fb_built=&#8220;1&#8243; _builder_version=&#8220;4.16&#8243; global_colors_info=&#8220;{}&#8220;][et_pb_row _builder_version=&#8220;4.16&#8243; background_size=&#8220;initial&#8220; background_position=&#8220;top_left&#8220; background_repeat=&#8220;repeat&#8220; global_colors_info=&#8220;{}&#8220;][et_pb_column type=&#8220;4_4&#8243; _builder_version=&#8220;4.16&#8243; custom_padding=&#8220;|||&#8220; global_colors_info=&#8220;{}&#8220; custom_padding__hover=&#8220;|||&#8220;][et_pb_text _builder_version=&#8220;4.27.4&#8243; background_size=&#8220;initial&#8220; background_position=&#8220;top_left&#8220; background_repeat=&#8220;repeat&#8220; global_colors_info=&#8220;{}&#8220;]<\/p>\n<h1>Ospedaletti Run Strecke \u223c2,5 km<\/h1>\n<h2><\/h2>\n<h2>Die <strong>Ospedaletti Run 2,5 km (ca.)<\/strong> Strecke verl\u00e4uft entlang des Rad- und Fu\u00dfwegs des K\u00fcstenparks Riviera dei Fiori innerhalb der Gemeinde Ospedaletti.<\/h2>\n<p>&nbsp;<\/p>\n<p><strong>Die Ospedaletti Run 2,5 km (ca.) Strecke ist \u00e4u\u00dferst landschaftlich reizvoll, da sie auf der alten Eisenbahntrasse verl\u00e4uft und vom Anfang bis zum Ende am Meer entlangf\u00fchrt. Es handelt sich um eine sehr schnelle Strecke, die gr\u00f6\u00dftenteils gerade verl\u00e4uft und fast keine H\u00f6henunterschiede aufweist.<\/strong><\/p>\n<ul>\n<li><strong data-start=\"1697\" data-end=\"1707\">Datum:<\/strong> Samstag, 6. Dezember 2025<\/li>\n<li><strong data-start=\"1736\" data-end=\"1750\">Startzeit:<\/strong> 14:00 Uhr<\/li>\n<li><strong data-start=\"1763\" data-end=\"1773\">Start:<\/strong> Ospedaletti, ehemaliger Bahnhof<\/li>\n<li><strong data-start=\"1808\" data-end=\"1820\">Strecke:<\/strong> Rad- und Fu\u00dfweg des K\u00fcstenparks Riviera dei Fiori innerhalb der Gemeinde Ospedaletti<\/li>\n<li><strong data-start=\"1908\" data-end=\"1917\">Ziel:<\/strong> Ospedaletti, ehemaliger Bahnhof<\/li>\n<li><strong data-start=\"1952\" data-end=\"1962\">L\u00e4nge:<\/strong> 2,5 km (ca.), vermessene Strecke, nicht zertifiziert<\/li>\n<\/ul>\n<p>&nbsp;<\/p>\n<p><strong>Die Ospedaletti Run \u223d2,5 km (ca.) Strecke umfasst:<\/strong><\/p>\n<ul>\n<li data-start=\"2073\" data-end=\"2117\">\n<p data-start=\"2075\" data-end=\"2117\">Start in Ospedaletti, ehemaliger Bahnhof<\/p>\n<\/li>\n<li data-start=\"2118\" data-end=\"2142\">\n<p data-start=\"2120\" data-end=\"2142\">Lauf Richtung Westen<\/p>\n<\/li>\n<li data-start=\"2143\" data-end=\"2192\">\n<p data-start=\"2145\" data-end=\"2192\">Wendemarke am Ende des Radwegs (Hafenbereich)<\/p>\n<\/li>\n<li data-start=\"2193\" data-end=\"2220\">\n<p data-start=\"2195\" data-end=\"2220\">R\u00fcckkehr Richtung Osten<\/p>\n<\/li>\n<li data-start=\"2221\" data-end=\"2262\">\n<p data-start=\"2223\" data-end=\"2262\">Zweite Wendemarke im Capo Nero Tunnel<\/p>\n<\/li>\n<li data-start=\"2263\" data-end=\"2291\">\n<p data-start=\"2265\" data-end=\"2291\">R\u00fcckkehr Richtung Westen<\/p>\n<\/li>\n<li data-start=\"2292\" data-end=\"2346\">\n<p data-start=\"2294\" data-end=\"2346\">Durchlauf unter der Ziellinie f\u00fcr die zweite Runde<\/p>\n<\/li>\n<li data-start=\"2347\" data-end=\"2390\">\n<p data-start=\"2349\" data-end=\"2390\">Ziel in Ospedaletti, ehemaliger Bahnhof<\/p>\n<\/li>\n<\/ul>\n<p>[\/et_pb_text][\/et_pb_column][\/et_pb_row][\/et_pb_section]<\/p>\n","protected":false},"excerpt":{"rendered":"<p>Ospedaletti Run Strecke \u223c2,5 km Die Ospedaletti Run 2,5 km (ca.) Strecke verl\u00e4uft entlang des Rad- und Fu\u00dfwegs des K\u00fcstenparks Riviera dei Fiori innerhalb der Gemeinde Ospedaletti. &nbsp; Die Ospedaletti Run 2,5 km (ca.) Strecke ist \u00e4u\u00dferst landschaftlich reizvoll, da sie auf der alten Eisenbahntrasse verl\u00e4uft und vom Anfang bis zum Ende am Meer entlangf\u00fchrt. [&hellip;]<\/p>\n","protected":false},"author":21,"featured_media":0,"parent":12289,"menu_order":0,"comment_status":"closed","ping_status":"closed","template":"","meta":{"_et_pb_use_builder":"on","_et_pb_old_content":"<p>[et_pb_section fb_built=\"1\" _builder_version=\"4.16\" global_colors_info=\"{}\"][et_pb_row _builder_version=\"4.16\" background_size=\"initial\" background_position=\"top_left\" background_repeat=\"repeat\" global_colors_info=\"{}\"][et_pb_column type=\"4_4\" _builder_version=\"4.16\" custom_padding=\"|||\" global_colors_info=\"{}\" custom_padding__hover=\"|||\"][et_pb_text _builder_version=\"4.27.4\" background_size=\"initial\" background_position=\"top_left\" background_repeat=\"repeat\" global_colors_info=\"{}\"]<\/p><h1>Ospedaletti Run Strecke \u223c2,5 km<\/h1><h2>\u00a0<\/h2><h2>Die <strong>Ospedaletti Run 2,5 km (ca.)<\/strong> Strecke verl\u00e4uft entlang des Rad- und Fu\u00dfwegs des K\u00fcstenparks Riviera dei Fiori innerhalb der Gemeinde Ospedaletti.<\/h2><p>\u00a0<\/p><p><strong>Die Ospedaletti Run 2,5 km (ca.) Strecke ist \u00e4u\u00dferst landschaftlich reizvoll, da sie auf der alten Eisenbahntrasse verl\u00e4uft und vom Anfang bis zum Ende am Meer entlangf\u00fchrt. Es handelt sich um eine sehr schnelle Strecke, die gr\u00f6\u00dftenteils gerade verl\u00e4uft und fast keine H\u00f6henunterschiede aufweist.<\/strong><\/p><ul><li><strong data-start=\"1697\" data-end=\"1707\">Datum:<\/strong> Samstag, 6. Dezember 2025<\/li><li><strong data-start=\"1736\" data-end=\"1750\">Startzeit:<\/strong> 14:00 Uhr<\/li><li><strong data-start=\"1763\" data-end=\"1773\">Start:<\/strong> Ospedaletti, ehemaliger Bahnhof<\/li><li><strong data-start=\"1808\" data-end=\"1820\">Strecke:<\/strong> Rad- und Fu\u00dfweg des K\u00fcstenparks Riviera dei Fiori innerhalb der Gemeinde Ospedaletti<\/li><li><strong data-start=\"1908\" data-end=\"1917\">Ziel:<\/strong> Ospedaletti, ehemaliger Bahnhof<\/li><li><strong data-start=\"1952\" data-end=\"1962\">L\u00e4nge:<\/strong> 2,5 km (ca.), vermessene Strecke, nicht zertifiziert<\/li><\/ul><p>\u00a0<\/p><p><strong>Die Ospedaletti Run \u223d2,5 km (ca.) Strecke umfasst:<\/strong><\/p><ul><li data-start=\"2073\" data-end=\"2117\"><p data-start=\"2075\" data-end=\"2117\">Start in Ospedaletti, ehemaliger Bahnhof<\/p><\/li><li data-start=\"2118\" data-end=\"2142\"><p data-start=\"2120\" data-end=\"2142\">Lauf Richtung Westen<\/p><\/li><li data-start=\"2143\" data-end=\"2192\"><p data-start=\"2145\" data-end=\"2192\">Wendemarke am Ende des Radwegs (Hafenbereich)<\/p><\/li><li data-start=\"2193\" data-end=\"2220\"><p data-start=\"2195\" data-end=\"2220\">R\u00fcckkehr Richtung Osten<\/p><\/li><li data-start=\"2221\" data-end=\"2262\"><p data-start=\"2223\" data-end=\"2262\">Zweite Wendemarke im Capo Nero Tunnel<\/p><\/li><li data-start=\"2263\" data-end=\"2291\"><p data-start=\"2265\" data-end=\"2291\">R\u00fcckkehr Richtung Westen<\/p><\/li><li data-start=\"2292\" data-end=\"2346\"><p data-start=\"2294\" data-end=\"2346\">Durchlauf unter der Ziellinie f\u00fcr die zweite Runde<\/p><\/li><li data-start=\"2347\" data-end=\"2390\"><p data-start=\"2349\" data-end=\"2390\">Ziel in Ospedaletti, ehemaliger Bahnhof<\/p><\/li><\/ul><p>[\/et_pb_text][\/et_pb_column][\/et_pb_row][\/et_pb_section]<\/p>","_et_gb_content_width":"","footnotes":""},"class_list":["post-12263","page","type-page","status-publish","hentry"],"yoast_head":"<!-- This site is optimized with the Yoast SEO plugin v26.6 - https:\/\/yoast.com\/wordpress\/plugins\/seo\/ -->\n<title>Strecke 2.5K | Sanremo Marathon 06.12.2026<\/title>\n<meta name=\"description\" content=\"Die Ospedaletti Run 2,5 km (ca.) Strecke verl\u00e4uft entlang des Rad- und Fu\u00dfwegs des K\u00fcstenparks Riviera dei Fiori innerhalb der Gemeinde Ospedaletti.\" \/>\n<meta name=\"robots\" content=\"index, follow, max-snippet:-1, max-image-preview:large, max-video-preview:-1\" \/>\n<link rel=\"canonical\" href=\"https:\/\/sanremomarathon.it\/de\/ospedaletti-run-2-5k\/strecke-2-5k\/\" \/>\n<meta property=\"og:locale\" content=\"de_DE\" \/>\n<meta property=\"og:type\" content=\"article\" \/>\n<meta property=\"og:title\" content=\"Strecke 2.5K | Sanremo Marathon 06.12.2026\" \/>\n<meta property=\"og:description\" content=\"Die Ospedaletti Run 2,5 km (ca.) Strecke verl\u00e4uft entlang des Rad- und Fu\u00dfwegs des K\u00fcstenparks Riviera dei Fiori innerhalb der Gemeinde Ospedaletti.\" \/>\n<meta property=\"og:url\" content=\"https:\/\/sanremomarathon.it\/de\/ospedaletti-run-2-5k\/strecke-2-5k\/\" \/>\n<meta property=\"og:site_name\" content=\"Sanremo Marathon 06.12.2026\" \/>\n<meta property=\"article:modified_time\" content=\"2025-09-26T13:23:13+00:00\" \/>\n<meta name=\"twitter:label1\" content=\"Gesch\u00e4tzte Lesezeit\" \/>\n\t<meta name=\"twitter:data1\" content=\"1\u00a0Minute\" \/>\n<script type=\"application\/ld+json\" class=\"yoast-schema-graph\">{\"@context\":\"https:\/\/schema.org\",\"@graph\":[{\"@type\":\"WebPage\",\"@id\":\"https:\/\/sanremomarathon.it\/de\/ospedaletti-run-2-5k\/strecke-2-5k\/\",\"url\":\"https:\/\/sanremomarathon.it\/de\/ospedaletti-run-2-5k\/strecke-2-5k\/\",\"name\":\"Strecke 2.5K | Sanremo Marathon 06.12.2026\",\"isPartOf\":{\"@id\":\"https:\/\/sanremomarathon.it\/de\/#website\"},\"datePublished\":\"2025-09-26T13:22:48+00:00\",\"dateModified\":\"2025-09-26T13:23:13+00:00\",\"description\":\"Die Ospedaletti Run 2,5 km (ca.) Strecke verl\u00e4uft entlang des Rad- und Fu\u00dfwegs des K\u00fcstenparks Riviera dei Fiori innerhalb der Gemeinde Ospedaletti.\",\"breadcrumb\":{\"@id\":\"https:\/\/sanremomarathon.it\/de\/ospedaletti-run-2-5k\/strecke-2-5k\/#breadcrumb\"},\"inLanguage\":\"de\",\"potentialAction\":[{\"@type\":\"ReadAction\",\"target\":[\"https:\/\/sanremomarathon.it\/de\/ospedaletti-run-2-5k\/strecke-2-5k\/\"]}]},{\"@type\":\"BreadcrumbList\",\"@id\":\"https:\/\/sanremomarathon.it\/de\/ospedaletti-run-2-5k\/strecke-2-5k\/#breadcrumb\",\"itemListElement\":[{\"@type\":\"ListItem\",\"position\":1,\"name\":\"Home\",\"item\":\"https:\/\/sanremomarathon.it\/de\/\"},{\"@type\":\"ListItem\",\"position\":2,\"name\":\"Strecke 2.5K\"}]},{\"@type\":\"WebSite\",\"@id\":\"https:\/\/sanremomarathon.it\/de\/#website\",\"url\":\"https:\/\/sanremomarathon.it\/de\/\",\"name\":\"Sanremo Marathon 06.12.2026\",\"description\":\"42K | 21K | 10K | 5K | 2.5K | Family Run\",\"potentialAction\":[{\"@type\":\"SearchAction\",\"target\":{\"@type\":\"EntryPoint\",\"urlTemplate\":\"https:\/\/sanremomarathon.it\/de\/?s={search_term_string}\"},\"query-input\":{\"@type\":\"PropertyValueSpecification\",\"valueRequired\":true,\"valueName\":\"search_term_string\"}}],\"inLanguage\":\"de\"}]}<\/script>\n<!-- \/ Yoast SEO plugin. -->","yoast_head_json":{"title":"Strecke 2.5K | Sanremo Marathon 06.12.2026","description":"Die Ospedaletti Run 2,5 km (ca.) Strecke verl\u00e4uft entlang des Rad- und Fu\u00dfwegs des K\u00fcstenparks Riviera dei Fiori innerhalb der Gemeinde Ospedaletti.","robots":{"index":"index","follow":"follow","max-snippet":"max-snippet:-1","max-image-preview":"max-image-preview:large","max-video-preview":"max-video-preview:-1"},"canonical":"https:\/\/sanremomarathon.it\/de\/ospedaletti-run-2-5k\/strecke-2-5k\/","og_locale":"de_DE","og_type":"article","og_title":"Strecke 2.5K | Sanremo Marathon 06.12.2026","og_description":"Die Ospedaletti Run 2,5 km (ca.) Strecke verl\u00e4uft entlang des Rad- und Fu\u00dfwegs des K\u00fcstenparks Riviera dei Fiori innerhalb der Gemeinde Ospedaletti.","og_url":"https:\/\/sanremomarathon.it\/de\/ospedaletti-run-2-5k\/strecke-2-5k\/","og_site_name":"Sanremo Marathon 06.12.2026","article_modified_time":"2025-09-26T13:23:13+00:00","twitter_misc":{"Gesch\u00e4tzte Lesezeit":"1\u00a0Minute"},"schema":{"@context":"https:\/\/schema.org","@graph":[{"@type":"WebPage","@id":"https:\/\/sanremomarathon.it\/de\/ospedaletti-run-2-5k\/strecke-2-5k\/","url":"https:\/\/sanremomarathon.it\/de\/ospedaletti-run-2-5k\/strecke-2-5k\/","name":"Strecke 2.5K | Sanremo Marathon 06.12.2026","isPartOf":{"@id":"https:\/\/sanremomarathon.it\/de\/#website"},"datePublished":"2025-09-26T13:22:48+00:00","dateModified":"2025-09-26T13:23:13+00:00","description":"Die Ospedaletti Run 2,5 km (ca.) Strecke verl\u00e4uft entlang des Rad- und Fu\u00dfwegs des K\u00fcstenparks Riviera dei Fiori innerhalb der Gemeinde Ospedaletti.","breadcrumb":{"@id":"https:\/\/sanremomarathon.it\/de\/ospedaletti-run-2-5k\/strecke-2-5k\/#breadcrumb"},"inLanguage":"de","potentialAction":[{"@type":"ReadAction","target":["https:\/\/sanremomarathon.it\/de\/ospedaletti-run-2-5k\/strecke-2-5k\/"]}]},{"@type":"BreadcrumbList","@id":"https:\/\/sanremomarathon.it\/de\/ospedaletti-run-2-5k\/strecke-2-5k\/#breadcrumb","itemListElement":[{"@type":"ListItem","position":1,"name":"Home","item":"https:\/\/sanremomarathon.it\/de\/"},{"@type":"ListItem","position":2,"name":"Strecke 2.5K"}]},{"@type":"WebSite","@id":"https:\/\/sanremomarathon.it\/de\/#website","url":"https:\/\/sanremomarathon.it\/de\/","name":"Sanremo Marathon 06.12.2026","description":"42K | 21K | 10K | 5K | 2.5K | Family Run","potentialAction":[{"@type":"SearchAction","target":{"@type":"EntryPoint","urlTemplate":"https:\/\/sanremomarathon.it\/de\/?s={search_term_string}"},"query-input":{"@type":"PropertyValueSpecification","valueRequired":true,"valueName":"search_term_string"}}],"inLanguage":"de"}]}},"_links":{"self":[{"href":"https:\/\/sanremomarathon.it\/de\/wp-json\/wp\/v2\/pages\/12263","targetHints":{"allow":["GET"]}}],"collection":[{"href":"https:\/\/sanremomarathon.it\/de\/wp-json\/wp\/v2\/pages"}],"about":[{"href":"https:\/\/sanremomarathon.it\/de\/wp-json\/wp\/v2\/types\/page"}],"author":[{"embeddable":true,"href":"https:\/\/sanremomarathon.it\/de\/wp-json\/wp\/v2\/users\/21"}],"replies":[{"embeddable":true,"href":"https:\/\/sanremomarathon.it\/de\/wp-json\/wp\/v2\/comments?post=12263"}],"version-history":[{"count":2,"href":"https:\/\/sanremomarathon.it\/de\/wp-json\/wp\/v2\/pages\/12263\/revisions"}],"predecessor-version":[{"id":12268,"href":"https:\/\/sanremomarathon.it\/de\/wp-json\/wp\/v2\/pages\/12263\/revisions\/12268"}],"up":[{"embeddable":true,"href":"https:\/\/sanremomarathon.it\/de\/wp-json\/wp\/v2\/pages\/12289"}],"wp:attachment":[{"href":"https:\/\/sanremomarathon.it\/de\/wp-json\/wp\/v2\/media?parent=12263"}],"curies":[{"name":"wp","href":"https:\/\/api.w.org\/{rel}","templated":true}]}}