{"id":12100,"date":"2025-08-27T11:09:39","date_gmt":"2025-08-27T11:09:39","guid":{"rendered":"https:\/\/sanremomarathon.it\/?page_id=12100"},"modified":"2025-08-27T11:09:39","modified_gmt":"2025-08-27T11:09:39","slug":"anmeldung-von-sportgruppen","status":"publish","type":"page","link":"https:\/\/sanremomarathon.it\/de\/anmeldung-von-sportgruppen\/","title":{"rendered":"Anmeldung von Sportgruppen"},"content":{"rendered":"<h2>Melden Sie Ihre Sportgruppe \u00fcber die Direktleitung mit dem Anmeldungsb\u00fcro f\u00fcr den Sanremo Marathon an.<\/h2>\n<p>Wenn Sie mehr als 10 Personen anmelden m\u00f6chten, kontaktieren Sie uns bitte \u00fcber das folgende Formular.<\/p>\n<p data-start=\"287\" data-end=\"318\">Vorteile f\u00fcr Sportgruppen<\/p>\n<ul data-start=\"320\" data-end=\"485\" data-is-only-node=\"\">\n<li data-start=\"320\" data-end=\"359\">\n<p data-start=\"322\" data-end=\"359\">Kostenlos f\u00fcr 1 von 10 Angemeldeten<\/p>\n<\/li>\n<li data-start=\"360\" data-end=\"407\">\n<p data-start=\"362\" data-end=\"407\">Vereinfachter Versand der Anmeldeunterlagen<\/p>\n<\/li>\n<li data-start=\"408\" data-end=\"485\">\n<p data-start=\"410\" data-end=\"485\">Unterst\u00fctzung bei der Buchung von Hotels zu Sonderkonditionen f\u00fcr Gruppen<\/p>\n<\/li>\n<\/ul>\n\n<div class=\"wpcf7 no-js\" id=\"wpcf7-f12095-o1\" lang=\"it-IT\" dir=\"ltr\" data-wpcf7-id=\"12095\">\n<div class=\"screen-reader-response\"><p role=\"status\" aria-live=\"polite\" aria-atomic=\"true\"><\/p> <ul><\/ul><\/div>\n<form action=\"\/de\/wp-json\/wp\/v2\/pages\/12100#wpcf7-f12095-o1\" method=\"post\" class=\"wpcf7-form init\" aria-label=\"Modulo di contatto\" novalidate=\"novalidate\" data-status=\"init\">\n<fieldset class=\"hidden-fields-container\"><input type=\"hidden\" name=\"_wpcf7\" value=\"12095\" \/><input type=\"hidden\" name=\"_wpcf7_version\" value=\"6.1.5\" \/><input type=\"hidden\" name=\"_wpcf7_locale\" value=\"it_IT\" \/><input type=\"hidden\" name=\"_wpcf7_unit_tag\" value=\"wpcf7-f12095-o1\" \/><input type=\"hidden\" name=\"_wpcf7_container_post\" value=\"0\" \/><input type=\"hidden\" name=\"_wpcf7_posted_data_hash\" value=\"\" \/><input type=\"hidden\" name=\"_wpcf7_recaptcha_response\" value=\"\" \/>\n<\/fieldset>\n<p>\t\t<div id=\"cf7md-form\" class=\"cf7md-form\">\n\t\t\t<div class=\"mdc-layout-grid\">\n\t\t\t\t<div class=\"mdc-layout-grid__inner\">\n\t\t\t\t\t\t\t\t\t\t\n<\/p>\n\t\t\n\t\t<div class=\"cf7md-item cf7md-text mdc-layout-grid__cell mdc-layout-grid__cell--span-12\">\n\t\t\t<br \/>\n<span class=\"wpcf7-form-control-wrap\" data-name=\"your-name\"><input size=\"40\" maxlength=\"400\" class=\"wpcf7-form-control wpcf7-text wpcf7-validates-as-required\" aria-required=\"true\" aria-invalid=\"false\" value=\"\" type=\"text\" name=\"your-name\" \/><\/span><br \/>\n\t\t\t\t\t\t<div style=\"display: none;\" class=\"cf7md-text-html\">\n\t\t\t\t<div class=\"mdc-text-field \">\n\t\t\t\t\t\n\t\t\t\t\t\t\t\t\t\t\t<label class=\"mdc-floating-label\">Vor- und Nachname<\/label>\n\t\t\t\t\t\t<div class=\"mdc-line-ripple\"><\/div>\n\t\t\t\t\t\t\t\t\t<\/div>\n\t\t\t<\/div>\n\t\t<\/div>\n\t\t\n\t\t\n\t\t<div class=\"cf7md-item cf7md-text mdc-layout-grid__cell mdc-layout-grid__cell--span-12\">\n\t\t\t<br \/>\n<span class=\"wpcf7-form-control-wrap\" data-name=\"your-phone\"><input size=\"40\" maxlength=\"400\" class=\"wpcf7-form-control wpcf7-text wpcf7-validates-as-required\" aria-required=\"true\" aria-invalid=\"false\" value=\"\" type=\"text\" name=\"your-phone\" \/><\/span><br \/>\n\t\t\t\t\t\t<div style=\"display: none;\" class=\"cf7md-text-html\">\n\t\t\t\t<div class=\"mdc-text-field \">\n\t\t\t\t\t\n\t\t\t\t\t\t\t\t\t\t\t<label class=\"mdc-floating-label\">Handynummer<\/label>\n\t\t\t\t\t\t<div class=\"mdc-line-ripple\"><\/div>\n\t\t\t\t\t\t\t\t\t<\/div>\n\t\t\t<\/div>\n\t\t<\/div>\n\t\t\n\t\t\n\t\t<div class=\"cf7md-item cf7md-text mdc-layout-grid__cell mdc-layout-grid__cell--span-12\">\n\t\t\t<br \/>\n<span class=\"wpcf7-form-control-wrap\" data-name=\"your-email\"><input size=\"40\" maxlength=\"400\" class=\"wpcf7-form-control wpcf7-email wpcf7-validates-as-required wpcf7-text wpcf7-validates-as-email\" aria-required=\"true\" aria-invalid=\"false\" value=\"\" type=\"email\" name=\"your-email\" \/><\/span><br \/>\n\t\t\t\t\t\t<div style=\"display: none;\" class=\"cf7md-text-html\">\n\t\t\t\t<div class=\"mdc-text-field \">\n\t\t\t\t\t\n\t\t\t\t\t\t\t\t\t\t\t<label class=\"mdc-floating-label\">E-Mail<\/label>\n\t\t\t\t\t\t<div class=\"mdc-line-ripple\"><\/div>\n\t\t\t\t\t\t\t\t\t<\/div>\n\t\t\t<\/div>\n\t\t<\/div>\n\t\t\n\t\t\n\t\t<div class=\"cf7md-item cf7md-text mdc-layout-grid__cell mdc-layout-grid__cell--span-12\">\n\t\t\t<br \/>\n<span class=\"wpcf7-form-control-wrap\" data-name=\"your-city\"><input size=\"40\" maxlength=\"400\" class=\"wpcf7-form-control wpcf7-text wpcf7-validates-as-required\" aria-required=\"true\" aria-invalid=\"false\" value=\"\" type=\"text\" name=\"your-city\" \/><\/span><br \/>\n\t\t\t\t\t\t<div style=\"display: none;\" class=\"cf7md-text-html\">\n\t\t\t\t<div class=\"mdc-text-field \">\n\t\t\t\t\t\n\t\t\t\t\t\t\t\t\t\t\t<label class=\"mdc-floating-label\">Stadt (Land)<\/label>\n\t\t\t\t\t\t<div class=\"mdc-line-ripple\"><\/div>\n\t\t\t\t\t\t\t\t\t<\/div>\n\t\t\t<\/div>\n\t\t<\/div>\n\t\t\n\n\t\t<div class=\"cf7md-item cf7md-textarea mdc-layout-grid__cell mdc-layout-grid__cell--span-12 cf7md-textarea-autosize\">\n\t\t\t<br \/>\n<span class=\"wpcf7-form-control-wrap\" data-name=\"your-message\"><textarea cols=\"40\" rows=\"10\" maxlength=\"2000\" class=\"wpcf7-form-control wpcf7-textarea wpcf7-validates-as-required\" aria-required=\"true\" aria-invalid=\"false\" name=\"your-message\"><\/textarea><\/span><br \/>\n\t\t\t\t\t\t<div style=\"display: none;\" class=\"cf7md-text-html\">\n\t\t\t\t<div class=\"mdc-text-field  mdc-text-field--textarea\">\n\t\t\t\t\t\t\t\t\t\t<div class=\"mdc-notched-outline\">\n\t\t\t\t\t\t<div class=\"mdc-notched-outline__leading\"><\/div>\n\t\t\t\t\t\t<div class=\"mdc-notched-outline__notch\">\n\t\t\t\t\t\t\t<label class=\"mdc-floating-label\">Ihre Anfrage<\/label>\n\t\t\t\t\t\t<\/div>\n\t\t\t\t\t\t<div class=\"mdc-notched-outline__trailing\"><\/div>\n\t\t\t\t\t<\/div>\n\t\t\t\t<\/div>\n\t\t\t<\/div>\n\t\t<\/div>\n\t\t\n<p><span class=\"wpcf7-form-control-wrap\" data-name=\"acceptance-345\"><span class=\"wpcf7-form-control wpcf7-acceptance\"><span class=\"wpcf7-list-item\"><input type=\"checkbox\" name=\"acceptance-345\" value=\"1\" aria-invalid=\"false\" \/><\/span><\/span><\/span> Ich erkl\u00e4re, dass ich die <a href=\"http:\/\/www.nyalatravel.com\/informativa-relativa-al-trattamento-dei-dati-personali\/\" target=\"_blank\">Datenschutzerkl\u00e4rung<\/a> bez\u00fcglich der Verarbeitung personenbezogener Daten gelesen und akzeptiert habe.\n<\/p>\n\t\t<div class=\"cf7md-item cf7md-submit mdc-layout-grid__cell mdc-layout-grid__cell--span-12\" data-button-style=\"raised\">\n\t\t\t<br \/>\n<input class=\"wpcf7-form-control wpcf7-submit has-spinner\" type=\"submit\" value=\"Senden\" \/><br \/>\n\t\t\t<svg class=\"cf7md-spinner\" width=\"25px\" height=\"25px\" viewBox=\"0 0 66 66\" xmlns=\"http:\/\/www.w3.org\/2000\/svg\">\n\t\t\t\t<circle class=\"cf7md-spinner-path\" fill=\"none\" stroke-width=\"6\" stroke-linecap=\"round\" cx=\"33\" cy=\"33\" r=\"30\"><\/circle>\n\t\t\t<\/svg>\n\t\t<\/div>\n\t\t\n\t\t\t\t\t\t\t\t\t<\/div>\n\t\t\t<\/div>\n\t\t<\/div>\n\t\t\n<\/p><div class=\"wpcf7-response-output\" aria-hidden=\"true\"><\/div>\n<\/form>\n<\/div>\n\n<p>&nbsp;<\/p>\n<div class=\"hidden-xs hidden-sm col-md-2 left sidebar\"><\/div>\n<div class=\"row\">\n<div class=\"col-xs-12 col-md-10\">\n<div class=\"row\">\n<div class=\"col-xs-12\">\n<div id=\"vmMainPage\">\n<div class=\"row\">\n<div class=\"col-sm-12 col-md-12 arealogin tab-content\">\n<div id=\"login_stretcher\" class=\"tab-pane fade in active stretcher\">\n<div class=\"row\">\n<div class=\"col-sm-12 col-md-6\">\n<form action=\"index.php?option=com_user&amp;task=login\" method=\"post\" name=\"login\"><\/form>\n<\/div>\n<\/div>\n<\/div>\n<\/div>\n<\/div>\n<\/div>\n<\/div>\n<\/div>\n<\/div>\n<\/div>\n","protected":false},"excerpt":{"rendered":"<p>Melden Sie Ihre Sportgruppe \u00fcber die Direktleitung mit dem Anmeldungsb\u00fcro f\u00fcr den Sanremo Marathon an. Wenn Sie mehr als 10 Personen anmelden m\u00f6chten, kontaktieren Sie uns bitte \u00fcber das folgende Formular. Vorteile f\u00fcr Sportgruppen Kostenlos f\u00fcr 1 von 10 Angemeldeten Vereinfachter Versand der Anmeldeunterlagen Unterst\u00fctzung bei der Buchung von Hotels zu Sonderkonditionen f\u00fcr Gruppen &nbsp;<\/p>\n","protected":false},"author":21,"featured_media":12101,"parent":0,"menu_order":6,"comment_status":"open","ping_status":"closed","template":"","meta":{"_et_pb_use_builder":"","_et_pb_old_content":"","_et_gb_content_width":"","footnotes":""},"class_list":["post-12100","page","type-page","status-publish","has-post-thumbnail","hentry"],"yoast_head":"<!-- This site is optimized with the Yoast SEO plugin v27.4 - https:\/\/yoast.com\/product\/yoast-seo-wordpress\/ -->\n<title>Anmeldung von Sportgruppen | Sanremo Marathon 07.12.2025<\/title>\n<meta name=\"description\" content=\"Melden Sie Ihre Sportgruppe \u00fcber die Direktleitung mit dem Anmeldungsb\u00fcro f\u00fcr den Sanremo Marathon an.\" \/>\n<meta name=\"robots\" content=\"index, follow, max-snippet:-1, max-image-preview:large, max-video-preview:-1\" \/>\n<link rel=\"canonical\" href=\"https:\/\/sanremomarathon.it\/de\/anmeldung-von-sportgruppen\/\" \/>\n<meta property=\"og:locale\" content=\"de_DE\" \/>\n<meta property=\"og:type\" content=\"article\" \/>\n<meta property=\"og:title\" content=\"Anmeldung von Sportgruppen | Sanremo Marathon 07.12.2025\" \/>\n<meta property=\"og:description\" content=\"Melden Sie Ihre Sportgruppe \u00fcber die Direktleitung mit dem Anmeldungsb\u00fcro f\u00fcr den Sanremo Marathon an.\" \/>\n<meta property=\"og:url\" content=\"https:\/\/sanremomarathon.it\/de\/anmeldung-von-sportgruppen\/\" \/>\n<meta property=\"og:site_name\" content=\"Sanremo Marathon 07.12.2025\" \/>\n<meta property=\"og:image\" content=\"https:\/\/sanremomarathon.it\/wp-content\/uploads\/2014\/10\/maratona-del-mare-2009-sanremo41_240374.jpg\" \/>\n\t<meta property=\"og:image:width\" content=\"510\" \/>\n\t<meta property=\"og:image:height\" content=\"340\" \/>\n\t<meta property=\"og:image:type\" content=\"image\/jpeg\" \/>\n<meta name=\"twitter:label1\" content=\"Gesch\u00e4tzte Lesezeit\" \/>\n\t<meta name=\"twitter:data1\" content=\"1\u00a0Minute\" \/>\n<script type=\"application\/ld+json\" class=\"yoast-schema-graph\">{\"@context\":\"https:\\\/\\\/schema.org\",\"@graph\":[{\"@type\":\"WebPage\",\"@id\":\"https:\\\/\\\/sanremomarathon.it\\\/de\\\/anmeldung-von-sportgruppen\\\/\",\"url\":\"https:\\\/\\\/sanremomarathon.it\\\/de\\\/anmeldung-von-sportgruppen\\\/\",\"name\":\"Anmeldung von Sportgruppen | Sanremo Marathon 07.12.2025\",\"isPartOf\":{\"@id\":\"https:\\\/\\\/sanremomarathon.it\\\/de\\\/#website\"},\"primaryImageOfPage\":{\"@id\":\"https:\\\/\\\/sanremomarathon.it\\\/de\\\/anmeldung-von-sportgruppen\\\/#primaryimage\"},\"image\":{\"@id\":\"https:\\\/\\\/sanremomarathon.it\\\/de\\\/anmeldung-von-sportgruppen\\\/#primaryimage\"},\"thumbnailUrl\":\"https:\\\/\\\/sanremomarathon.it\\\/wp-content\\\/uploads\\\/2014\\\/10\\\/maratona-del-mare-2009-sanremo41_240374.jpg\",\"datePublished\":\"2025-08-27T11:09:39+00:00\",\"description\":\"Melden Sie Ihre Sportgruppe \u00fcber die Direktleitung mit dem Anmeldungsb\u00fcro f\u00fcr den Sanremo Marathon an.\",\"breadcrumb\":{\"@id\":\"https:\\\/\\\/sanremomarathon.it\\\/de\\\/anmeldung-von-sportgruppen\\\/#breadcrumb\"},\"inLanguage\":\"de\",\"potentialAction\":[{\"@type\":\"ReadAction\",\"target\":[\"https:\\\/\\\/sanremomarathon.it\\\/de\\\/anmeldung-von-sportgruppen\\\/\"]}]},{\"@type\":\"ImageObject\",\"inLanguage\":\"de\",\"@id\":\"https:\\\/\\\/sanremomarathon.it\\\/de\\\/anmeldung-von-sportgruppen\\\/#primaryimage\",\"url\":\"https:\\\/\\\/sanremomarathon.it\\\/wp-content\\\/uploads\\\/2014\\\/10\\\/maratona-del-mare-2009-sanremo41_240374.jpg\",\"contentUrl\":\"https:\\\/\\\/sanremomarathon.it\\\/wp-content\\\/uploads\\\/2014\\\/10\\\/maratona-del-mare-2009-sanremo41_240374.jpg\",\"width\":510,\"height\":340,\"caption\":\"iscrizioni gruppo sportivo\"},{\"@type\":\"BreadcrumbList\",\"@id\":\"https:\\\/\\\/sanremomarathon.it\\\/de\\\/anmeldung-von-sportgruppen\\\/#breadcrumb\",\"itemListElement\":[{\"@type\":\"ListItem\",\"position\":1,\"name\":\"Home\",\"item\":\"https:\\\/\\\/sanremomarathon.it\\\/de\\\/\"},{\"@type\":\"ListItem\",\"position\":2,\"name\":\"Anmeldung von Sportgruppen\"}]},{\"@type\":\"WebSite\",\"@id\":\"https:\\\/\\\/sanremomarathon.it\\\/de\\\/#website\",\"url\":\"https:\\\/\\\/sanremomarathon.it\\\/de\\\/\",\"name\":\"Sanremo Marathon 07.12.2025\",\"description\":\"42K | 21K | 10K | 5K | 2.5K | Family Run\",\"potentialAction\":[{\"@type\":\"SearchAction\",\"target\":{\"@type\":\"EntryPoint\",\"urlTemplate\":\"https:\\\/\\\/sanremomarathon.it\\\/de\\\/?s={search_term_string}\"},\"query-input\":{\"@type\":\"PropertyValueSpecification\",\"valueRequired\":true,\"valueName\":\"search_term_string\"}}],\"inLanguage\":\"de\"}]}<\/script>\n<!-- \/ Yoast SEO plugin. -->","yoast_head_json":{"title":"Anmeldung von Sportgruppen | Sanremo Marathon 07.12.2025","description":"Melden Sie Ihre Sportgruppe \u00fcber die Direktleitung mit dem Anmeldungsb\u00fcro f\u00fcr den Sanremo Marathon an.","robots":{"index":"index","follow":"follow","max-snippet":"max-snippet:-1","max-image-preview":"max-image-preview:large","max-video-preview":"max-video-preview:-1"},"canonical":"https:\/\/sanremomarathon.it\/de\/anmeldung-von-sportgruppen\/","og_locale":"de_DE","og_type":"article","og_title":"Anmeldung von Sportgruppen | Sanremo Marathon 07.12.2025","og_description":"Melden Sie Ihre Sportgruppe \u00fcber die Direktleitung mit dem Anmeldungsb\u00fcro f\u00fcr den Sanremo Marathon an.","og_url":"https:\/\/sanremomarathon.it\/de\/anmeldung-von-sportgruppen\/","og_site_name":"Sanremo Marathon 07.12.2025","og_image":[{"width":510,"height":340,"url":"https:\/\/sanremomarathon.it\/wp-content\/uploads\/2014\/10\/maratona-del-mare-2009-sanremo41_240374.jpg","type":"image\/jpeg"}],"twitter_misc":{"Gesch\u00e4tzte Lesezeit":"1\u00a0Minute"},"schema":{"@context":"https:\/\/schema.org","@graph":[{"@type":"WebPage","@id":"https:\/\/sanremomarathon.it\/de\/anmeldung-von-sportgruppen\/","url":"https:\/\/sanremomarathon.it\/de\/anmeldung-von-sportgruppen\/","name":"Anmeldung von Sportgruppen | Sanremo Marathon 07.12.2025","isPartOf":{"@id":"https:\/\/sanremomarathon.it\/de\/#website"},"primaryImageOfPage":{"@id":"https:\/\/sanremomarathon.it\/de\/anmeldung-von-sportgruppen\/#primaryimage"},"image":{"@id":"https:\/\/sanremomarathon.it\/de\/anmeldung-von-sportgruppen\/#primaryimage"},"thumbnailUrl":"https:\/\/sanremomarathon.it\/wp-content\/uploads\/2014\/10\/maratona-del-mare-2009-sanremo41_240374.jpg","datePublished":"2025-08-27T11:09:39+00:00","description":"Melden Sie Ihre Sportgruppe \u00fcber die Direktleitung mit dem Anmeldungsb\u00fcro f\u00fcr den Sanremo Marathon an.","breadcrumb":{"@id":"https:\/\/sanremomarathon.it\/de\/anmeldung-von-sportgruppen\/#breadcrumb"},"inLanguage":"de","potentialAction":[{"@type":"ReadAction","target":["https:\/\/sanremomarathon.it\/de\/anmeldung-von-sportgruppen\/"]}]},{"@type":"ImageObject","inLanguage":"de","@id":"https:\/\/sanremomarathon.it\/de\/anmeldung-von-sportgruppen\/#primaryimage","url":"https:\/\/sanremomarathon.it\/wp-content\/uploads\/2014\/10\/maratona-del-mare-2009-sanremo41_240374.jpg","contentUrl":"https:\/\/sanremomarathon.it\/wp-content\/uploads\/2014\/10\/maratona-del-mare-2009-sanremo41_240374.jpg","width":510,"height":340,"caption":"iscrizioni gruppo sportivo"},{"@type":"BreadcrumbList","@id":"https:\/\/sanremomarathon.it\/de\/anmeldung-von-sportgruppen\/#breadcrumb","itemListElement":[{"@type":"ListItem","position":1,"name":"Home","item":"https:\/\/sanremomarathon.it\/de\/"},{"@type":"ListItem","position":2,"name":"Anmeldung von Sportgruppen"}]},{"@type":"WebSite","@id":"https:\/\/sanremomarathon.it\/de\/#website","url":"https:\/\/sanremomarathon.it\/de\/","name":"Sanremo Marathon 07.12.2025","description":"42K | 21K | 10K | 5K | 2.5K | Family Run","potentialAction":[{"@type":"SearchAction","target":{"@type":"EntryPoint","urlTemplate":"https:\/\/sanremomarathon.it\/de\/?s={search_term_string}"},"query-input":{"@type":"PropertyValueSpecification","valueRequired":true,"valueName":"search_term_string"}}],"inLanguage":"de"}]}},"_links":{"self":[{"href":"https:\/\/sanremomarathon.it\/de\/wp-json\/wp\/v2\/pages\/12100","targetHints":{"allow":["GET"]}}],"collection":[{"href":"https:\/\/sanremomarathon.it\/de\/wp-json\/wp\/v2\/pages"}],"about":[{"href":"https:\/\/sanremomarathon.it\/de\/wp-json\/wp\/v2\/types\/page"}],"author":[{"embeddable":true,"href":"https:\/\/sanremomarathon.it\/de\/wp-json\/wp\/v2\/users\/21"}],"replies":[{"embeddable":true,"href":"https:\/\/sanremomarathon.it\/de\/wp-json\/wp\/v2\/comments?post=12100"}],"version-history":[{"count":1,"href":"https:\/\/sanremomarathon.it\/de\/wp-json\/wp\/v2\/pages\/12100\/revisions"}],"predecessor-version":[{"id":12102,"href":"https:\/\/sanremomarathon.it\/de\/wp-json\/wp\/v2\/pages\/12100\/revisions\/12102"}],"wp:featuredmedia":[{"embeddable":true,"href":"https:\/\/sanremomarathon.it\/de\/wp-json\/wp\/v2\/media\/12101"}],"wp:attachment":[{"href":"https:\/\/sanremomarathon.it\/de\/wp-json\/wp\/v2\/media?parent=12100"}],"curies":[{"name":"wp","href":"https:\/\/api.w.org\/{rel}","templated":true}]}}