{"id":12084,"date":"2025-08-27T10:29:39","date_gmt":"2025-08-27T10:29:39","guid":{"rendered":"https:\/\/sanremomarathon.it\/?page_id=12084"},"modified":"2025-08-27T10:29:39","modified_gmt":"2025-08-27T10:29:39","slug":"cycling-riviera","status":"publish","type":"page","link":"https:\/\/sanremomarathon.it\/de\/cycling-riviera\/","title":{"rendered":"Cycling Riviera"},"content":{"rendered":"<p><a href=\"https:\/\/sanremomarathon.it\/wp-content\/uploads\/2014\/08\/images.jpeg\"><img loading=\"lazy\" decoding=\"async\" class=\"aligncenter wp-image-63 size-full\" src=\"https:\/\/sanremomarathon.it\/wp-content\/uploads\/2014\/08\/images.jpeg\" alt=\"Cycling Riviera\" width=\"280\" height=\"118\" \/><\/a><\/p>\n<h2>CYCLING RIVIERA:<br \/>\nK\u00dcSTENPARK DER RIVIERA DEI FIORI<\/h2>\n<p data-start=\"147\" data-end=\"344\">Im Jahr 2000 entstand an der Riviera dei Fiori ein epochales Werk, auf das man ein Jahrhundert lang gewartet hatte: die Verlegung der Eisenbahn ins Landesinnere und die Verdoppelung der Gleise.<\/p>\n<p data-start=\"346\" data-end=\"529\">Durch die Verlagerung der Z\u00fcge ins Inland wurde ein \u00e4u\u00dferst wertvolles Gebiet direkt am Meer freigesetzt, an dem 1870 die Eisenbahn erbaut wurde, die Italien mit Frankreich verband.<\/p>\n<p data-start=\"531\" data-end=\"776\">Die Beh\u00f6rden beschlossen, diese unglaubliche Gelegenheit zu nutzen, und gr\u00fcndeten die Gesellschaft Area 24 SpA mit der Aufgabe, die alte Eisenbahntrasse in einen echten K\u00fcsten-Naturpark umzuwandeln, durch den ein 24 km langer Radweg f\u00fchrt.<\/p>\n<p data-start=\"778\" data-end=\"897\"><strong>Auf dieser Strecke werden alle Rennen im Zusammenhang mit dem Sanremo Marathon \u2013 Cycling Riviera Run stattfinden.<\/strong><\/p>\n<p>&nbsp;<\/p>\n<div align=\"center\">\n<p><iframe loading=\"lazy\" src=\"\/\/player.vimeo.com\/video\/110583572\" width=\"500\" height=\"281\" frameborder=\"0\" allowfullscreen=\"allowfullscreen\" data-mce-fragment=\"1\"><\/iframe><\/p>\n<p>&nbsp;<\/p>\n<\/div>\n","protected":false},"excerpt":{"rendered":"<p>CYCLING RIVIERA: K\u00dcSTENPARK DER RIVIERA DEI FIORI Im Jahr 2000 entstand an der Riviera dei Fiori ein epochales Werk, auf das man ein Jahrhundert lang gewartet hatte: die Verlegung der Eisenbahn ins Landesinnere und die Verdoppelung der Gleise. Durch die Verlagerung der Z\u00fcge ins Inland wurde ein \u00e4u\u00dferst wertvolles Gebiet direkt am Meer freigesetzt, an [&hellip;]<\/p>\n","protected":false},"author":21,"featured_media":0,"parent":0,"menu_order":0,"comment_status":"open","ping_status":"closed","template":"","meta":{"_et_pb_use_builder":"","_et_pb_old_content":"","_et_gb_content_width":"","footnotes":""},"class_list":["post-12084","page","type-page","status-publish","hentry"],"yoast_head":"<!-- This site is optimized with the Yoast SEO plugin v27.4 - https:\/\/yoast.com\/product\/yoast-seo-wordpress\/ -->\n<title>Cycling Riviera | Sanremo Marathon 07.12.2025<\/title>\n<meta name=\"description\" content=\"Auf dieser Strecke werden alle Rennen im Zusammenhang mit dem Sanremo Marathon \u2013 Cycling Riviera Run stattfinden.\" \/>\n<meta name=\"robots\" content=\"index, follow, max-snippet:-1, max-image-preview:large, max-video-preview:-1\" \/>\n<link rel=\"canonical\" href=\"https:\/\/sanremomarathon.it\/de\/cycling-riviera\/\" \/>\n<meta property=\"og:locale\" content=\"de_DE\" \/>\n<meta property=\"og:type\" content=\"article\" \/>\n<meta property=\"og:title\" content=\"Cycling Riviera | Sanremo Marathon 07.12.2025\" \/>\n<meta property=\"og:description\" content=\"Auf dieser Strecke werden alle Rennen im Zusammenhang mit dem Sanremo Marathon \u2013 Cycling Riviera Run stattfinden.\" \/>\n<meta property=\"og:url\" content=\"https:\/\/sanremomarathon.it\/de\/cycling-riviera\/\" \/>\n<meta property=\"og:site_name\" content=\"Sanremo Marathon 07.12.2025\" \/>\n<meta property=\"og:image\" content=\"https:\/\/sanremomarathon.it\/wp-content\/uploads\/2014\/08\/images.jpeg\" \/>\n\t<meta property=\"og:image:width\" content=\"280\" \/>\n\t<meta property=\"og:image:height\" content=\"118\" \/>\n\t<meta property=\"og:image:type\" content=\"image\/jpeg\" \/>\n<meta name=\"twitter:label1\" content=\"Gesch\u00e4tzte Lesezeit\" \/>\n\t<meta name=\"twitter:data1\" content=\"1\u00a0Minute\" \/>\n<script type=\"application\/ld+json\" class=\"yoast-schema-graph\">{\"@context\":\"https:\\\/\\\/schema.org\",\"@graph\":[{\"@type\":\"WebPage\",\"@id\":\"https:\\\/\\\/sanremomarathon.it\\\/de\\\/cycling-riviera\\\/\",\"url\":\"https:\\\/\\\/sanremomarathon.it\\\/de\\\/cycling-riviera\\\/\",\"name\":\"Cycling Riviera | Sanremo Marathon 07.12.2025\",\"isPartOf\":{\"@id\":\"https:\\\/\\\/sanremomarathon.it\\\/de\\\/#website\"},\"primaryImageOfPage\":{\"@id\":\"https:\\\/\\\/sanremomarathon.it\\\/de\\\/cycling-riviera\\\/#primaryimage\"},\"image\":{\"@id\":\"https:\\\/\\\/sanremomarathon.it\\\/de\\\/cycling-riviera\\\/#primaryimage\"},\"thumbnailUrl\":\"https:\\\/\\\/sanremomarathon.it\\\/wp-content\\\/uploads\\\/2014\\\/08\\\/images.jpeg\",\"datePublished\":\"2025-08-27T10:29:39+00:00\",\"description\":\"Auf dieser Strecke werden alle Rennen im Zusammenhang mit dem Sanremo Marathon \u2013 Cycling Riviera Run stattfinden.\",\"breadcrumb\":{\"@id\":\"https:\\\/\\\/sanremomarathon.it\\\/de\\\/cycling-riviera\\\/#breadcrumb\"},\"inLanguage\":\"de\",\"potentialAction\":[{\"@type\":\"ReadAction\",\"target\":[\"https:\\\/\\\/sanremomarathon.it\\\/de\\\/cycling-riviera\\\/\"]}]},{\"@type\":\"ImageObject\",\"inLanguage\":\"de\",\"@id\":\"https:\\\/\\\/sanremomarathon.it\\\/de\\\/cycling-riviera\\\/#primaryimage\",\"url\":\"https:\\\/\\\/sanremomarathon.it\\\/wp-content\\\/uploads\\\/2014\\\/08\\\/images.jpeg\",\"contentUrl\":\"https:\\\/\\\/sanremomarathon.it\\\/wp-content\\\/uploads\\\/2014\\\/08\\\/images.jpeg\"},{\"@type\":\"BreadcrumbList\",\"@id\":\"https:\\\/\\\/sanremomarathon.it\\\/de\\\/cycling-riviera\\\/#breadcrumb\",\"itemListElement\":[{\"@type\":\"ListItem\",\"position\":1,\"name\":\"Home\",\"item\":\"https:\\\/\\\/sanremomarathon.it\\\/de\\\/\"},{\"@type\":\"ListItem\",\"position\":2,\"name\":\"Cycling Riviera\"}]},{\"@type\":\"WebSite\",\"@id\":\"https:\\\/\\\/sanremomarathon.it\\\/de\\\/#website\",\"url\":\"https:\\\/\\\/sanremomarathon.it\\\/de\\\/\",\"name\":\"Sanremo Marathon 07.12.2025\",\"description\":\"42K | 21K | 10K | 5K | 2.5K | Family Run\",\"potentialAction\":[{\"@type\":\"SearchAction\",\"target\":{\"@type\":\"EntryPoint\",\"urlTemplate\":\"https:\\\/\\\/sanremomarathon.it\\\/de\\\/?s={search_term_string}\"},\"query-input\":{\"@type\":\"PropertyValueSpecification\",\"valueRequired\":true,\"valueName\":\"search_term_string\"}}],\"inLanguage\":\"de\"}]}<\/script>\n<!-- \/ Yoast SEO plugin. -->","yoast_head_json":{"title":"Cycling Riviera | Sanremo Marathon 07.12.2025","description":"Auf dieser Strecke werden alle Rennen im Zusammenhang mit dem Sanremo Marathon \u2013 Cycling Riviera Run stattfinden.","robots":{"index":"index","follow":"follow","max-snippet":"max-snippet:-1","max-image-preview":"max-image-preview:large","max-video-preview":"max-video-preview:-1"},"canonical":"https:\/\/sanremomarathon.it\/de\/cycling-riviera\/","og_locale":"de_DE","og_type":"article","og_title":"Cycling Riviera | Sanremo Marathon 07.12.2025","og_description":"Auf dieser Strecke werden alle Rennen im Zusammenhang mit dem Sanremo Marathon \u2013 Cycling Riviera Run stattfinden.","og_url":"https:\/\/sanremomarathon.it\/de\/cycling-riviera\/","og_site_name":"Sanremo Marathon 07.12.2025","og_image":[{"width":280,"height":118,"url":"https:\/\/sanremomarathon.it\/wp-content\/uploads\/2014\/08\/images.jpeg","type":"image\/jpeg"}],"twitter_misc":{"Gesch\u00e4tzte Lesezeit":"1\u00a0Minute"},"schema":{"@context":"https:\/\/schema.org","@graph":[{"@type":"WebPage","@id":"https:\/\/sanremomarathon.it\/de\/cycling-riviera\/","url":"https:\/\/sanremomarathon.it\/de\/cycling-riviera\/","name":"Cycling Riviera | Sanremo Marathon 07.12.2025","isPartOf":{"@id":"https:\/\/sanremomarathon.it\/de\/#website"},"primaryImageOfPage":{"@id":"https:\/\/sanremomarathon.it\/de\/cycling-riviera\/#primaryimage"},"image":{"@id":"https:\/\/sanremomarathon.it\/de\/cycling-riviera\/#primaryimage"},"thumbnailUrl":"https:\/\/sanremomarathon.it\/wp-content\/uploads\/2014\/08\/images.jpeg","datePublished":"2025-08-27T10:29:39+00:00","description":"Auf dieser Strecke werden alle Rennen im Zusammenhang mit dem Sanremo Marathon \u2013 Cycling Riviera Run stattfinden.","breadcrumb":{"@id":"https:\/\/sanremomarathon.it\/de\/cycling-riviera\/#breadcrumb"},"inLanguage":"de","potentialAction":[{"@type":"ReadAction","target":["https:\/\/sanremomarathon.it\/de\/cycling-riviera\/"]}]},{"@type":"ImageObject","inLanguage":"de","@id":"https:\/\/sanremomarathon.it\/de\/cycling-riviera\/#primaryimage","url":"https:\/\/sanremomarathon.it\/wp-content\/uploads\/2014\/08\/images.jpeg","contentUrl":"https:\/\/sanremomarathon.it\/wp-content\/uploads\/2014\/08\/images.jpeg"},{"@type":"BreadcrumbList","@id":"https:\/\/sanremomarathon.it\/de\/cycling-riviera\/#breadcrumb","itemListElement":[{"@type":"ListItem","position":1,"name":"Home","item":"https:\/\/sanremomarathon.it\/de\/"},{"@type":"ListItem","position":2,"name":"Cycling Riviera"}]},{"@type":"WebSite","@id":"https:\/\/sanremomarathon.it\/de\/#website","url":"https:\/\/sanremomarathon.it\/de\/","name":"Sanremo Marathon 07.12.2025","description":"42K | 21K | 10K | 5K | 2.5K | Family Run","potentialAction":[{"@type":"SearchAction","target":{"@type":"EntryPoint","urlTemplate":"https:\/\/sanremomarathon.it\/de\/?s={search_term_string}"},"query-input":{"@type":"PropertyValueSpecification","valueRequired":true,"valueName":"search_term_string"}}],"inLanguage":"de"}]}},"_links":{"self":[{"href":"https:\/\/sanremomarathon.it\/de\/wp-json\/wp\/v2\/pages\/12084","targetHints":{"allow":["GET"]}}],"collection":[{"href":"https:\/\/sanremomarathon.it\/de\/wp-json\/wp\/v2\/pages"}],"about":[{"href":"https:\/\/sanremomarathon.it\/de\/wp-json\/wp\/v2\/types\/page"}],"author":[{"embeddable":true,"href":"https:\/\/sanremomarathon.it\/de\/wp-json\/wp\/v2\/users\/21"}],"replies":[{"embeddable":true,"href":"https:\/\/sanremomarathon.it\/de\/wp-json\/wp\/v2\/comments?post=12084"}],"version-history":[{"count":1,"href":"https:\/\/sanremomarathon.it\/de\/wp-json\/wp\/v2\/pages\/12084\/revisions"}],"predecessor-version":[{"id":12085,"href":"https:\/\/sanremomarathon.it\/de\/wp-json\/wp\/v2\/pages\/12084\/revisions\/12085"}],"wp:attachment":[{"href":"https:\/\/sanremomarathon.it\/de\/wp-json\/wp\/v2\/media?parent=12084"}],"curies":[{"name":"wp","href":"https:\/\/api.w.org\/{rel}","templated":true}]}}