{"id":11973,"date":"2025-08-26T13:11:31","date_gmt":"2025-08-26T13:11:31","guid":{"rendered":"https:\/\/sanremomarathon.it\/?page_id=11973"},"modified":"2025-11-14T10:47:04","modified_gmt":"2025-11-14T10:47:04","slug":"strecke-family-run","status":"publish","type":"page","link":"https:\/\/sanremomarathon.it\/de\/family-run\/strecke-family-run\/","title":{"rendered":"Strecke Family Run"},"content":{"rendered":"<p>[et_pb_section fb_built=&#8220;1&#8243; _builder_version=&#8220;4.16&#8243; global_colors_info=&#8220;{}&#8220;][et_pb_row _builder_version=&#8220;4.16&#8243; background_size=&#8220;initial&#8220; background_position=&#8220;top_left&#8220; background_repeat=&#8220;repeat&#8220; global_colors_info=&#8220;{}&#8220;][et_pb_column type=&#8220;4_4&#8243; _builder_version=&#8220;4.16&#8243; custom_padding=&#8220;|||&#8220; global_colors_info=&#8220;{}&#8220; custom_padding__hover=&#8220;|||&#8220;][et_pb_text _builder_version=&#8220;4.27.4&#8243; background_size=&#8220;initial&#8220; background_position=&#8220;top_left&#8220; background_repeat=&#8220;repeat&#8220; hover_enabled=&#8220;0&#8243; global_colors_info=&#8220;{}&#8220; sticky_enabled=&#8220;0&#8243;]<\/p>\n<h1>Family Run (\u223c2,5K)<\/h1>\n<h2>Die Strecke des <strong data-start=\"16\" data-end=\"38\">Family Run<\/strong> (ca. 2,5 km) verl\u00e4uft entlang der Rad- und Fu\u00dfg\u00e4ngerpiste des <strong data-start=\"101\" data-end=\"137\">Parco Costiero Riviera dei Fiori<\/strong> in Sanremo.<\/h2>\n<p>&nbsp;<\/p>\n<p><a href=\"https:\/\/sanremomarathon.it\/wp-content\/uploads\/2025\/11\/Family-Run.jpg\"><img loading=\"lazy\" decoding=\"async\" src=\"https:\/\/sanremomarathon.it\/wp-content\/uploads\/2025\/11\/Family-Run-1024x576.jpg\" width=\"1024\" height=\"576\" alt=\"Family Run\" class=\"wp-image-12723 aligncenter size-large\" srcset=\"https:\/\/sanremomarathon.it\/wp-content\/uploads\/2025\/11\/Family-Run-980x551.jpg 980w, https:\/\/sanremomarathon.it\/wp-content\/uploads\/2025\/11\/Family-Run-480x270.jpg 480w\" sizes=\"(min-width: 0px) and (max-width: 480px) 480px, (min-width: 481px) and (max-width: 980px) 980px, (min-width: 981px) 1024px, 100vw\" \/><\/a><\/p>\n<div class=\"et_pb_row et_pb_row_3\">\n<div class=\"et_pb_column et_pb_column_4_4 et_pb_column_6 et_pb_css_mix_blend_mode_passthrough et-last-child\">\n<div class=\"et_pb_module et_pb_text et_pb_text_1 et_pb_text_align_left et_pb_bg_layout_light\">\n<div class=\"et_pb_text_inner\">\n<p><strong>Die Strecke des Sanremo Family Run \u00fcber ca. 2,5 km ist \u00e4u\u00dferst malerisch, da sie auf der ehemaligen Bahntrasse verl\u00e4uft und von Anfang bis Ende am Meer entlangf\u00fchrt. Es handelt sich um eine sehr schnelle Strecke, die gerade verl\u00e4uft und praktisch ohne H\u00f6henunterschiede ist. Die einzige wirkliche Schwierigkeit kann der Wind sein.<\/strong><\/p>\n<ul>\n<li data-start=\"487\" data-end=\"559\">\n<p data-start=\"489\" data-end=\"559\"><strong data-start=\"489\" data-end=\"514\">Start der ca. 2,5 km:<\/strong> Ospedaletti<\/p>\n<\/li>\n<li data-start=\"560\" data-end=\"668\">\n<p data-start=\"562\" data-end=\"668\"><strong data-start=\"562\" data-end=\"574\">Strecke:<\/strong> Rad- und Fu\u00dfg\u00e4ngerpiste des Parco Costiero Riviera dei Fiori innerhalb der Gemeinde Ospedaletti<\/p>\n<\/li>\n<li data-start=\"669\" data-end=\"725\">\n<p data-start=\"671\" data-end=\"725\"><strong data-start=\"671\" data-end=\"680\">Ziel:<\/strong> Ospedaletti<\/p>\n<\/li>\n<li data-start=\"726\" data-end=\"751\" data-is-last-node=\"\">\n<p data-start=\"728\" data-end=\"751\" data-is-last-node=\"\"><strong data-start=\"728\" data-end=\"738\">L\u00e4nge:<\/strong> ca. 2,5 km<\/p>\n<\/li>\n<\/ul>\n<\/div>\n<\/div>\n<\/div>\n<\/div>\n<p>[\/et_pb_text][\/et_pb_column][\/et_pb_row][\/et_pb_section]<\/p>\n","protected":false},"excerpt":{"rendered":"<p>Die Strecke des Sanremo Family Run (ca. 2,5 km) verl\u00e4uft entlang der Rad- und Fu\u00dfg\u00e4ngerpiste des Parco Costiero Riviera dei Fiori in Sanremo.<\/p>\n","protected":false},"author":21,"featured_media":0,"parent":11981,"menu_order":0,"comment_status":"closed","ping_status":"closed","template":"","meta":{"_et_pb_use_builder":"on","_et_pb_old_content":"<p>[et_pb_section fb_built=\"1\" _builder_version=\"4.16\" global_colors_info=\"{}\"][et_pb_row _builder_version=\"4.16\" background_size=\"initial\" background_position=\"top_left\" background_repeat=\"repeat\" global_colors_info=\"{}\"][et_pb_column type=\"4_4\" _builder_version=\"4.16\" custom_padding=\"|||\" global_colors_info=\"{}\" custom_padding__hover=\"|||\"][et_pb_text _builder_version=\"4.21.0\" background_size=\"initial\" background_position=\"top_left\" background_repeat=\"repeat\" hover_enabled=\"0\" global_colors_info=\"{}\" sticky_enabled=\"0\"]<\/p><h1>Sanremo Family Run (\u223c2,5K)<\/h1><h2>Die Strecke des <strong data-start=\"16\" data-end=\"38\">Sanremo Family Run<\/strong> (ca. 2,5 km) verl\u00e4uft entlang der Rad- und Fu\u00dfg\u00e4ngerpiste des <strong data-start=\"101\" data-end=\"137\">Parco Costiero Riviera dei Fiori<\/strong> in Sanremo.<\/h2><p>\u00a0<\/p><p><img class=\"aligncenter wp-image-8604 size-full\" src=\"https:\/\/sanremomarathon.it\/wp-content\/uploads\/2023\/07\/Family-Run-percorso-Sanremo-Marathon-2023.jpg\" alt=\"Family Run percorso Sanremo Marathon 2023 \" width=\"1200\" height=\"675\" \/><\/p><div class=\"et_pb_row et_pb_row_3\"><div class=\"et_pb_column et_pb_column_4_4 et_pb_column_6 et_pb_css_mix_blend_mode_passthrough et-last-child\"><div class=\"et_pb_module et_pb_text et_pb_text_1 et_pb_text_align_left et_pb_bg_layout_light\"><div class=\"et_pb_text_inner\"><p><strong>Die Strecke des Sanremo Family Run \u00fcber ca. 2,5 km ist \u00e4u\u00dferst malerisch, da sie auf der ehemaligen Bahntrasse verl\u00e4uft und von Anfang bis Ende am Meer entlangf\u00fchrt. Es handelt sich um eine sehr schnelle Strecke, die gerade verl\u00e4uft und praktisch ohne H\u00f6henunterschiede ist. Die einzige wirkliche Schwierigkeit kann der Wind sein.<\/strong><\/p><ul><li data-start=\"487\" data-end=\"559\"><p data-start=\"489\" data-end=\"559\"><strong data-start=\"489\" data-end=\"514\">Start der ca. 2,5 km:<\/strong> Sanremo, Leichtathletikbahn \u2013 Pian di Poma<\/p><\/li><li data-start=\"560\" data-end=\"668\"><p data-start=\"562\" data-end=\"668\"><strong data-start=\"562\" data-end=\"574\">Strecke:<\/strong> Rad- und Fu\u00dfg\u00e4ngerpiste des Parco Costiero Riviera dei Fiori innerhalb der Gemeinde Sanremo<\/p><\/li><li data-start=\"669\" data-end=\"725\"><p data-start=\"671\" data-end=\"725\"><strong data-start=\"671\" data-end=\"680\">Ziel:<\/strong> Sanremo, Leichtathletikbahn \u2013 Pian di Poma<\/p><\/li><li data-start=\"726\" data-end=\"751\" data-is-last-node=\"\"><p data-start=\"728\" data-end=\"751\" data-is-last-node=\"\"><strong data-start=\"728\" data-end=\"738\">L\u00e4nge:<\/strong> ca. 2,5 km<\/p><\/li><\/ul><\/div><\/div><\/div><\/div><p>[\/et_pb_text][\/et_pb_column][\/et_pb_row][\/et_pb_section]<\/p>","_et_gb_content_width":"","footnotes":""},"class_list":["post-11973","page","type-page","status-publish","hentry"],"yoast_head":"<!-- This site is optimized with the Yoast SEO plugin v27.4 - https:\/\/yoast.com\/product\/yoast-seo-wordpress\/ -->\n<title>Strecke Family Run | Sanremo Marathon 07.12.2025<\/title>\n<meta name=\"description\" content=\"Die Strecke des Sanremo Family Run (ca. 2,5 km) verl\u00e4uft entlang der Rad- und Fu\u00dfg\u00e4ngerpiste des Parco Costiero Riviera dei Fiori in Sanremo.\" \/>\n<meta name=\"robots\" content=\"index, follow, max-snippet:-1, max-image-preview:large, max-video-preview:-1\" \/>\n<link rel=\"canonical\" href=\"https:\/\/sanremomarathon.it\/de\/family-run\/strecke-family-run\/\" \/>\n<meta property=\"og:locale\" content=\"de_DE\" \/>\n<meta property=\"og:type\" content=\"article\" \/>\n<meta property=\"og:title\" content=\"Strecke Family Run | Sanremo Marathon 07.12.2025\" \/>\n<meta property=\"og:description\" content=\"Die Strecke des Sanremo Family Run (ca. 2,5 km) verl\u00e4uft entlang der Rad- und Fu\u00dfg\u00e4ngerpiste des Parco Costiero Riviera dei Fiori in Sanremo.\" \/>\n<meta property=\"og:url\" content=\"https:\/\/sanremomarathon.it\/de\/family-run\/strecke-family-run\/\" \/>\n<meta property=\"og:site_name\" content=\"Sanremo Marathon 07.12.2025\" \/>\n<meta property=\"article:modified_time\" content=\"2025-11-14T10:47:04+00:00\" \/>\n<meta property=\"og:image\" content=\"https:\/\/sanremomarathon.it\/wp-content\/uploads\/2025\/11\/Family-Run.jpg\" \/>\n\t<meta property=\"og:image:width\" content=\"1600\" \/>\n\t<meta property=\"og:image:height\" content=\"900\" \/>\n\t<meta property=\"og:image:type\" content=\"image\/jpeg\" \/>\n<meta name=\"twitter:label1\" content=\"Gesch\u00e4tzte Lesezeit\" \/>\n\t<meta name=\"twitter:data1\" content=\"1\u00a0Minute\" \/>\n<script type=\"application\/ld+json\" class=\"yoast-schema-graph\">{\"@context\":\"https:\\\/\\\/schema.org\",\"@graph\":[{\"@type\":\"WebPage\",\"@id\":\"https:\\\/\\\/sanremomarathon.it\\\/de\\\/family-run\\\/strecke-family-run\\\/\",\"url\":\"https:\\\/\\\/sanremomarathon.it\\\/de\\\/family-run\\\/strecke-family-run\\\/\",\"name\":\"Strecke Family Run | Sanremo Marathon 07.12.2025\",\"isPartOf\":{\"@id\":\"https:\\\/\\\/sanremomarathon.it\\\/de\\\/#website\"},\"primaryImageOfPage\":{\"@id\":\"https:\\\/\\\/sanremomarathon.it\\\/de\\\/family-run\\\/strecke-family-run\\\/#primaryimage\"},\"image\":{\"@id\":\"https:\\\/\\\/sanremomarathon.it\\\/de\\\/family-run\\\/strecke-family-run\\\/#primaryimage\"},\"thumbnailUrl\":\"https:\\\/\\\/sanremomarathon.it\\\/wp-content\\\/uploads\\\/2025\\\/11\\\/Family-Run-1024x576.jpg\",\"datePublished\":\"2025-08-26T13:11:31+00:00\",\"dateModified\":\"2025-11-14T10:47:04+00:00\",\"description\":\"Die Strecke des Sanremo Family Run (ca. 2,5 km) verl\u00e4uft entlang der Rad- und Fu\u00dfg\u00e4ngerpiste des Parco Costiero Riviera dei Fiori in Sanremo.\",\"breadcrumb\":{\"@id\":\"https:\\\/\\\/sanremomarathon.it\\\/de\\\/family-run\\\/strecke-family-run\\\/#breadcrumb\"},\"inLanguage\":\"de\",\"potentialAction\":[{\"@type\":\"ReadAction\",\"target\":[\"https:\\\/\\\/sanremomarathon.it\\\/de\\\/family-run\\\/strecke-family-run\\\/\"]}]},{\"@type\":\"ImageObject\",\"inLanguage\":\"de\",\"@id\":\"https:\\\/\\\/sanremomarathon.it\\\/de\\\/family-run\\\/strecke-family-run\\\/#primaryimage\",\"url\":\"https:\\\/\\\/sanremomarathon.it\\\/wp-content\\\/uploads\\\/2025\\\/11\\\/Family-Run-1024x576.jpg\",\"contentUrl\":\"https:\\\/\\\/sanremomarathon.it\\\/wp-content\\\/uploads\\\/2025\\\/11\\\/Family-Run-1024x576.jpg\"},{\"@type\":\"BreadcrumbList\",\"@id\":\"https:\\\/\\\/sanremomarathon.it\\\/de\\\/family-run\\\/strecke-family-run\\\/#breadcrumb\",\"itemListElement\":[{\"@type\":\"ListItem\",\"position\":1,\"name\":\"Home\",\"item\":\"https:\\\/\\\/sanremomarathon.it\\\/de\\\/\"},{\"@type\":\"ListItem\",\"position\":2,\"name\":\"Family Run\",\"item\":\"https:\\\/\\\/sanremomarathon.it\\\/de\\\/family-run\\\/\"},{\"@type\":\"ListItem\",\"position\":3,\"name\":\"Strecke Family Run\"}]},{\"@type\":\"WebSite\",\"@id\":\"https:\\\/\\\/sanremomarathon.it\\\/de\\\/#website\",\"url\":\"https:\\\/\\\/sanremomarathon.it\\\/de\\\/\",\"name\":\"Sanremo Marathon 07.12.2025\",\"description\":\"42K | 21K | 10K | 5K | 2.5K | Family Run\",\"potentialAction\":[{\"@type\":\"SearchAction\",\"target\":{\"@type\":\"EntryPoint\",\"urlTemplate\":\"https:\\\/\\\/sanremomarathon.it\\\/de\\\/?s={search_term_string}\"},\"query-input\":{\"@type\":\"PropertyValueSpecification\",\"valueRequired\":true,\"valueName\":\"search_term_string\"}}],\"inLanguage\":\"de\"}]}<\/script>\n<!-- \/ Yoast SEO plugin. -->","yoast_head_json":{"title":"Strecke Family Run | Sanremo Marathon 07.12.2025","description":"Die Strecke des Sanremo Family Run (ca. 2,5 km) verl\u00e4uft entlang der Rad- und Fu\u00dfg\u00e4ngerpiste des Parco Costiero Riviera dei Fiori in Sanremo.","robots":{"index":"index","follow":"follow","max-snippet":"max-snippet:-1","max-image-preview":"max-image-preview:large","max-video-preview":"max-video-preview:-1"},"canonical":"https:\/\/sanremomarathon.it\/de\/family-run\/strecke-family-run\/","og_locale":"de_DE","og_type":"article","og_title":"Strecke Family Run | Sanremo Marathon 07.12.2025","og_description":"Die Strecke des Sanremo Family Run (ca. 2,5 km) verl\u00e4uft entlang der Rad- und Fu\u00dfg\u00e4ngerpiste des Parco Costiero Riviera dei Fiori in Sanremo.","og_url":"https:\/\/sanremomarathon.it\/de\/family-run\/strecke-family-run\/","og_site_name":"Sanremo Marathon 07.12.2025","article_modified_time":"2025-11-14T10:47:04+00:00","og_image":[{"width":1600,"height":900,"url":"https:\/\/sanremomarathon.it\/wp-content\/uploads\/2025\/11\/Family-Run.jpg","type":"image\/jpeg"}],"twitter_misc":{"Gesch\u00e4tzte Lesezeit":"1\u00a0Minute"},"schema":{"@context":"https:\/\/schema.org","@graph":[{"@type":"WebPage","@id":"https:\/\/sanremomarathon.it\/de\/family-run\/strecke-family-run\/","url":"https:\/\/sanremomarathon.it\/de\/family-run\/strecke-family-run\/","name":"Strecke Family Run | Sanremo Marathon 07.12.2025","isPartOf":{"@id":"https:\/\/sanremomarathon.it\/de\/#website"},"primaryImageOfPage":{"@id":"https:\/\/sanremomarathon.it\/de\/family-run\/strecke-family-run\/#primaryimage"},"image":{"@id":"https:\/\/sanremomarathon.it\/de\/family-run\/strecke-family-run\/#primaryimage"},"thumbnailUrl":"https:\/\/sanremomarathon.it\/wp-content\/uploads\/2025\/11\/Family-Run-1024x576.jpg","datePublished":"2025-08-26T13:11:31+00:00","dateModified":"2025-11-14T10:47:04+00:00","description":"Die Strecke des Sanremo Family Run (ca. 2,5 km) verl\u00e4uft entlang der Rad- und Fu\u00dfg\u00e4ngerpiste des Parco Costiero Riviera dei Fiori in Sanremo.","breadcrumb":{"@id":"https:\/\/sanremomarathon.it\/de\/family-run\/strecke-family-run\/#breadcrumb"},"inLanguage":"de","potentialAction":[{"@type":"ReadAction","target":["https:\/\/sanremomarathon.it\/de\/family-run\/strecke-family-run\/"]}]},{"@type":"ImageObject","inLanguage":"de","@id":"https:\/\/sanremomarathon.it\/de\/family-run\/strecke-family-run\/#primaryimage","url":"https:\/\/sanremomarathon.it\/wp-content\/uploads\/2025\/11\/Family-Run-1024x576.jpg","contentUrl":"https:\/\/sanremomarathon.it\/wp-content\/uploads\/2025\/11\/Family-Run-1024x576.jpg"},{"@type":"BreadcrumbList","@id":"https:\/\/sanremomarathon.it\/de\/family-run\/strecke-family-run\/#breadcrumb","itemListElement":[{"@type":"ListItem","position":1,"name":"Home","item":"https:\/\/sanremomarathon.it\/de\/"},{"@type":"ListItem","position":2,"name":"Family Run","item":"https:\/\/sanremomarathon.it\/de\/family-run\/"},{"@type":"ListItem","position":3,"name":"Strecke Family Run"}]},{"@type":"WebSite","@id":"https:\/\/sanremomarathon.it\/de\/#website","url":"https:\/\/sanremomarathon.it\/de\/","name":"Sanremo Marathon 07.12.2025","description":"42K | 21K | 10K | 5K | 2.5K | Family Run","potentialAction":[{"@type":"SearchAction","target":{"@type":"EntryPoint","urlTemplate":"https:\/\/sanremomarathon.it\/de\/?s={search_term_string}"},"query-input":{"@type":"PropertyValueSpecification","valueRequired":true,"valueName":"search_term_string"}}],"inLanguage":"de"}]}},"_links":{"self":[{"href":"https:\/\/sanremomarathon.it\/de\/wp-json\/wp\/v2\/pages\/11973","targetHints":{"allow":["GET"]}}],"collection":[{"href":"https:\/\/sanremomarathon.it\/de\/wp-json\/wp\/v2\/pages"}],"about":[{"href":"https:\/\/sanremomarathon.it\/de\/wp-json\/wp\/v2\/types\/page"}],"author":[{"embeddable":true,"href":"https:\/\/sanremomarathon.it\/de\/wp-json\/wp\/v2\/users\/21"}],"replies":[{"embeddable":true,"href":"https:\/\/sanremomarathon.it\/de\/wp-json\/wp\/v2\/comments?post=11973"}],"version-history":[{"count":5,"href":"https:\/\/sanremomarathon.it\/de\/wp-json\/wp\/v2\/pages\/11973\/revisions"}],"predecessor-version":[{"id":12731,"href":"https:\/\/sanremomarathon.it\/de\/wp-json\/wp\/v2\/pages\/11973\/revisions\/12731"}],"up":[{"embeddable":true,"href":"https:\/\/sanremomarathon.it\/de\/wp-json\/wp\/v2\/pages\/11981"}],"wp:attachment":[{"href":"https:\/\/sanremomarathon.it\/de\/wp-json\/wp\/v2\/media?parent=11973"}],"curies":[{"name":"wp","href":"https:\/\/api.w.org\/{rel}","templated":true}]}}