{"id":11923,"date":"2025-08-13T09:37:10","date_gmt":"2025-08-13T09:37:10","guid":{"rendered":"https:\/\/sanremomarathon.it\/?page_id=11923"},"modified":"2025-11-14T10:35:01","modified_gmt":"2025-11-14T10:35:01","slug":"strecke-%e2%88%bd10-k","status":"publish","type":"page","link":"https:\/\/sanremomarathon.it\/de\/10k\/strecke-%e2%88%bd10-k\/","title":{"rendered":"Strecke \u223d10 k"},"content":{"rendered":"<p>[et_pb_section fb_built=&#8220;1&#8243; _builder_version=&#8220;4.16&#8243; global_colors_info=&#8220;{}&#8220;][et_pb_row _builder_version=&#8220;4.16&#8243; background_size=&#8220;initial&#8220; background_position=&#8220;top_left&#8220; background_repeat=&#8220;repeat&#8220; global_colors_info=&#8220;{}&#8220;][et_pb_column type=&#8220;4_4&#8243; _builder_version=&#8220;4.16&#8243; custom_padding=&#8220;|||&#8220; global_colors_info=&#8220;{}&#8220; custom_padding__hover=&#8220;|||&#8220;][et_pb_text _builder_version=&#8220;4.27.4&#8243; background_size=&#8220;initial&#8220; background_position=&#8220;top_left&#8220; background_repeat=&#8220;repeat&#8220; hover_enabled=&#8220;0&#8243; global_colors_info=&#8220;{}&#8220; sticky_enabled=&#8220;0&#8243;]<\/p>\n<h1>Sanremo Ten (\u223c10K)<\/h1>\n<h2><\/h2>\n<h2>Die Strecke des Sanremo-Laufs \u00fcber ca. 10 km verl\u00e4uft entlang der Rad- und Fu\u00dfg\u00e4ngerstrecke des K\u00fcstenparks Riviera dei Fiori in Sanremo.<\/h2>\n<p>&nbsp;<\/p>\n<p>&nbsp;<\/p>\n<p><a href=\"https:\/\/sanremomarathon.it\/wp-content\/uploads\/2025\/11\/10K.jpg\"><img loading=\"lazy\" decoding=\"async\" src=\"https:\/\/sanremomarathon.it\/wp-content\/uploads\/2025\/11\/10K-1024x576.jpg\" width=\"1024\" height=\"576\" alt=\"10K\" class=\"wp-image-12713 aligncenter size-large\" srcset=\"https:\/\/sanremomarathon.it\/wp-content\/uploads\/2025\/11\/10K-980x551.jpg 980w, https:\/\/sanremomarathon.it\/wp-content\/uploads\/2025\/11\/10K-480x270.jpg 480w\" sizes=\"(min-width: 0px) and (max-width: 480px) 480px, (min-width: 481px) and (max-width: 980px) 980px, (min-width: 981px) 1024px, 100vw\" \/><\/a><\/p>\n<p data-start=\"169\" data-end=\"500\"><strong>Die Strecke des Sanremo-Laufs \u00fcber ca. <a href=\"https:\/\/sanremomarathon.it\/de\/10k\/\" target=\"_blank\" rel=\"noopener\">10 km<\/a> ist \u00e4u\u00dferst malerisch, da sie auf der alten Bahntrasse verl\u00e4uft und von Anfang bis Ende am Meer entlangf\u00fchrt. Es handelt sich um eine sehr schnelle Strecke, die schnurgerade verl\u00e4uft und praktisch keinen H\u00f6henunterschied aufweist. Die einzige echte Herausforderung kann der Wind sein.<\/strong><\/p>\n<p data-start=\"502\" data-end=\"740\"><strong data-start=\"502\" data-end=\"511\">Start<\/strong>: Sanremo, Leichtathletikbahn \u2013 Pian di Poma<br data-start=\"555\" data-end=\"558\" \/><strong data-start=\"558\" data-end=\"569\">Strecke<\/strong>: Rad- und Fu\u00dfg\u00e4ngerstrecke des K\u00fcstenparks <em data-start=\"613\" data-end=\"632\">Riviera dei Fiori<\/em> innerhalb der Stadt Sanremo<br data-start=\"660\" data-end=\"663\" \/><strong data-start=\"663\" data-end=\"671\" data-is-only-node=\"\">Ziel<\/strong>: Sanremo, Leichtathletikbahn \u2013 Pian di Poma<br data-start=\"715\" data-end=\"718\" \/><strong data-start=\"718\" data-end=\"727\">L\u00e4nge<\/strong>: ca. 10 km<\/p>\n<p data-start=\"742\" data-end=\"804\"><strong>Der Streckenverlauf des Sanremo Marathon \u223d10K (ca.) umfasst:<\/strong><\/p>\n<ul data-start=\"806\" data-end=\"1423\" data-is-last-node=\"\" data-is-only-node=\"\">\n<li data-start=\"806\" data-end=\"870\">\n<p data-start=\"808\" data-end=\"870\">Start auf der Leichtathletikbahn von Pian di Poma in Sanremo<\/p>\n<\/li>\n<li data-start=\"871\" data-end=\"959\">\n<p data-start=\"873\" data-end=\"959\">Verlassen der Leichtathletikbahn und Einfahrt auf den Radweg in Richtung Ospedaletti<\/p>\n<\/li>\n<li data-start=\"960\" data-end=\"1058\">\n<p data-start=\"962\" data-end=\"1058\">Durchquerung der \u201eGalleria dei Campioni\u201c des Milano\u2013Sanremo-Radrennens unterhalb des Capo Nero<\/p>\n<\/li>\n<li data-start=\"1059\" data-end=\"1099\">\n<p data-start=\"1061\" data-end=\"1099\">Einfahrt in die Gemeinde Ospedaletti<\/p>\n<\/li>\n<li data-start=\"1100\" data-end=\"1140\">\n<p data-start=\"1102\" data-end=\"1140\">Wendepunkt in der N\u00e4he des Rathauses<\/p>\n<\/li>\n<li data-start=\"1141\" data-end=\"1203\">\n<p data-start=\"1143\" data-end=\"1203\">R\u00fcckkehr nach Sanremo ostw\u00e4rts vollst\u00e4ndig \u00fcber den Radweg<\/p>\n<\/li>\n<li data-start=\"1204\" data-end=\"1282\">\n<p data-start=\"1206\" data-end=\"1282\">Passage am Radweg von Pian di Poma und den Str\u00e4nden des Stadtviertels Foce<\/p>\n<\/li>\n<li data-start=\"1283\" data-end=\"1336\">\n<p data-start=\"1285\" data-end=\"1336\">Zweiter Wendepunkt auf H\u00f6he der Corso Imperatrice<\/p>\n<\/li>\n<li data-start=\"1337\" data-end=\"1359\">\n<p data-start=\"1339\" data-end=\"1359\">R\u00fcckkehr westw\u00e4rts<\/p>\n<\/li>\n<li data-start=\"1360\" data-end=\"1423\" data-is-last-node=\"\">\n<p data-start=\"1362\" data-end=\"1423\" data-is-last-node=\"\">Ziel auf der Leichtathletikbahn von Pian di Poma in Sanremo<\/p>\n<\/li>\n<\/ul>\n<p>&nbsp;<\/p>\n<p>[\/et_pb_text][\/et_pb_column][\/et_pb_row][\/et_pb_section]<\/p>\n","protected":false},"excerpt":{"rendered":"<p>Sanremo Ten (\u223c10K) Die Strecke des Sanremo-Laufs \u00fcber ca. 10 km verl\u00e4uft entlang der Rad- und Fu\u00dfg\u00e4ngerstrecke des K\u00fcstenparks Riviera dei Fiori in Sanremo. &nbsp; &nbsp; Die Strecke des Sanremo-Laufs \u00fcber ca. 10 km ist \u00e4u\u00dferst malerisch, da sie auf der alten Bahntrasse verl\u00e4uft und von Anfang bis Ende am Meer entlangf\u00fchrt. Es handelt sich [&hellip;]<\/p>\n","protected":false},"author":21,"featured_media":0,"parent":11919,"menu_order":0,"comment_status":"closed","ping_status":"closed","template":"","meta":{"_et_pb_use_builder":"on","_et_pb_old_content":"<p>[et_pb_section fb_built=\"1\" _builder_version=\"4.16\" global_colors_info=\"{}\"][et_pb_row _builder_version=\"4.16\" background_size=\"initial\" background_position=\"top_left\" background_repeat=\"repeat\" global_colors_info=\"{}\"][et_pb_column type=\"4_4\" _builder_version=\"4.16\" custom_padding=\"|||\" global_colors_info=\"{}\" custom_padding__hover=\"|||\"][et_pb_text _builder_version=\"4.22.2\" background_size=\"initial\" background_position=\"top_left\" background_repeat=\"repeat\" hover_enabled=\"0\" global_colors_info=\"{}\" sticky_enabled=\"0\"]<\/p><h1>Sanremo Ten (\u223c10K)<\/h1><h2>\u00a0<\/h2><h2>Die Strecke des Sanremo-Laufs \u00fcber ca. 10 km verl\u00e4uft entlang der Rad- und Fu\u00dfg\u00e4ngerstrecke des K\u00fcstenparks Riviera dei Fiori in Sanremo.<\/h2><p>\u00a0<\/p><p>\u00a0<\/p><p><img class=\"wp-image-9534 aligncenter size-full\" src=\"https:\/\/sanremomarathon.it\/wp-content\/uploads\/2023\/11\/percorso-10-k-2023-3.jpeg\" alt=\"percorso 10 k - 2023\" width=\"1600\" height=\"900\" \/><\/p><p data-start=\"169\" data-end=\"500\"><strong>Die Strecke des Sanremo-Laufs \u00fcber ca. <a href=\"https:\/\/sanremomarathon.it\/de\/10k\/\" target=\"_blank\" rel=\"noopener\">10 km<\/a> ist \u00e4u\u00dferst malerisch, da sie auf der alten Bahntrasse verl\u00e4uft und von Anfang bis Ende am Meer entlangf\u00fchrt. Es handelt sich um eine sehr schnelle Strecke, die schnurgerade verl\u00e4uft und praktisch keinen H\u00f6henunterschied aufweist. Die einzige echte Herausforderung kann der Wind sein.<\/strong><\/p><p data-start=\"502\" data-end=\"740\"><strong data-start=\"502\" data-end=\"511\">Start<\/strong>: Sanremo, Leichtathletikbahn \u2013 Pian di Poma<br data-start=\"555\" data-end=\"558\" \/><strong data-start=\"558\" data-end=\"569\">Strecke<\/strong>: Rad- und Fu\u00dfg\u00e4ngerstrecke des K\u00fcstenparks <em data-start=\"613\" data-end=\"632\">Riviera dei Fiori<\/em> innerhalb der Stadt Sanremo<br data-start=\"660\" data-end=\"663\" \/><strong data-start=\"663\" data-end=\"671\" data-is-only-node=\"\">Ziel<\/strong>: Sanremo, Leichtathletikbahn \u2013 Pian di Poma<br data-start=\"715\" data-end=\"718\" \/><strong data-start=\"718\" data-end=\"727\">L\u00e4nge<\/strong>: ca. 10 km<\/p><p data-start=\"742\" data-end=\"804\"><strong>Der Streckenverlauf des Sanremo Marathon \u223d10K (ca.) umfasst:<\/strong><\/p><ul data-start=\"806\" data-end=\"1423\" data-is-last-node=\"\" data-is-only-node=\"\"><li data-start=\"806\" data-end=\"870\"><p data-start=\"808\" data-end=\"870\">Start auf der Leichtathletikbahn von Pian di Poma in Sanremo<\/p><\/li><li data-start=\"871\" data-end=\"959\"><p data-start=\"873\" data-end=\"959\">Verlassen der Leichtathletikbahn und Einfahrt auf den Radweg in Richtung Ospedaletti<\/p><\/li><li data-start=\"960\" data-end=\"1058\"><p data-start=\"962\" data-end=\"1058\">Durchquerung der \u201eGalleria dei Campioni\u201c des Milano\u2013Sanremo-Radrennens unterhalb des Capo Nero<\/p><\/li><li data-start=\"1059\" data-end=\"1099\"><p data-start=\"1061\" data-end=\"1099\">Einfahrt in die Gemeinde Ospedaletti<\/p><\/li><li data-start=\"1100\" data-end=\"1140\"><p data-start=\"1102\" data-end=\"1140\">Wendepunkt in der N\u00e4he des Rathauses<\/p><\/li><li data-start=\"1141\" data-end=\"1203\"><p data-start=\"1143\" data-end=\"1203\">R\u00fcckkehr nach Sanremo ostw\u00e4rts vollst\u00e4ndig \u00fcber den Radweg<\/p><\/li><li data-start=\"1204\" data-end=\"1282\"><p data-start=\"1206\" data-end=\"1282\">Passage am Radweg von Pian di Poma und den Str\u00e4nden des Stadtviertels Foce<\/p><\/li><li data-start=\"1283\" data-end=\"1336\"><p data-start=\"1285\" data-end=\"1336\">Zweiter Wendepunkt auf H\u00f6he der Corso Imperatrice<\/p><\/li><li data-start=\"1337\" data-end=\"1359\"><p data-start=\"1339\" data-end=\"1359\">R\u00fcckkehr westw\u00e4rts<\/p><\/li><li data-start=\"1360\" data-end=\"1423\" data-is-last-node=\"\"><p data-start=\"1362\" data-end=\"1423\" data-is-last-node=\"\">Ziel auf der Leichtathletikbahn von Pian di Poma in Sanremo<\/p><\/li><\/ul><p>\u00a0<\/p><p>[\/et_pb_text][\/et_pb_column][\/et_pb_row][\/et_pb_section]<\/p>","_et_gb_content_width":"","footnotes":""},"class_list":["post-11923","page","type-page","status-publish","hentry"],"yoast_head":"<!-- This site is optimized with the Yoast SEO plugin v27.4 - https:\/\/yoast.com\/product\/yoast-seo-wordpress\/ -->\n<title>Strecke \u223d10 k | Sanremo Marathon 07.12.2025<\/title>\n<meta name=\"description\" content=\"Die Strecke des Sanremo 10 km (ca.) ist landschaftlich \u00e4u\u00dferst reizvoll, da sie auf der ehemaligen Eisenbahntrasse verl\u00e4uft und von Anfang bis Ende direkt am Meer entlangf\u00fchrt.\" \/>\n<meta name=\"robots\" content=\"index, follow, max-snippet:-1, max-image-preview:large, max-video-preview:-1\" \/>\n<link rel=\"canonical\" href=\"https:\/\/sanremomarathon.it\/de\/10k\/strecke-%e2%88%bd10-k\/\" \/>\n<meta property=\"og:locale\" content=\"de_DE\" \/>\n<meta property=\"og:type\" content=\"article\" \/>\n<meta property=\"og:title\" content=\"Strecke \u223d10 k | Sanremo Marathon 07.12.2025\" \/>\n<meta property=\"og:description\" content=\"Die Strecke des Sanremo 10 km (ca.) ist landschaftlich \u00e4u\u00dferst reizvoll, da sie auf der ehemaligen Eisenbahntrasse verl\u00e4uft und von Anfang bis Ende direkt am Meer entlangf\u00fchrt.\" \/>\n<meta property=\"og:url\" content=\"https:\/\/sanremomarathon.it\/de\/10k\/strecke-%e2%88%bd10-k\/\" \/>\n<meta property=\"og:site_name\" content=\"Sanremo Marathon 07.12.2025\" \/>\n<meta property=\"article:modified_time\" content=\"2025-11-14T10:35:01+00:00\" \/>\n<meta property=\"og:image\" content=\"https:\/\/sanremomarathon.it\/wp-content\/uploads\/2025\/11\/10K.jpg\" \/>\n\t<meta property=\"og:image:width\" content=\"1600\" \/>\n\t<meta property=\"og:image:height\" content=\"900\" \/>\n\t<meta property=\"og:image:type\" content=\"image\/jpeg\" \/>\n<meta name=\"twitter:label1\" content=\"Gesch\u00e4tzte Lesezeit\" \/>\n\t<meta name=\"twitter:data1\" content=\"2\u00a0Minuten\" \/>\n<script type=\"application\/ld+json\" class=\"yoast-schema-graph\">{\"@context\":\"https:\\\/\\\/schema.org\",\"@graph\":[{\"@type\":\"WebPage\",\"@id\":\"https:\\\/\\\/sanremomarathon.it\\\/de\\\/10k\\\/strecke-%e2%88%bd10-k\\\/\",\"url\":\"https:\\\/\\\/sanremomarathon.it\\\/de\\\/10k\\\/strecke-%e2%88%bd10-k\\\/\",\"name\":\"Strecke \u223d10 k | Sanremo Marathon 07.12.2025\",\"isPartOf\":{\"@id\":\"https:\\\/\\\/sanremomarathon.it\\\/de\\\/#website\"},\"primaryImageOfPage\":{\"@id\":\"https:\\\/\\\/sanremomarathon.it\\\/de\\\/10k\\\/strecke-%e2%88%bd10-k\\\/#primaryimage\"},\"image\":{\"@id\":\"https:\\\/\\\/sanremomarathon.it\\\/de\\\/10k\\\/strecke-%e2%88%bd10-k\\\/#primaryimage\"},\"thumbnailUrl\":\"https:\\\/\\\/sanremomarathon.it\\\/wp-content\\\/uploads\\\/2025\\\/11\\\/10K-1024x576.jpg\",\"datePublished\":\"2025-08-13T09:37:10+00:00\",\"dateModified\":\"2025-11-14T10:35:01+00:00\",\"description\":\"Die Strecke des Sanremo 10 km (ca.) ist landschaftlich \u00e4u\u00dferst reizvoll, da sie auf der ehemaligen Eisenbahntrasse verl\u00e4uft und von Anfang bis Ende direkt am Meer entlangf\u00fchrt.\",\"breadcrumb\":{\"@id\":\"https:\\\/\\\/sanremomarathon.it\\\/de\\\/10k\\\/strecke-%e2%88%bd10-k\\\/#breadcrumb\"},\"inLanguage\":\"de\",\"potentialAction\":[{\"@type\":\"ReadAction\",\"target\":[\"https:\\\/\\\/sanremomarathon.it\\\/de\\\/10k\\\/strecke-%e2%88%bd10-k\\\/\"]}]},{\"@type\":\"ImageObject\",\"inLanguage\":\"de\",\"@id\":\"https:\\\/\\\/sanremomarathon.it\\\/de\\\/10k\\\/strecke-%e2%88%bd10-k\\\/#primaryimage\",\"url\":\"https:\\\/\\\/sanremomarathon.it\\\/wp-content\\\/uploads\\\/2025\\\/11\\\/10K-1024x576.jpg\",\"contentUrl\":\"https:\\\/\\\/sanremomarathon.it\\\/wp-content\\\/uploads\\\/2025\\\/11\\\/10K-1024x576.jpg\"},{\"@type\":\"BreadcrumbList\",\"@id\":\"https:\\\/\\\/sanremomarathon.it\\\/de\\\/10k\\\/strecke-%e2%88%bd10-k\\\/#breadcrumb\",\"itemListElement\":[{\"@type\":\"ListItem\",\"position\":1,\"name\":\"Home\",\"item\":\"https:\\\/\\\/sanremomarathon.it\\\/de\\\/\"},{\"@type\":\"ListItem\",\"position\":2,\"name\":\"10K\",\"item\":\"https:\\\/\\\/sanremomarathon.it\\\/de\\\/10k\\\/\"},{\"@type\":\"ListItem\",\"position\":3,\"name\":\"Strecke \u223d10 k\"}]},{\"@type\":\"WebSite\",\"@id\":\"https:\\\/\\\/sanremomarathon.it\\\/de\\\/#website\",\"url\":\"https:\\\/\\\/sanremomarathon.it\\\/de\\\/\",\"name\":\"Sanremo Marathon 07.12.2025\",\"description\":\"42K | 21K | 10K | 5K | 2.5K | Family Run\",\"potentialAction\":[{\"@type\":\"SearchAction\",\"target\":{\"@type\":\"EntryPoint\",\"urlTemplate\":\"https:\\\/\\\/sanremomarathon.it\\\/de\\\/?s={search_term_string}\"},\"query-input\":{\"@type\":\"PropertyValueSpecification\",\"valueRequired\":true,\"valueName\":\"search_term_string\"}}],\"inLanguage\":\"de\"}]}<\/script>\n<!-- \/ Yoast SEO plugin. -->","yoast_head_json":{"title":"Strecke \u223d10 k | Sanremo Marathon 07.12.2025","description":"Die Strecke des Sanremo 10 km (ca.) ist landschaftlich \u00e4u\u00dferst reizvoll, da sie auf der ehemaligen Eisenbahntrasse verl\u00e4uft und von Anfang bis Ende direkt am Meer entlangf\u00fchrt.","robots":{"index":"index","follow":"follow","max-snippet":"max-snippet:-1","max-image-preview":"max-image-preview:large","max-video-preview":"max-video-preview:-1"},"canonical":"https:\/\/sanremomarathon.it\/de\/10k\/strecke-%e2%88%bd10-k\/","og_locale":"de_DE","og_type":"article","og_title":"Strecke \u223d10 k | Sanremo Marathon 07.12.2025","og_description":"Die Strecke des Sanremo 10 km (ca.) ist landschaftlich \u00e4u\u00dferst reizvoll, da sie auf der ehemaligen Eisenbahntrasse verl\u00e4uft und von Anfang bis Ende direkt am Meer entlangf\u00fchrt.","og_url":"https:\/\/sanremomarathon.it\/de\/10k\/strecke-%e2%88%bd10-k\/","og_site_name":"Sanremo Marathon 07.12.2025","article_modified_time":"2025-11-14T10:35:01+00:00","og_image":[{"width":1600,"height":900,"url":"https:\/\/sanremomarathon.it\/wp-content\/uploads\/2025\/11\/10K.jpg","type":"image\/jpeg"}],"twitter_misc":{"Gesch\u00e4tzte Lesezeit":"2\u00a0Minuten"},"schema":{"@context":"https:\/\/schema.org","@graph":[{"@type":"WebPage","@id":"https:\/\/sanremomarathon.it\/de\/10k\/strecke-%e2%88%bd10-k\/","url":"https:\/\/sanremomarathon.it\/de\/10k\/strecke-%e2%88%bd10-k\/","name":"Strecke \u223d10 k | Sanremo Marathon 07.12.2025","isPartOf":{"@id":"https:\/\/sanremomarathon.it\/de\/#website"},"primaryImageOfPage":{"@id":"https:\/\/sanremomarathon.it\/de\/10k\/strecke-%e2%88%bd10-k\/#primaryimage"},"image":{"@id":"https:\/\/sanremomarathon.it\/de\/10k\/strecke-%e2%88%bd10-k\/#primaryimage"},"thumbnailUrl":"https:\/\/sanremomarathon.it\/wp-content\/uploads\/2025\/11\/10K-1024x576.jpg","datePublished":"2025-08-13T09:37:10+00:00","dateModified":"2025-11-14T10:35:01+00:00","description":"Die Strecke des Sanremo 10 km (ca.) ist landschaftlich \u00e4u\u00dferst reizvoll, da sie auf der ehemaligen Eisenbahntrasse verl\u00e4uft und von Anfang bis Ende direkt am Meer entlangf\u00fchrt.","breadcrumb":{"@id":"https:\/\/sanremomarathon.it\/de\/10k\/strecke-%e2%88%bd10-k\/#breadcrumb"},"inLanguage":"de","potentialAction":[{"@type":"ReadAction","target":["https:\/\/sanremomarathon.it\/de\/10k\/strecke-%e2%88%bd10-k\/"]}]},{"@type":"ImageObject","inLanguage":"de","@id":"https:\/\/sanremomarathon.it\/de\/10k\/strecke-%e2%88%bd10-k\/#primaryimage","url":"https:\/\/sanremomarathon.it\/wp-content\/uploads\/2025\/11\/10K-1024x576.jpg","contentUrl":"https:\/\/sanremomarathon.it\/wp-content\/uploads\/2025\/11\/10K-1024x576.jpg"},{"@type":"BreadcrumbList","@id":"https:\/\/sanremomarathon.it\/de\/10k\/strecke-%e2%88%bd10-k\/#breadcrumb","itemListElement":[{"@type":"ListItem","position":1,"name":"Home","item":"https:\/\/sanremomarathon.it\/de\/"},{"@type":"ListItem","position":2,"name":"10K","item":"https:\/\/sanremomarathon.it\/de\/10k\/"},{"@type":"ListItem","position":3,"name":"Strecke \u223d10 k"}]},{"@type":"WebSite","@id":"https:\/\/sanremomarathon.it\/de\/#website","url":"https:\/\/sanremomarathon.it\/de\/","name":"Sanremo Marathon 07.12.2025","description":"42K | 21K | 10K | 5K | 2.5K | Family Run","potentialAction":[{"@type":"SearchAction","target":{"@type":"EntryPoint","urlTemplate":"https:\/\/sanremomarathon.it\/de\/?s={search_term_string}"},"query-input":{"@type":"PropertyValueSpecification","valueRequired":true,"valueName":"search_term_string"}}],"inLanguage":"de"}]}},"_links":{"self":[{"href":"https:\/\/sanremomarathon.it\/de\/wp-json\/wp\/v2\/pages\/11923","targetHints":{"allow":["GET"]}}],"collection":[{"href":"https:\/\/sanremomarathon.it\/de\/wp-json\/wp\/v2\/pages"}],"about":[{"href":"https:\/\/sanremomarathon.it\/de\/wp-json\/wp\/v2\/types\/page"}],"author":[{"embeddable":true,"href":"https:\/\/sanremomarathon.it\/de\/wp-json\/wp\/v2\/users\/21"}],"replies":[{"embeddable":true,"href":"https:\/\/sanremomarathon.it\/de\/wp-json\/wp\/v2\/comments?post=11923"}],"version-history":[{"count":3,"href":"https:\/\/sanremomarathon.it\/de\/wp-json\/wp\/v2\/pages\/11923\/revisions"}],"predecessor-version":[{"id":12719,"href":"https:\/\/sanremomarathon.it\/de\/wp-json\/wp\/v2\/pages\/11923\/revisions\/12719"}],"up":[{"embeddable":true,"href":"https:\/\/sanremomarathon.it\/de\/wp-json\/wp\/v2\/pages\/11919"}],"wp:attachment":[{"href":"https:\/\/sanremomarathon.it\/de\/wp-json\/wp\/v2\/media?parent=11923"}],"curies":[{"name":"wp","href":"https:\/\/api.w.org\/{rel}","templated":true}]}}