{"id":11881,"date":"2025-07-29T10:06:04","date_gmt":"2025-07-29T10:06:04","guid":{"rendered":"https:\/\/sanremomarathon.it\/?page_id=11881"},"modified":"2025-11-14T10:17:23","modified_gmt":"2025-11-14T10:17:23","slug":"strecke-sanremo-marathon","status":"publish","type":"page","link":"https:\/\/sanremomarathon.it\/de\/marathon\/strecke-sanremo-marathon\/","title":{"rendered":"Strecke Sanremo Marathon"},"content":{"rendered":"<p>[et_pb_section fb_built=&#8220;1&#8243; admin_label=&#8220;section&#8220; _builder_version=&#8220;4.16&#8243; global_colors_info=&#8220;{}&#8220;][et_pb_row admin_label=&#8220;row&#8220; _builder_version=&#8220;4.19.4&#8243; background_size=&#8220;initial&#8220; background_position=&#8220;top_left&#8220; background_repeat=&#8220;repeat&#8220; custom_padding=&#8220;40px||||false|false&#8220; global_colors_info=&#8220;{}&#8220;][et_pb_column type=&#8220;4_4&#8243; _builder_version=&#8220;4.16&#8243; custom_padding=&#8220;|||&#8220; global_colors_info=&#8220;{}&#8220; custom_padding__hover=&#8220;|||&#8220;][et_pb_text admin_label=&#8220;Text&#8220; _builder_version=&#8220;4.27.4&#8243; background_size=&#8220;initial&#8220; background_position=&#8220;top_left&#8220; background_repeat=&#8220;repeat&#8220; global_colors_info=&#8220;{}&#8220;]<\/p>\n<h1>Strecke Sanremo Marathon (42K)<\/h1>\n<h2>Die Strecke der Sanremo Marathon verl\u00e4uft entlang des Rad- und Fu\u00dfwegs des K\u00fcstenparks Riviera dei Fiori, von Sanremo mit Durchquerung der Gemeinden Ospedaletti, Taggia (Arma), Riva Ligure und Santo Stefano al Mare.<\/h2>\n<p><!--<\/p>\n\n\n\n\n<p><iframe loading=\"lazy\" style=\"border: 0;\" src=\"https:\/\/www.google.com\/maps\/embed?pb=!1m21!1m8!1m3!1d46052.46275061128!2d7.8222288!3d43.8293143!3m2!1i1024!2i768!4f13.1!4m10!1i0!3e2!4m3!3m2!1d43.8528173!2d7.9639093!4m3!3m2!1d43.8063794!2d7.7504323!5e0!3m2!1sit!2s!4v1407075865725\" width=\"600\" height=\"450\" frameborder=\"0\"><\/iframe><\/p>\n\n\n\n\n<p>--><\/p>\n<p>[\/et_pb_text][et_pb_text _builder_version=&#8220;4.27.4&#8243; _module_preset=&#8220;default&#8220; text_text_color=&#8220;#f2de5e&#8220; text_font_size=&#8220;16px&#8220; text_line_height=&#8220;1em&#8220; header_2_text_color=&#8220;#f2de5e&#8220; header_2_font_size=&#8220;18px&#8220; header_3_text_color=&#8220;#f2de5e&#8220; background_color=&#8220;#E02B20&#8243; custom_margin=&#8220;||||false|false&#8220; custom_padding=&#8220;40px|40px|40px|40px|false|false&#8220; global_colors_info=&#8220;{}&#8220;]<\/p>\n<h3 style=\"text-align: center;\" data-start=\"2169\" data-end=\"2191\"><strong data-start=\"2177\" data-end=\"2189\">ACHTUNG!<\/strong><\/h3>\n<h3 style=\"text-align: center;\" data-start=\"2192\" data-end=\"2254\"><strong data-start=\"2196\" data-end=\"2254\">\u00c4NDERUNG DER STRECKE F\u00dcR DEN MARATHON UND HALBMARATHON<\/strong><\/h3>\n<p style=\"text-align: center;\" data-start=\"2256\" data-end=\"2358\">Bitte beachten Sie, dass die Strecke des <strong data-start=\"2297\" data-end=\"2336\">Sanremo-Marathons und Halbmarathons<\/strong> <strong data-start=\"2337\" data-end=\"2349\">ge\u00e4ndert<\/strong> wurde.<\/p>\n<p style=\"text-align: center;\" data-start=\"2360\" data-end=\"2592\">Der Start erfolgt im <strong data-start=\"2381\" data-end=\"2423\">Leichtathletikstadion von Pian di Poma<\/strong>. Von dort f\u00fchrt die Strecke auf den <strong data-start=\"2460\" data-end=\"2470\">Radweg<\/strong> und verl\u00e4uft <strong data-start=\"2484\" data-end=\"2510\">in westlicher Richtung<\/strong> bis zum <strong data-start=\"2519\" data-end=\"2589\">Wendepunkt auf H\u00f6he des ehemaligen Bahn\u00fcbergangs in Arma di Taggia<\/strong>.<\/p>\n<p style=\"text-align: center;\" data-start=\"2594\" data-end=\"2744\">Nach der R\u00fcckkehr nach Sanremo f\u00fchrt die Strecke weiter <strong data-start=\"2650\" data-end=\"2697\">bis zum Tunnel an der Grenze zu Ospedaletti<\/strong>, wo sich der <strong data-start=\"2711\" data-end=\"2732\">zweite Wendepunkt<\/strong> befindet.<\/p>\n<p style=\"text-align: center;\" data-start=\"2746\" data-end=\"2870\">Anschlie\u00dfend kehren die L\u00e4ufer ins <strong data-start=\"2781\" data-end=\"2806\">Leichtathletikstadion<\/strong> zur\u00fcck, wo sie <strong data-start=\"2822\" data-end=\"2855\">die letzte Runde auf der Bahn<\/strong> absolvieren:<\/p>\n<p style=\"text-align: center;\" data-start=\"2873\" data-end=\"2919\">der <strong data-start=\"2877\" data-end=\"2899\">Halbmarathon (21K)<\/strong> endet im Stadion;<\/p>\n<p style=\"text-align: center;\" data-start=\"2922\" data-end=\"2993\">der <strong data-start=\"2926\" data-end=\"2944\">Marathon (42K)<\/strong> l\u00e4uft <strong data-start=\"2951\" data-end=\"2990\">eine zweite Runde derselben Strecke<\/strong>.<\/p>\n<p style=\"text-align: center;\" data-start=\"2995\" data-end=\"3161\"><strong data-start=\"2995\" data-end=\"3161\">Wir bitten alle Teilnehmer und Zuschauer, sich \u00fcber die \u00c4nderungen zu informieren und ihre Anreise sowie Unterst\u00fctzung entlang der Strecke entsprechend zu planen.<\/strong><\/p>\n<p>[\/et_pb_text][et_pb_text admin_label=&#8220;Text&#8220; _builder_version=&#8220;4.27.4&#8243; background_size=&#8220;initial&#8220; background_position=&#8220;top_left&#8220; background_repeat=&#8220;repeat&#8220; hover_enabled=&#8220;0&#8243; global_colors_info=&#8220;{}&#8220; sticky_enabled=&#8220;0&#8243;]<\/p>\n<p>&nbsp;<\/p>\n<p><a href=\"https:\/\/sanremomarathon.it\/wp-content\/uploads\/2025\/11\/42K-21K.jpg\"><img loading=\"lazy\" decoding=\"async\" src=\"https:\/\/sanremomarathon.it\/wp-content\/uploads\/2025\/11\/42K-21K-1024x576.jpg\" width=\"1024\" height=\"576\" alt=\"percorso\" class=\"wp-image-12698 aligncenter size-large\" srcset=\"https:\/\/sanremomarathon.it\/wp-content\/uploads\/2025\/11\/42K-21K-980x551.jpg 980w, https:\/\/sanremomarathon.it\/wp-content\/uploads\/2025\/11\/42K-21K-480x270.jpg 480w\" sizes=\"(min-width: 0px) and (max-width: 480px) 480px, (min-width: 481px) and (max-width: 980px) 980px, (min-width: 981px) 1024px, 100vw\" \/><\/a><\/p>\n<p>&nbsp;<\/p>\n<p><strong>Die Strecke der Sanremo Marathon ist \u00e4u\u00dferst malerisch, da sie dem alten Eisenbahntrassenverlauf entlang des Meeres folgt. Es handelt sich um eine sehr schnelle Strecke, die geradlinig verl\u00e4uft und nahezu ohne H\u00f6henunterschiede ist. Die einzige wirkliche Herausforderung kann der Wind sein.<\/strong><\/p>\n<ul>\n<li>Start des Marathons: <strong>Sanremo \u2013 Leichtathletikbahn, Strada Grande Torino \u2013 Pian di Poma<\/strong><\/li>\n<li>Strecke: <strong>Rad- und Fu\u00dfweg des K\u00fcstenparks Riviera dei Fiori<\/strong><\/li>\n<li>Ziel: <strong>Sanremo \u2013 Leichtathletikbahn<\/strong><\/li>\n<li>L\u00e4nge: <strong>42,195 km, von FIDAL homologiert<\/strong><\/li>\n<\/ul>\n<p>&nbsp;<\/p>\n<p><strong>Die Strecke der Sanremo Marathon 42K sieht Folgendes vor:<\/strong><\/p>\n<ul>\n<li data-start=\"901\" data-end=\"967\">\n<p data-start=\"903\" data-end=\"967\">Start innerhalb der Leichtathletikbahn Pian di Poma in Sanremo<\/p>\n<\/li>\n<li data-start=\"968\" data-end=\"1064\">\n<p data-start=\"970\" data-end=\"1064\">Verlassen der Leichtathletikbahn und Einfahrt in den Rad- und Fu\u00dfweg in Richtung Ospedaletti<\/p>\n<\/li>\n<li data-start=\"1065\" data-end=\"1124\">\n<p data-start=\"1067\" data-end=\"1124\">Wendepunkt auf H\u00f6he der Strandpromenade von Ospedaletti<\/p>\n<\/li>\n<li data-start=\"1125\" data-end=\"1178\">\n<p data-start=\"1127\" data-end=\"1178\">R\u00fcckkehr auf dem Rad- und Fu\u00dfweg Richtung Sanremo<\/p>\n<\/li>\n<li data-start=\"1179\" data-end=\"1232\">\n<p data-start=\"1181\" data-end=\"1232\">Verlassen des Rad- und Fu\u00dfwegs bei Corso Mombello<\/p>\n<\/li>\n<li data-start=\"1233\" data-end=\"1271\">\n<p data-start=\"1235\" data-end=\"1271\">Durchlauf vor dem Fort Santa Tecla<\/p>\n<\/li>\n<li data-start=\"1272\" data-end=\"1310\">\n<p data-start=\"1274\" data-end=\"1310\">Durchlauf entlang des Alten Hafens<\/p>\n<\/li>\n<li data-start=\"1311\" data-end=\"1349\">\n<p data-start=\"1313\" data-end=\"1349\">Einfahrt in Corso Trento e Trieste<\/p>\n<\/li>\n<li data-start=\"1350\" data-end=\"1414\">\n<p data-start=\"1352\" data-end=\"1414\">Weiterf\u00fchrung entlang der Uferstra\u00dfe Lungomare Nazario Sauro<\/p>\n<\/li>\n<li data-start=\"1415\" data-end=\"1489\">\n<p data-start=\"1417\" data-end=\"1489\">Wiedereinfahrt in den Rad- und Fu\u00dfweg auf H\u00f6he der Via Nobel (S\u00fcd-Ost)<\/p>\n<\/li>\n<li data-start=\"1490\" data-end=\"1563\">\n<p data-start=\"1492\" data-end=\"1563\">Weiterf\u00fchrung in Richtung Arma di Taggia entlang des Rad- und Fu\u00dfwegs<\/p>\n<\/li>\n<li>In Riva Ligure wird ein Stadtabschnitt genommen:\n<ul>\n<li>\u00dcberqueren des ehemaligen Bahn\u00fcbergangs immer auf dem Radweg bis zur Kreuzung Meeresseite mit der Via Giardino<\/li>\n<li>Durchgang unter dem Bogengang des Rathauses, Linksabbiegen in die Via Nino Bixio bis zur Kreuzung mit Via Marina an der Grenze zu Santo Stefano al Mare<\/li>\n<li>Rechtsabbiegen in die Via San Francesco und anschlie\u00dfend auf die neue Promenade Richtung Santo Stefano al Mare<\/li>\n<\/ul>\n<\/li>\n<li data-start=\"2009\" data-end=\"2179\">\n<p data-start=\"2011\" data-end=\"2179\">An der neuen Promenade an der Grenze zu Riva Ligure entlang der gesamten Uferstra\u00dfe C. Colombo, Gehweg benutzen und weiter auf dem Lungomare Gerolamo da Santo Stefano<\/p>\n<\/li>\n<li data-start=\"2180\" data-end=\"2297\">\n<p data-start=\"2182\" data-end=\"2297\">Abbiegen auf den Platz des Amphitheaters, weiterhin auf dem Gehweg, dann weiter auf dem Lungomare Cap. d\u2019Albertis<\/p>\n<\/li>\n<li data-start=\"2298\" data-end=\"2393\">\n<p data-start=\"2300\" data-end=\"2393\">Auf H\u00f6he des Friedhofs von Santo Stefano erneute Einfahrt in den Radweg in Richtung Imperia<\/p>\n<\/li>\n<li data-start=\"2394\" data-end=\"2446\">\n<p data-start=\"2396\" data-end=\"2446\">Wendepunkt innerhalb des Tunnels von San Lorenzo<\/p>\n<\/li>\n<li data-start=\"2447\" data-end=\"2508\">\n<p data-start=\"2449\" data-end=\"2508\">R\u00fcckkehr nach Sanremo vollst\u00e4ndig auf dem Rad- und Fu\u00dfweg<\/p>\n<\/li>\n<li data-start=\"2509\" data-end=\"2568\">\n<p data-start=\"2511\" data-end=\"2568\">Ziel auf der Leichtathletikbahn Pian di Poma in Sanremo<\/p>\n<\/li>\n<\/ul>\n<p>&nbsp;<\/p>\n<p><!--<\/p>\n\n\n\n\n<p><iframe loading=\"lazy\" style=\"border: 0;\" src=\"https:\/\/www.google.com\/maps\/embed?pb=!1m21!1m8!1m3!1d46052.46275061128!2d7.8222288!3d43.8293143!3m2!1i1024!2i768!4f13.1!4m10!1i0!3e2!4m3!3m2!1d43.8528173!2d7.9639093!4m3!3m2!1d43.8063794!2d7.7504323!5e0!3m2!1sit!2s!4v1407075865725\" width=\"600\" height=\"450\" frameborder=\"0\"><\/iframe><\/p>\n\n\n\n\n<p>--><\/p>\n<p>[\/et_pb_text][\/et_pb_column][\/et_pb_row][\/et_pb_section]<\/p>\n","protected":false},"excerpt":{"rendered":"<p>Strecke Sanremo Marathon (42K) Die Strecke der Sanremo Marathon verl\u00e4uft entlang des Rad- und Fu\u00dfwegs des K\u00fcstenparks Riviera dei Fiori, von Sanremo mit Durchquerung der Gemeinden Ospedaletti, Taggia (Arma), Riva Ligure und Santo Stefano al Mare. ACHTUNG! \u00c4NDERUNG DER STRECKE F\u00dcR DEN MARATHON UND HALBMARATHON Bitte beachten Sie, dass die Strecke des Sanremo-Marathons und Halbmarathons [&hellip;]<\/p>\n","protected":false},"author":21,"featured_media":0,"parent":11866,"menu_order":2,"comment_status":"open","ping_status":"closed","template":"","meta":{"_et_pb_use_builder":"on","_et_pb_old_content":"<p>[et_pb_section fb_built=\"1\" admin_label=\"section\" _builder_version=\"4.16\" global_colors_info=\"{}\"][et_pb_row admin_label=\"row\" _builder_version=\"4.19.4\" background_size=\"initial\" background_position=\"top_left\" background_repeat=\"repeat\" custom_padding=\"40px||||false|false\" global_colors_info=\"{}\"][et_pb_column type=\"4_4\" _builder_version=\"4.16\" custom_padding=\"|||\" global_colors_info=\"{}\" custom_padding__hover=\"|||\"][et_pb_text admin_label=\"Text\" _builder_version=\"4.21.0\" background_size=\"initial\" background_position=\"top_left\" background_repeat=\"repeat\" hover_enabled=\"0\" global_colors_info=\"{}\" sticky_enabled=\"0\"]<\/p><h1>Strecke Sanremo Marathon (42K)<\/h1><h2>Die Strecke der Sanremo Marathon verl\u00e4uft entlang des Rad- und Fu\u00dfwegs des K\u00fcstenparks Riviera dei Fiori, von Sanremo mit Durchquerung der Gemeinden Ospedaletti, Taggia (Arma), Riva Ligure und Santo Stefano al Mare.<\/h2><p>\u00a0<\/p><p><img class=\"aligncenter wp-image-8575 size-full\" src=\"https:\/\/sanremomarathon.it\/wp-content\/uploads\/2023\/07\/marathon-42-K-2023-Sanremo-Marathon-1.jpg\" alt=\"Marathon 42 KM Percorso Sanremo Marathon 2023\" width=\"1200\" height=\"675\" \/><\/p><p>\u00a0<\/p><p><strong>Die Strecke der Sanremo Marathon ist \u00e4u\u00dferst malerisch, da sie dem alten Eisenbahntrassenverlauf entlang des Meeres folgt. Es handelt sich um eine sehr schnelle Strecke, die geradlinig verl\u00e4uft und nahezu ohne H\u00f6henunterschiede ist. Die einzige wirkliche Herausforderung kann der Wind sein.<\/strong><\/p><ul><li>Start des Marathons: <strong>Sanremo \u2013 Leichtathletikbahn, Strada Grande Torino \u2013 Pian di Poma<\/strong><\/li><li>Strecke: <strong>Rad- und Fu\u00dfweg des K\u00fcstenparks Riviera dei Fiori<\/strong><\/li><li>Ziel: <strong>Sanremo \u2013 Leichtathletikbahn<\/strong><\/li><li>L\u00e4nge: <strong>42,195 km, von FIDAL homologiert<\/strong><\/li><\/ul><p>\u00a0<\/p><p><strong>Die Strecke der Sanremo Marathon 42K sieht Folgendes vor:<\/strong><\/p><ul><li data-start=\"901\" data-end=\"967\"><p data-start=\"903\" data-end=\"967\">Start innerhalb der Leichtathletikbahn Pian di Poma in Sanremo<\/p><\/li><li data-start=\"968\" data-end=\"1064\"><p data-start=\"970\" data-end=\"1064\">Verlassen der Leichtathletikbahn und Einfahrt in den Rad- und Fu\u00dfweg in Richtung Ospedaletti<\/p><\/li><li data-start=\"1065\" data-end=\"1124\"><p data-start=\"1067\" data-end=\"1124\">Wendepunkt auf H\u00f6he der Strandpromenade von Ospedaletti<\/p><\/li><li data-start=\"1125\" data-end=\"1178\"><p data-start=\"1127\" data-end=\"1178\">R\u00fcckkehr auf dem Rad- und Fu\u00dfweg Richtung Sanremo<\/p><\/li><li data-start=\"1179\" data-end=\"1232\"><p data-start=\"1181\" data-end=\"1232\">Verlassen des Rad- und Fu\u00dfwegs bei Corso Mombello<\/p><\/li><li data-start=\"1233\" data-end=\"1271\"><p data-start=\"1235\" data-end=\"1271\">Durchlauf vor dem Fort Santa Tecla<\/p><\/li><li data-start=\"1272\" data-end=\"1310\"><p data-start=\"1274\" data-end=\"1310\">Durchlauf entlang des Alten Hafens<\/p><\/li><li data-start=\"1311\" data-end=\"1349\"><p data-start=\"1313\" data-end=\"1349\">Einfahrt in Corso Trento e Trieste<\/p><\/li><li data-start=\"1350\" data-end=\"1414\"><p data-start=\"1352\" data-end=\"1414\">Weiterf\u00fchrung entlang der Uferstra\u00dfe Lungomare Nazario Sauro<\/p><\/li><li data-start=\"1415\" data-end=\"1489\"><p data-start=\"1417\" data-end=\"1489\">Wiedereinfahrt in den Rad- und Fu\u00dfweg auf H\u00f6he der Via Nobel (S\u00fcd-Ost)<\/p><\/li><li data-start=\"1490\" data-end=\"1563\"><p data-start=\"1492\" data-end=\"1563\">Weiterf\u00fchrung in Richtung Arma di Taggia entlang des Rad- und Fu\u00dfwegs<\/p><\/li><li>In Riva Ligure wird ein Stadtabschnitt genommen:<ul><li>\u00dcberqueren des ehemaligen Bahn\u00fcbergangs immer auf dem Radweg bis zur Kreuzung Meeresseite mit der Via Giardino<\/li><li>Durchgang unter dem Bogengang des Rathauses, Linksabbiegen in die Via Nino Bixio bis zur Kreuzung mit Via Marina an der Grenze zu Santo Stefano al Mare<\/li><li>Rechtsabbiegen in die Via San Francesco und anschlie\u00dfend auf die neue Promenade Richtung Santo Stefano al Mare<\/li><\/ul><\/li><li data-start=\"2009\" data-end=\"2179\"><p data-start=\"2011\" data-end=\"2179\">An der neuen Promenade an der Grenze zu Riva Ligure entlang der gesamten Uferstra\u00dfe C. Colombo, Gehweg benutzen und weiter auf dem Lungomare Gerolamo da Santo Stefano<\/p><\/li><li data-start=\"2180\" data-end=\"2297\"><p data-start=\"2182\" data-end=\"2297\">Abbiegen auf den Platz des Amphitheaters, weiterhin auf dem Gehweg, dann weiter auf dem Lungomare Cap. d\u2019Albertis<\/p><\/li><li data-start=\"2298\" data-end=\"2393\"><p data-start=\"2300\" data-end=\"2393\">Auf H\u00f6he des Friedhofs von Santo Stefano erneute Einfahrt in den Radweg in Richtung Imperia<\/p><\/li><li data-start=\"2394\" data-end=\"2446\"><p data-start=\"2396\" data-end=\"2446\">Wendepunkt innerhalb des Tunnels von San Lorenzo<\/p><\/li><li data-start=\"2447\" data-end=\"2508\"><p data-start=\"2449\" data-end=\"2508\">R\u00fcckkehr nach Sanremo vollst\u00e4ndig auf dem Rad- und Fu\u00dfweg<\/p><\/li><li data-start=\"2509\" data-end=\"2568\"><p data-start=\"2511\" data-end=\"2568\">Ziel auf der Leichtathletikbahn Pian di Poma in Sanremo<\/p><\/li><\/ul><p>\u00a0<\/p><p><!--<\/p>\r\n<p><iframe style=\"border: 0;\" src=\"https:\/\/www.google.com\/maps\/embed?pb=!1m21!1m8!1m3!1d46052.46275061128!2d7.8222288!3d43.8293143!3m2!1i1024!2i768!4f13.1!4m10!1i0!3e2!4m3!3m2!1d43.8528173!2d7.9639093!4m3!3m2!1d43.8063794!2d7.7504323!5e0!3m2!1sit!2s!4v1407075865725\" width=\"600\" height=\"450\" frameborder=\"0\"><\/iframe><\/p>\r\n<p>--><\/p><p>[\/et_pb_text][\/et_pb_column][\/et_pb_row][\/et_pb_section]<\/p>","_et_gb_content_width":"","footnotes":""},"class_list":["post-11881","page","type-page","status-publish","hentry"],"yoast_head":"<!-- This site is optimized with the Yoast SEO plugin v26.6 - https:\/\/yoast.com\/wordpress\/plugins\/seo\/ -->\n<title>Strecke Sanremo Marathon | Sanremo Marathon 06.12.2026<\/title>\n<meta name=\"description\" content=\"Die Strecke der Sanremo Marathon verl\u00e4uft entlang des Rad- und Fu\u00dfwegs des K\u00fcstenparks Riviera dei Fiori, von Sanremo mit Durchquerung der Gemeinden Ospedaletti, Taggia (Arma), Riva Ligure und Santo Stefano al Mare.\" \/>\n<meta name=\"robots\" content=\"index, follow, max-snippet:-1, max-image-preview:large, max-video-preview:-1\" \/>\n<link rel=\"canonical\" href=\"https:\/\/sanremomarathon.it\/de\/marathon\/strecke-sanremo-marathon\/\" \/>\n<meta property=\"og:locale\" content=\"de_DE\" \/>\n<meta property=\"og:type\" content=\"article\" \/>\n<meta property=\"og:title\" content=\"Strecke Sanremo Marathon | Sanremo Marathon 06.12.2026\" \/>\n<meta property=\"og:description\" content=\"Die Strecke der Sanremo Marathon verl\u00e4uft entlang des Rad- und Fu\u00dfwegs des K\u00fcstenparks Riviera dei Fiori, von Sanremo mit Durchquerung der Gemeinden Ospedaletti, Taggia (Arma), Riva Ligure und Santo Stefano al Mare.\" \/>\n<meta property=\"og:url\" content=\"https:\/\/sanremomarathon.it\/de\/marathon\/strecke-sanremo-marathon\/\" \/>\n<meta property=\"og:site_name\" content=\"Sanremo Marathon 06.12.2026\" \/>\n<meta property=\"article:modified_time\" content=\"2025-11-14T10:17:23+00:00\" \/>\n<meta property=\"og:image\" content=\"https:\/\/sanremomarathon.it\/wp-content\/uploads\/2025\/11\/42K-21K.jpg\" \/>\n\t<meta property=\"og:image:width\" content=\"1600\" \/>\n\t<meta property=\"og:image:height\" content=\"900\" \/>\n\t<meta property=\"og:image:type\" content=\"image\/jpeg\" \/>\n<meta name=\"twitter:label1\" content=\"Gesch\u00e4tzte Lesezeit\" \/>\n\t<meta name=\"twitter:data1\" content=\"3\u00a0Minuten\" \/>\n<script type=\"application\/ld+json\" class=\"yoast-schema-graph\">{\"@context\":\"https:\/\/schema.org\",\"@graph\":[{\"@type\":\"WebPage\",\"@id\":\"https:\/\/sanremomarathon.it\/de\/marathon\/strecke-sanremo-marathon\/\",\"url\":\"https:\/\/sanremomarathon.it\/de\/marathon\/strecke-sanremo-marathon\/\",\"name\":\"Strecke Sanremo Marathon | Sanremo Marathon 06.12.2026\",\"isPartOf\":{\"@id\":\"https:\/\/sanremomarathon.it\/de\/#website\"},\"primaryImageOfPage\":{\"@id\":\"https:\/\/sanremomarathon.it\/de\/marathon\/strecke-sanremo-marathon\/#primaryimage\"},\"image\":{\"@id\":\"https:\/\/sanremomarathon.it\/de\/marathon\/strecke-sanremo-marathon\/#primaryimage\"},\"thumbnailUrl\":\"https:\/\/sanremomarathon.it\/wp-content\/uploads\/2025\/11\/42K-21K-1024x576.jpg\",\"datePublished\":\"2025-07-29T10:06:04+00:00\",\"dateModified\":\"2025-11-14T10:17:23+00:00\",\"description\":\"Die Strecke der Sanremo Marathon verl\u00e4uft entlang des Rad- und Fu\u00dfwegs des K\u00fcstenparks Riviera dei Fiori, von Sanremo mit Durchquerung der Gemeinden Ospedaletti, Taggia (Arma), Riva Ligure und Santo Stefano al Mare.\",\"breadcrumb\":{\"@id\":\"https:\/\/sanremomarathon.it\/de\/marathon\/strecke-sanremo-marathon\/#breadcrumb\"},\"inLanguage\":\"de\",\"potentialAction\":[{\"@type\":\"ReadAction\",\"target\":[\"https:\/\/sanremomarathon.it\/de\/marathon\/strecke-sanremo-marathon\/\"]}]},{\"@type\":\"ImageObject\",\"inLanguage\":\"de\",\"@id\":\"https:\/\/sanremomarathon.it\/de\/marathon\/strecke-sanremo-marathon\/#primaryimage\",\"url\":\"https:\/\/sanremomarathon.it\/wp-content\/uploads\/2025\/11\/42K-21K-1024x576.jpg\",\"contentUrl\":\"https:\/\/sanremomarathon.it\/wp-content\/uploads\/2025\/11\/42K-21K-1024x576.jpg\"},{\"@type\":\"BreadcrumbList\",\"@id\":\"https:\/\/sanremomarathon.it\/de\/marathon\/strecke-sanremo-marathon\/#breadcrumb\",\"itemListElement\":[{\"@type\":\"ListItem\",\"position\":1,\"name\":\"Home\",\"item\":\"https:\/\/sanremomarathon.it\/de\/\"},{\"@type\":\"ListItem\",\"position\":2,\"name\":\"Sanremo Marathon\",\"item\":\"https:\/\/sanremomarathon.it\/de\/marathon\/\"},{\"@type\":\"ListItem\",\"position\":3,\"name\":\"Strecke Sanremo Marathon\"}]},{\"@type\":\"WebSite\",\"@id\":\"https:\/\/sanremomarathon.it\/de\/#website\",\"url\":\"https:\/\/sanremomarathon.it\/de\/\",\"name\":\"Sanremo Marathon 06.12.2026\",\"description\":\"42K | 21K | 10K | 5K | 2.5K | Family Run\",\"potentialAction\":[{\"@type\":\"SearchAction\",\"target\":{\"@type\":\"EntryPoint\",\"urlTemplate\":\"https:\/\/sanremomarathon.it\/de\/?s={search_term_string}\"},\"query-input\":{\"@type\":\"PropertyValueSpecification\",\"valueRequired\":true,\"valueName\":\"search_term_string\"}}],\"inLanguage\":\"de\"}]}<\/script>\n<!-- \/ Yoast SEO plugin. -->","yoast_head_json":{"title":"Strecke Sanremo Marathon | Sanremo Marathon 06.12.2026","description":"Die Strecke der Sanremo Marathon verl\u00e4uft entlang des Rad- und Fu\u00dfwegs des K\u00fcstenparks Riviera dei Fiori, von Sanremo mit Durchquerung der Gemeinden Ospedaletti, Taggia (Arma), Riva Ligure und Santo Stefano al Mare.","robots":{"index":"index","follow":"follow","max-snippet":"max-snippet:-1","max-image-preview":"max-image-preview:large","max-video-preview":"max-video-preview:-1"},"canonical":"https:\/\/sanremomarathon.it\/de\/marathon\/strecke-sanremo-marathon\/","og_locale":"de_DE","og_type":"article","og_title":"Strecke Sanremo Marathon | Sanremo Marathon 06.12.2026","og_description":"Die Strecke der Sanremo Marathon verl\u00e4uft entlang des Rad- und Fu\u00dfwegs des K\u00fcstenparks Riviera dei Fiori, von Sanremo mit Durchquerung der Gemeinden Ospedaletti, Taggia (Arma), Riva Ligure und Santo Stefano al Mare.","og_url":"https:\/\/sanremomarathon.it\/de\/marathon\/strecke-sanremo-marathon\/","og_site_name":"Sanremo Marathon 06.12.2026","article_modified_time":"2025-11-14T10:17:23+00:00","og_image":[{"width":1600,"height":900,"url":"https:\/\/sanremomarathon.it\/wp-content\/uploads\/2025\/11\/42K-21K.jpg","type":"image\/jpeg"}],"twitter_misc":{"Gesch\u00e4tzte Lesezeit":"3\u00a0Minuten"},"schema":{"@context":"https:\/\/schema.org","@graph":[{"@type":"WebPage","@id":"https:\/\/sanremomarathon.it\/de\/marathon\/strecke-sanremo-marathon\/","url":"https:\/\/sanremomarathon.it\/de\/marathon\/strecke-sanremo-marathon\/","name":"Strecke Sanremo Marathon | Sanremo Marathon 06.12.2026","isPartOf":{"@id":"https:\/\/sanremomarathon.it\/de\/#website"},"primaryImageOfPage":{"@id":"https:\/\/sanremomarathon.it\/de\/marathon\/strecke-sanremo-marathon\/#primaryimage"},"image":{"@id":"https:\/\/sanremomarathon.it\/de\/marathon\/strecke-sanremo-marathon\/#primaryimage"},"thumbnailUrl":"https:\/\/sanremomarathon.it\/wp-content\/uploads\/2025\/11\/42K-21K-1024x576.jpg","datePublished":"2025-07-29T10:06:04+00:00","dateModified":"2025-11-14T10:17:23+00:00","description":"Die Strecke der Sanremo Marathon verl\u00e4uft entlang des Rad- und Fu\u00dfwegs des K\u00fcstenparks Riviera dei Fiori, von Sanremo mit Durchquerung der Gemeinden Ospedaletti, Taggia (Arma), Riva Ligure und Santo Stefano al Mare.","breadcrumb":{"@id":"https:\/\/sanremomarathon.it\/de\/marathon\/strecke-sanremo-marathon\/#breadcrumb"},"inLanguage":"de","potentialAction":[{"@type":"ReadAction","target":["https:\/\/sanremomarathon.it\/de\/marathon\/strecke-sanremo-marathon\/"]}]},{"@type":"ImageObject","inLanguage":"de","@id":"https:\/\/sanremomarathon.it\/de\/marathon\/strecke-sanremo-marathon\/#primaryimage","url":"https:\/\/sanremomarathon.it\/wp-content\/uploads\/2025\/11\/42K-21K-1024x576.jpg","contentUrl":"https:\/\/sanremomarathon.it\/wp-content\/uploads\/2025\/11\/42K-21K-1024x576.jpg"},{"@type":"BreadcrumbList","@id":"https:\/\/sanremomarathon.it\/de\/marathon\/strecke-sanremo-marathon\/#breadcrumb","itemListElement":[{"@type":"ListItem","position":1,"name":"Home","item":"https:\/\/sanremomarathon.it\/de\/"},{"@type":"ListItem","position":2,"name":"Sanremo Marathon","item":"https:\/\/sanremomarathon.it\/de\/marathon\/"},{"@type":"ListItem","position":3,"name":"Strecke Sanremo Marathon"}]},{"@type":"WebSite","@id":"https:\/\/sanremomarathon.it\/de\/#website","url":"https:\/\/sanremomarathon.it\/de\/","name":"Sanremo Marathon 06.12.2026","description":"42K | 21K | 10K | 5K | 2.5K | Family Run","potentialAction":[{"@type":"SearchAction","target":{"@type":"EntryPoint","urlTemplate":"https:\/\/sanremomarathon.it\/de\/?s={search_term_string}"},"query-input":{"@type":"PropertyValueSpecification","valueRequired":true,"valueName":"search_term_string"}}],"inLanguage":"de"}]}},"_links":{"self":[{"href":"https:\/\/sanremomarathon.it\/de\/wp-json\/wp\/v2\/pages\/11881","targetHints":{"allow":["GET"]}}],"collection":[{"href":"https:\/\/sanremomarathon.it\/de\/wp-json\/wp\/v2\/pages"}],"about":[{"href":"https:\/\/sanremomarathon.it\/de\/wp-json\/wp\/v2\/types\/page"}],"author":[{"embeddable":true,"href":"https:\/\/sanremomarathon.it\/de\/wp-json\/wp\/v2\/users\/21"}],"replies":[{"embeddable":true,"href":"https:\/\/sanremomarathon.it\/de\/wp-json\/wp\/v2\/comments?post=11881"}],"version-history":[{"count":4,"href":"https:\/\/sanremomarathon.it\/de\/wp-json\/wp\/v2\/pages\/11881\/revisions"}],"predecessor-version":[{"id":12704,"href":"https:\/\/sanremomarathon.it\/de\/wp-json\/wp\/v2\/pages\/11881\/revisions\/12704"}],"up":[{"embeddable":true,"href":"https:\/\/sanremomarathon.it\/de\/wp-json\/wp\/v2\/pages\/11866"}],"wp:attachment":[{"href":"https:\/\/sanremomarathon.it\/de\/wp-json\/wp\/v2\/media?parent=11881"}],"curies":[{"name":"wp","href":"https:\/\/api.w.org\/{rel}","templated":true}]}}