{"id":11874,"date":"2025-07-29T09:50:48","date_gmt":"2025-07-29T09:50:48","guid":{"rendered":"https:\/\/sanremomarathon.it\/?page_id=11874"},"modified":"2025-12-03T17:41:00","modified_gmt":"2025-12-03T17:41:00","slug":"rennprogramm","status":"publish","type":"page","link":"https:\/\/sanremomarathon.it\/de\/marathon\/rennprogramm\/","title":{"rendered":"Rennprogramm"},"content":{"rendered":"<p>[et_pb_section fb_built=&#8220;1&#8243; _builder_version=&#8220;4.16&#8243; locked=&#8220;off&#8220; global_colors_info=&#8220;{}&#8220;][et_pb_row _builder_version=&#8220;4.27.4&#8243; _module_preset=&#8220;default&#8220; locked=&#8220;off&#8220; global_colors_info=&#8220;{}&#8220;][et_pb_column type=&#8220;4_4&#8243; _builder_version=&#8220;4.27.4&#8243; _module_preset=&#8220;default&#8220; global_colors_info=&#8220;{}&#8220;][et_pb_text _builder_version=&#8220;4.27.4&#8243; _module_preset=&#8220;default&#8220; text_text_color=&#8220;#f2de5e&#8220; text_font_size=&#8220;16px&#8220; text_line_height=&#8220;1em&#8220; header_2_text_color=&#8220;#f2de5e&#8220; header_2_font_size=&#8220;18px&#8220; header_3_text_color=&#8220;#f2de5e&#8220; background_color=&#8220;#FFFFFF&#8220; custom_margin=&#8220;||||false|false&#8220; custom_padding=&#8220;40px|40px|40px|40px|false|false&#8220; hover_enabled=&#8220;0&#8243; global_colors_info=&#8220;{}&#8220; sticky_enabled=&#8220;0&#8243;]<\/p>\n<h1 style=\"text-align: center;\">\n  Programm und Logistik der Rennen<\/p>\n<p>  SANREMO MARATHON<br \/>\n  42K | 21K | 10K<br \/>\n  &#038;<br \/>\n  Ospedaletti Run 5K &#038; Family Run<br \/>\n<\/h1>\n<p>[\/et_pb_text][\/et_pb_column][\/et_pb_row][et_pb_row _builder_version=&#8220;4.19.4&#8243; background_size=&#8220;initial&#8220; background_position=&#8220;top_left&#8220; background_repeat=&#8220;repeat&#8220; custom_padding=&#8220;40px||||false|false&#8220; global_colors_info=&#8220;{}&#8220;][et_pb_column type=&#8220;4_4&#8243; _builder_version=&#8220;4.16&#8243; custom_padding=&#8220;|||&#8220; global_colors_info=&#8220;{}&#8220; custom_padding__hover=&#8220;|||&#8220;][et_pb_text _builder_version=&#8220;4.27.4&#8243; _module_preset=&#8220;default&#8220; hover_enabled=&#8220;0&#8243; sticky_enabled=&#8220;0&#8243;]<\/p>\n<h4>OSPEDALETTI<\/4>[\/et_pb_text][et_pb_text admin_label=&#8220;OpenStreetMap&#8220; _builder_version=&#8220;4.27.4&#8243; _module_preset=&#8220;default&#8220; global_colors_info=&#8220;{}&#8220;]<iframe loading=\"lazy\" width=\"100%\" height=\"400px\" frameborder=\"0\" allowfullscreen allow=\"geolocation\" src=\"\/\/umap.openstreetmap.fr\/it\/map\/ospedaletti-run-map_1284048?scaleControl=false&#038;miniMap=false&#038;scrollWheelZoom=false&#038;zoomControl=true&#038;editMode=disabled&#038;moreControl=true&#038;searchControl=null&#038;tilelayersControl=null&#038;embedControl=null&#038;datalayersControl=true&#038;onLoadPanel=none&#038;captionBar=false&#038;captionMenus=true\"><\/iframe><\/p>\n<p><a href=\"\/\/umap.openstreetmap.fr\/it\/map\/ospedaletti-run-map_1284048?scaleControl=false&#038;miniMap=false&#038;scrollWheelZoom=true&#038;zoomControl=true&#038;editMode=disabled&#038;moreControl=true&#038;searchControl=null&#038;tilelayersControl=null&#038;embedControl=null&#038;datalayersControl=true&#038;onLoadPanel=none&#038;captionBar=false&#038;captionMenus=true\">Visualizza a schermo intero<\/a><\/p>\n<p>[\/et_pb_text][et_pb_text _builder_version=&#8220;4.27.4&#8243; background_size=&#8220;initial&#8220; background_position=&#8220;top_left&#8220; background_repeat=&#8220;repeat&#8220; hover_enabled=&#8220;0&#8243; global_colors_info=&#8220;{}&#8220; sticky_enabled=&#8220;0&#8243;]<\/p>\n<h4>Freitag, 5. Dezember<\/h4>\n<p><strong>Ort: La Piccola \u2013 ehemaliger G\u00fcterbahnhof, Via Cavalieri di Malta, Ospedaletti<\/strong><br \/><strong>14:30 \u2013 18:30<\/strong><\/p>\n<ul>\n<li>\n  <span style=\"font-size: 17px; background-color: yellow;\"><br \/>\n    Startnummernausgabe f\u00fcr 42K, 21K, 10K, 5K, 2.5K und Family Run<br \/>\n  <\/span><\/p>\n<p>&nbsp;<\/p>\n<\/li>\n<\/ul>\n<h4>Samstag, 6. Dezember<\/h4>\n<p><strong>Ort: La Piccola \u2013 ehemaliger G\u00fcterbahnhof, Via Cavalieri di Malta, Ospedaletti<\/strong><br \/><strong>10:00 \u2013 13:00 | 14:30 \u2013 18:30<\/strong><\/p>\n<ul>\n<li>\n  <span style=\"font-size: 17px; background-color: yellow;\"><br \/>\n    Startnummernausgabe f\u00fcr 42K, 21K, 10K, 5K, 2.5K und Family Run<br \/>\n  <\/span><\/p>\n<p>&nbsp;<\/p>\n<\/li>\n<\/ul>\n<p><strong>Startzeiten \u2013 OSPEDALETTI RUN<\/strong><br \/>\n<strong>Ort: Radweg vor La Piccola \u2013 ehemaliger G\u00fcterbahnhof, Via XX Settembre, Ospedaletti<\/strong><\/p>\n<p><strong>13:00<\/strong> \u2192 Ospedaletti Run 5K<\/p>\n<p><strong>14:00<\/strong> \u2192 Family Run &#038; Ospedaletti Run 2.5K<\/p>\n<p><strong>15:00<\/strong> \u2192 Siegerehrung der Gesamtsieger 5K, 2.5K und Family Run<br \/>\nim Anschluss, sobald die endg\u00fcltigen Ergebnisse verf\u00fcgbar sind<\/p>\n<p>[\/et_pb_text][\/et_pb_column][\/et_pb_row][et_pb_row _builder_version=&#8220;4.27.4&#8243; _module_preset=&#8220;default&#8220; global_colors_info=&#8220;{}&#8220;][et_pb_column type=&#8220;4_4&#8243; _builder_version=&#8220;4.27.4&#8243; _module_preset=&#8220;default&#8220; global_colors_info=&#8220;{}&#8220;][et_pb_text _builder_version=&#8220;4.27.4&#8243; _module_preset=&#8220;default&#8220; hover_enabled=&#8220;0&#8243; sticky_enabled=&#8220;0&#8243;]<\/p>\n<h4>SANREMO<\/h4>\n<p>[\/et_pb_text][et_pb_text admin_label=&#8220;OpenStreetMap&#8220; _builder_version=&#8220;4.27.4&#8243; _module_preset=&#8220;default&#8220; global_colors_info=&#8220;{}&#8220;]<\/p>\n<p><iframe loading=\"lazy\" src=\"\/\/umap.openstreetmap.fr\/it\/map\/sanremo-marathon-map_1284053?scaleControl=false&amp;miniMap=false&amp;scrollWheelZoom=false&amp;zoomControl=true&amp;editMode=disabled&amp;moreControl=true&amp;searchControl=null&amp;tilelayersControl=null&amp;embedControl=null&amp;datalayersControl=true&amp;onLoadPanel=none&amp;captionBar=false&amp;captionMenus=true\" width=\"100%\" height=\"400px\" frameborder=\"0\" allowfullscreen=\"allowfullscreen\"><\/iframe><a href=\"\/\/umap.openstreetmap.fr\/it\/map\/sanremo-marathon-map_1284053?scaleControl=false&amp;miniMap=false&amp;scrollWheelZoom=true&amp;zoomControl=true&amp;editMode=disabled&amp;moreControl=true&amp;searchControl=null&amp;tilelayersControl=null&amp;embedControl=null&amp;datalayersControl=true&amp;onLoadPanel=none&amp;captionBar=false&amp;captionMenus=true\">Visualizza a schermo intero<\/a><\/p>\n<p>[\/et_pb_text][et_pb_text _builder_version=&#8220;4.27.4&#8243; background_size=&#8220;initial&#8220; background_position=&#8220;top_left&#8220; background_repeat=&#8220;repeat&#8220; hover_enabled=&#8220;0&#8243; global_colors_info=&#8220;{}&#8220; sticky_enabled=&#8220;0&#8243;]<\/p>\n<h4>Sonntag, 7. Dezember<\/h4>\n<p><strong>Ort: Leichtathletikstadion Sanremo, Gebiet Pian di Poma, Via Grande Torino snc, Sanremo<\/strong><br \/><strong>7:00 \u2013 8:30<\/strong><\/p>\n<ul>\n<li>\n  <span style=\"font-size: 17px; background-color: yellow;\"><br \/>\n    Startnummernausgabe<br \/>\n    Es wird empfohlen, die Startnummern am Freitag und Samstag in Ospedaletti abzuholen<br \/>\n  <\/span>\n<\/li>\n<\/ul>\n<p>&nbsp;<\/p>\n<p><strong>Startzeiten:<\/strong><\/p>\n<p><strong>8:50<\/strong> \u2192 10K<\/p>\n<p><strong>9:00<\/strong> \u2192 42K und 21K<\/p>\n<p><strong>12:00<\/strong> \u2192 Siegerehrung der Gesamtsieger 42K, 21K, 10K<br \/>\nim Anschluss, sobald die endg\u00fcltigen Ergebnisse verf\u00fcgbar sind<\/p>\n<p>[\/et_pb_text][et_pb_image src=&#8220;https:\/\/sanremomarathon.it\/wp-content\/uploads\/2023\/09\/come-arrivare-a-sanremo-how-to-get-to-sanremo-comment-se-rendre-a-sanremo.jpg&#8220; alt=&#8220;Sanremo Marathon | Villaggio&#8220; title_text=&#8220;Sanremo Marathon | Villaggio&#8220; _builder_version=&#8220;4.27.4&#8243; _module_preset=&#8220;default&#8220; global_colors_info=&#8220;{}&#8220;][\/et_pb_image][\/et_pb_column][\/et_pb_row][\/et_pb_section]<\/p>\n","protected":false},"excerpt":{"rendered":"<p>Programm und Logistik der Rennen SANREMO MARATHON 42K | 21K | 10K &#038; Ospedaletti Run 5K &#038; Family Run OSPEDALETTIVisualizza a schermo interoFreitag, 5. Dezember Ort: La Piccola \u2013 ehemaliger G\u00fcterbahnhof, Via Cavalieri di Malta, Ospedaletti14:30 \u2013 18:30 Startnummernausgabe f\u00fcr 42K, 21K, 10K, 5K, 2.5K und Family Run &nbsp; Samstag, 6. Dezember Ort: La Piccola [&hellip;]<\/p>\n","protected":false},"author":21,"featured_media":0,"parent":11866,"menu_order":0,"comment_status":"closed","ping_status":"closed","template":"","meta":{"_et_pb_use_builder":"on","_et_pb_old_content":"<p>[et_pb_section fb_built=\"1\" _builder_version=\"4.16\" global_colors_info=\"{}\"][et_pb_row _builder_version=\"4.19.4\" background_size=\"initial\" background_position=\"top_left\" background_repeat=\"repeat\" custom_padding=\"40px||||false|false\" global_colors_info=\"{}\"][et_pb_column type=\"4_4\" _builder_version=\"4.16\" custom_padding=\"|||\" global_colors_info=\"{}\" custom_padding__hover=\"|||\"][et_pb_text admin_label=\"OpenStreetMap\" _builder_version=\"4.27.0\" _module_preset=\"default\" global_colors_info=\"{}\"]<\/p><p>[osm_map_v3 map_center=\"43.8058,7.7507\" zoom=\"16.0\" width=\"95%\" height=\"450\" post_markers=\"1\" ]<\/p><p>[\/et_pb_text][et_pb_text _builder_version=\"4.27.0\" background_size=\"initial\" background_position=\"top_left\" background_repeat=\"repeat\" hover_enabled=\"0\" global_colors_info=\"{}\" sticky_enabled=\"0\"]<\/p><h3>Programm und Logistik der SANREMO MARATHON<br \/>und der Nebenrennen<\/h3><h4>Freitag, 5. Dezember von 14:30 bis 18:00 Uhr<\/h4><ul><li>Neue Anmeldungen 42K, 21K, 10K, Family Run<\/li><li>Abholung der Startnummern 42K, 21K, 10K, Family Run<\/li><li>Abholung der Starterpakete<\/li><\/ul><p>Ort: Leichtathletikbahn \u2013 Pian di Poma \u2013 Sanremo<\/p><h4>Samstag, 6. Dezember<br \/>von 10:00 bis 13:00 Uhr und von 14:30 bis 18:00 Uhr<\/h4><ul><li>Neue Anmeldungen 42K, 21K, 10K, Family Run<\/li><li>Abholung der Startnummern 42K, 21K, 10K, Family Run<\/li><li>Abholung der Starterpakete<\/li><\/ul><p>Ort: Leichtathletikbahn \u2013 Pian di Poma \u2013 Sanremo<\/p><h3>OSPEDALETTI RUN: 5K und <span style=\"font-weight: 400;\">DOG RUN\u00a0<\/span><\/h3><h4>Samstag, 6. Dezember 2025<br \/>von 11:00 bis 14:00 Uhr<\/h4><ul><li>Anmeldungen f\u00fcr Ospedaletti Run 5K und Dog Run<\/li><li>Abholung der Startnummern 5K und Dog Run<\/li><li>Ort: Ospedaletti, ehemaliger G\u00fcterbahnhof der Eisenbahnstation<\/li><\/ul><p><strong>15:00 Uhr<\/strong><\/p><ul><li>Start Ospedaletti Run 5K<\/li><\/ul><p><strong>16:15 Uhr<\/strong><\/p><ul><li>Start Ospedaletti Dog Run 2,5K<\/li><\/ul><p>Ort: Ospedaletti, ehemaliger Bahnhof<\/p><h4>Sonntag, 7. Dezember von 07:00 bis 08:30 Uhr<\/h4><ul><li>Anmeldungen f\u00fcr 10K und Family Run<\/li><li>Abholung der Startnummern<\/li><\/ul><p>Ort: Leichtathletikbahn \u2013 Pian di Poma \u2013 Sanremo<\/p><p><strong>09:00 Uhr<\/strong><\/p><ul><li>Start 42K und 21K<\/li><\/ul><p>Ort: Leichtathletikbahn \u2013 Pian di Poma \u2013 Sanremo<\/p><p><strong>09:15 Uhr<\/strong><\/p><ul><li>Start 10K<\/li><\/ul><p><strong>09:05 Uhr<\/strong><\/p><ul><li>Start Family Run<\/li><\/ul><h3>SIEGEREHRUNGEN 42K, 21K, 5K, DOG RUN und FAMILY RUN<\/h3><h4>Samstag, 6. Dezember 2025<\/h4><p><strong>16:00 Uhr<\/strong><\/p><ul><li>Gesamtsieger 5K<\/li><\/ul><p>anschlie\u00dfend (sobald die endg\u00fcltigen Ranglisten verf\u00fcgbar sind)<\/p><p><strong>17:15 Uhr<\/strong><\/p><ul><li>Gesamtsieger Dog Run<\/li><\/ul><p>anschlie\u00dfend (sobald die endg\u00fcltigen Ranglisten verf\u00fcgbar sind)<\/p><h4>Sonntag, 7. Dezember 2025<\/h4><p><strong>12:00 Uhr<\/strong><\/p><ul><li>Gesamtsieger 42K, 21K, 5K und Family Run<\/li><\/ul><p>anschlie\u00dfend (sobald die endg\u00fcltigen Ranglisten verf\u00fcgbar sind)<\/p><ul><li>Kategoriesieger 42K und 21K (erste 3 jeder Kategorie)<\/li><\/ul><p>Ort: Leichtathletikbahn \u2013 Pian di Poma \u2013 Sanremo<\/p><h3>\u00a0<\/h3><p>\u00a0<\/p><p>[\/et_pb_text][et_pb_image src=\"https:\/\/sanremomarathon.it\/wp-content\/uploads\/2023\/09\/come-arrivare-a-sanremo-how-to-get-to-sanremo-comment-se-rendre-a-sanremo.jpg\" alt=\"Sanremo Marathon | Villaggio\" title_text=\"Sanremo Marathon | Villaggio\" _builder_version=\"4.27.0\" _module_preset=\"default\" hover_enabled=\"0\" global_colors_info=\"{}\" sticky_enabled=\"0\"][\/et_pb_image][\/et_pb_column][\/et_pb_row][\/et_pb_section]<\/p>","_et_gb_content_width":"","footnotes":""},"class_list":["post-11874","page","type-page","status-publish","hentry"],"yoast_head":"<!-- This site is optimized with the Yoast SEO plugin v27.4 - https:\/\/yoast.com\/product\/yoast-seo-wordpress\/ -->\n<title>Rennprogramm | Sanremo Marathon 07.12.2025<\/title>\n<meta name=\"description\" content=\"Hier ist das Rennprogramm der Sanremo Marathon entlang des Rad- und Fu\u00dfwegs Riviera dei Fiori in Sanremo: Marathon, 21K, 10K, 5K, Dog Run und Family Run.\" \/>\n<meta name=\"robots\" content=\"index, follow, max-snippet:-1, max-image-preview:large, max-video-preview:-1\" \/>\n<link rel=\"canonical\" href=\"https:\/\/sanremomarathon.it\/de\/marathon\/rennprogramm\/\" \/>\n<meta property=\"og:locale\" content=\"de_DE\" \/>\n<meta property=\"og:type\" content=\"article\" \/>\n<meta property=\"og:title\" content=\"Rennprogramm | Sanremo Marathon 07.12.2025\" \/>\n<meta property=\"og:description\" content=\"Hier ist das Rennprogramm der Sanremo Marathon entlang des Rad- und Fu\u00dfwegs Riviera dei Fiori in Sanremo: Marathon, 21K, 10K, 5K, Dog Run und Family Run.\" \/>\n<meta property=\"og:url\" content=\"https:\/\/sanremomarathon.it\/de\/marathon\/rennprogramm\/\" \/>\n<meta property=\"og:site_name\" content=\"Sanremo Marathon 07.12.2025\" \/>\n<meta property=\"article:modified_time\" content=\"2025-12-03T17:41:00+00:00\" \/>\n<meta name=\"twitter:label1\" content=\"Gesch\u00e4tzte Lesezeit\" \/>\n\t<meta name=\"twitter:data1\" content=\"2\u00a0Minuten\" \/>\n<script type=\"application\/ld+json\" class=\"yoast-schema-graph\">{\"@context\":\"https:\\\/\\\/schema.org\",\"@graph\":[{\"@type\":\"WebPage\",\"@id\":\"https:\\\/\\\/sanremomarathon.it\\\/de\\\/marathon\\\/rennprogramm\\\/\",\"url\":\"https:\\\/\\\/sanremomarathon.it\\\/de\\\/marathon\\\/rennprogramm\\\/\",\"name\":\"Rennprogramm | Sanremo Marathon 07.12.2025\",\"isPartOf\":{\"@id\":\"https:\\\/\\\/sanremomarathon.it\\\/de\\\/#website\"},\"datePublished\":\"2025-07-29T09:50:48+00:00\",\"dateModified\":\"2025-12-03T17:41:00+00:00\",\"description\":\"Hier ist das Rennprogramm der Sanremo Marathon entlang des Rad- und Fu\u00dfwegs Riviera dei Fiori in Sanremo: Marathon, 21K, 10K, 5K, Dog Run und Family Run.\",\"breadcrumb\":{\"@id\":\"https:\\\/\\\/sanremomarathon.it\\\/de\\\/marathon\\\/rennprogramm\\\/#breadcrumb\"},\"inLanguage\":\"de\",\"potentialAction\":[{\"@type\":\"ReadAction\",\"target\":[\"https:\\\/\\\/sanremomarathon.it\\\/de\\\/marathon\\\/rennprogramm\\\/\"]}]},{\"@type\":\"BreadcrumbList\",\"@id\":\"https:\\\/\\\/sanremomarathon.it\\\/de\\\/marathon\\\/rennprogramm\\\/#breadcrumb\",\"itemListElement\":[{\"@type\":\"ListItem\",\"position\":1,\"name\":\"Home\",\"item\":\"https:\\\/\\\/sanremomarathon.it\\\/de\\\/\"},{\"@type\":\"ListItem\",\"position\":2,\"name\":\"Sanremo Marathon\",\"item\":\"https:\\\/\\\/sanremomarathon.it\\\/de\\\/marathon\\\/\"},{\"@type\":\"ListItem\",\"position\":3,\"name\":\"Rennprogramm\"}]},{\"@type\":\"WebSite\",\"@id\":\"https:\\\/\\\/sanremomarathon.it\\\/de\\\/#website\",\"url\":\"https:\\\/\\\/sanremomarathon.it\\\/de\\\/\",\"name\":\"Sanremo Marathon 07.12.2025\",\"description\":\"42K | 21K | 10K | 5K | 2.5K | Family Run\",\"potentialAction\":[{\"@type\":\"SearchAction\",\"target\":{\"@type\":\"EntryPoint\",\"urlTemplate\":\"https:\\\/\\\/sanremomarathon.it\\\/de\\\/?s={search_term_string}\"},\"query-input\":{\"@type\":\"PropertyValueSpecification\",\"valueRequired\":true,\"valueName\":\"search_term_string\"}}],\"inLanguage\":\"de\"}]}<\/script>\n<!-- \/ Yoast SEO plugin. -->","yoast_head_json":{"title":"Rennprogramm | Sanremo Marathon 07.12.2025","description":"Hier ist das Rennprogramm der Sanremo Marathon entlang des Rad- und Fu\u00dfwegs Riviera dei Fiori in Sanremo: Marathon, 21K, 10K, 5K, Dog Run und Family Run.","robots":{"index":"index","follow":"follow","max-snippet":"max-snippet:-1","max-image-preview":"max-image-preview:large","max-video-preview":"max-video-preview:-1"},"canonical":"https:\/\/sanremomarathon.it\/de\/marathon\/rennprogramm\/","og_locale":"de_DE","og_type":"article","og_title":"Rennprogramm | Sanremo Marathon 07.12.2025","og_description":"Hier ist das Rennprogramm der Sanremo Marathon entlang des Rad- und Fu\u00dfwegs Riviera dei Fiori in Sanremo: Marathon, 21K, 10K, 5K, Dog Run und Family Run.","og_url":"https:\/\/sanremomarathon.it\/de\/marathon\/rennprogramm\/","og_site_name":"Sanremo Marathon 07.12.2025","article_modified_time":"2025-12-03T17:41:00+00:00","twitter_misc":{"Gesch\u00e4tzte Lesezeit":"2\u00a0Minuten"},"schema":{"@context":"https:\/\/schema.org","@graph":[{"@type":"WebPage","@id":"https:\/\/sanremomarathon.it\/de\/marathon\/rennprogramm\/","url":"https:\/\/sanremomarathon.it\/de\/marathon\/rennprogramm\/","name":"Rennprogramm | Sanremo Marathon 07.12.2025","isPartOf":{"@id":"https:\/\/sanremomarathon.it\/de\/#website"},"datePublished":"2025-07-29T09:50:48+00:00","dateModified":"2025-12-03T17:41:00+00:00","description":"Hier ist das Rennprogramm der Sanremo Marathon entlang des Rad- und Fu\u00dfwegs Riviera dei Fiori in Sanremo: Marathon, 21K, 10K, 5K, Dog Run und Family Run.","breadcrumb":{"@id":"https:\/\/sanremomarathon.it\/de\/marathon\/rennprogramm\/#breadcrumb"},"inLanguage":"de","potentialAction":[{"@type":"ReadAction","target":["https:\/\/sanremomarathon.it\/de\/marathon\/rennprogramm\/"]}]},{"@type":"BreadcrumbList","@id":"https:\/\/sanremomarathon.it\/de\/marathon\/rennprogramm\/#breadcrumb","itemListElement":[{"@type":"ListItem","position":1,"name":"Home","item":"https:\/\/sanremomarathon.it\/de\/"},{"@type":"ListItem","position":2,"name":"Sanremo Marathon","item":"https:\/\/sanremomarathon.it\/de\/marathon\/"},{"@type":"ListItem","position":3,"name":"Rennprogramm"}]},{"@type":"WebSite","@id":"https:\/\/sanremomarathon.it\/de\/#website","url":"https:\/\/sanremomarathon.it\/de\/","name":"Sanremo Marathon 07.12.2025","description":"42K | 21K | 10K | 5K | 2.5K | Family Run","potentialAction":[{"@type":"SearchAction","target":{"@type":"EntryPoint","urlTemplate":"https:\/\/sanremomarathon.it\/de\/?s={search_term_string}"},"query-input":{"@type":"PropertyValueSpecification","valueRequired":true,"valueName":"search_term_string"}}],"inLanguage":"de"}]}},"_links":{"self":[{"href":"https:\/\/sanremomarathon.it\/de\/wp-json\/wp\/v2\/pages\/11874","targetHints":{"allow":["GET"]}}],"collection":[{"href":"https:\/\/sanremomarathon.it\/de\/wp-json\/wp\/v2\/pages"}],"about":[{"href":"https:\/\/sanremomarathon.it\/de\/wp-json\/wp\/v2\/types\/page"}],"author":[{"embeddable":true,"href":"https:\/\/sanremomarathon.it\/de\/wp-json\/wp\/v2\/users\/21"}],"replies":[{"embeddable":true,"href":"https:\/\/sanremomarathon.it\/de\/wp-json\/wp\/v2\/comments?post=11874"}],"version-history":[{"count":7,"href":"https:\/\/sanremomarathon.it\/de\/wp-json\/wp\/v2\/pages\/11874\/revisions"}],"predecessor-version":[{"id":13099,"href":"https:\/\/sanremomarathon.it\/de\/wp-json\/wp\/v2\/pages\/11874\/revisions\/13099"}],"up":[{"embeddable":true,"href":"https:\/\/sanremomarathon.it\/de\/wp-json\/wp\/v2\/pages\/11866"}],"wp:attachment":[{"href":"https:\/\/sanremomarathon.it\/de\/wp-json\/wp\/v2\/media?parent=11874"}],"curies":[{"name":"wp","href":"https:\/\/api.w.org\/{rel}","templated":true}]}}